{"id":70,"date":"2017-07-11T18:35:21","date_gmt":"2017-07-11T16:35:21","guid":{"rendered":"http:\/\/www.hoki-sushi-herblay.com\/?page_id=70"},"modified":"2018-10-30T13:32:14","modified_gmt":"2018-10-30T12:32:14","slug":"menus-midi","status":"publish","type":"page","link":"https:\/\/www.hoki-sushi-herblay.com\/index.php\/menus-midi\/","title":{"rendered":"MENUS DU MIDI"},"content":{"rendered":"<h6><\/h6>\n<h6><i class=\"wp-svg-home home\"><\/i> <a href=\"http:\/\/www.hoki-sushi-herblay.com\/index.php\/menus\/\">voir aussi les autres menus<\/a><\/h6>\n<p>&nbsp;<\/p>\n<p>Les menus du midi sont propos\u00e9s du lundi au vendredi (sauf les\u00a0jours f\u00e9ri\u00e9s) de 12h \u00e0 16h30.<br \/>\nIls sont servis\u00a0avec 1 soupe, 1 salade et 1 riz.<\/p>\n<p>&nbsp;<\/p>\n<div class=\"mprm-container mprm-shortcode-items mprm-view-grid\">\n\t\t\t\t<div class=\"mprm-row\">\n\t\t\t\t<div class=\"mprm-remove-hentry mprm-columns mprm-four post-784 mp_menu_item type-mp_menu_item status-publish has-post-thumbnail mp_menu_category-menus-midi mp_ingredient-riz mp_ingredient-salade mp_ingredient-soupe mp_ingredient-2-boeuf-fromage mp_ingredient-4-brochettes-2-boulettes-de-poulet mprm-theme-mode mp-menu-item\">\n\t\t<img loading=\"lazy\" decoding=\"async\" width=\"400\" height=\"300\" src=\"https:\/\/www.hoki-sushi-herblay.com\/wp-content\/uploads\/2017\/07\/MD1-400x300.jpg\" class=\"mprm-image\" alt=\"\" \/>\n\t<div class=\"mprm-content-container mprm-title\">\n\t\t\t\t\t<b>MD1 - Brochettes viande<\/b>\n\t\t\t<\/div>\n\n\t<div class=\"mprm-ingredients mprm-content-container\">\n\t\t\t\t\t\t\t\t<span class=\"mprm-ingredient\">.1 riz<\/span>\n\t\t\t\t<span class=\"mprm-ingredients-delimiter\">\/<\/span>\n\t\t\t\t\t\t\t<span class=\"mprm-ingredient\">.1 salade<\/span>\n\t\t\t\t<span class=\"mprm-ingredients-delimiter\">\/<\/span>\n\t\t\t\t\t\t\t<span class=\"mprm-ingredient\">.1 soupe<\/span>\n\t\t\t\t<span class=\"mprm-ingredients-delimiter\">\/<\/span>\n\t\t\t\t\t\t\t<span class=\"mprm-ingredient\">2 b\u0153uf fromage)<\/span>\n\t\t\t\t<span class=\"mprm-ingredients-delimiter\">\/<\/span>\n\t\t\t\t\t\t\t<span class=\"mprm-ingredient\">4 brochettes (2 boulettes de poulet<\/span>\n\t\t\t\t<span class=\"mprm-ingredients-delimiter\">\/<\/span>\n\t\t\t\t<\/div>\n\t\t\t<div class=\"mprm-content-container\">\r\n\t\t\t<div class=\"mprm-price-container\">\r\n\t\t\t\t<span class=\"mprm-price\">&euro;11.00<\/span>\r\n\t\t\t<\/div>\r\n\t\t<\/div>\r\n\t\t<\/div>\n\t\t\t<div class=\"mprm-remove-hentry mprm-columns mprm-four post-793 mp_menu_item type-mp_menu_item status-publish has-post-thumbnail mp_menu_category-menus-midi mp_ingredient-riz mp_ingredient-salade mp_ingredient-soupe mp_ingredient-9-sashimi-saumon mprm-theme-mode mp-menu-item\">\n\t\t<img loading=\"lazy\" decoding=\"async\" width=\"400\" height=\"300\" src=\"https:\/\/www.hoki-sushi-herblay.com\/wp-content\/uploads\/2017\/07\/MD2-400x300.jpg\" class=\"mprm-image\" alt=\"\" \/>\n\t<div class=\"mprm-content-container mprm-title\">\n\t\t\t\t\t<b>MD2 - Sashimi saumon<\/b>\n\t\t\t<\/div>\n\n\t<div class=\"mprm-ingredients mprm-content-container\">\n\t\t\t\t\t\t\t\t<span class=\"mprm-ingredient\">.1 riz<\/span>\n\t\t\t\t<span class=\"mprm-ingredients-delimiter\">\/<\/span>\n\t\t\t\t\t\t\t<span class=\"mprm-ingredient\">.1 salade<\/span>\n\t\t\t\t<span class=\"mprm-ingredients-delimiter\">\/<\/span>\n\t\t\t\t\t\t\t<span class=\"mprm-ingredient\">.1 soupe<\/span>\n\t\t\t\t<span class=\"mprm-ingredients-delimiter\">\/<\/span>\n\t\t\t\t\t\t\t<span class=\"mprm-ingredient\">9 sashimi saumon<\/span>\n\t\t\t\t<span class=\"mprm-ingredients-delimiter\">\/<\/span>\n\t\t\t\t<\/div>\n\t\t\t<div class=\"mprm-content-container\">\r\n\t\t\t<div class=\"mprm-price-container\">\r\n\t\t\t\t<span class=\"mprm-price\">&euro;12.50<\/span>\r\n\t\t\t<\/div>\r\n\t\t<\/div>\r\n\t\t<\/div>\n\t\t\t<div class=\"mprm-remove-hentry mprm-columns mprm-four post-794 mp_menu_item type-mp_menu_item status-publish has-post-thumbnail mp_menu_category-menus-midi mp_ingredient-riz mp_ingredient-salade mp_ingredient-soupe mp_ingredient-4-sushi-saumon mp_ingredient-6-california-saumon-avocat mprm-theme-mode mp-menu-item\">\n\t\t<img loading=\"lazy\" decoding=\"async\" width=\"400\" height=\"300\" src=\"https:\/\/www.hoki-sushi-herblay.com\/wp-content\/uploads\/2017\/07\/MD3-400x300.jpg\" class=\"mprm-image\" alt=\"\" \/>\n\t<div class=\"mprm-content-container mprm-title\">\n\t\t\t\t\t<b>MD3 - California + sushi<\/b>\n\t\t\t<\/div>\n\n\t<div class=\"mprm-ingredients mprm-content-container\">\n\t\t\t\t\t\t\t\t<span class=\"mprm-ingredient\">.1 riz<\/span>\n\t\t\t\t<span class=\"mprm-ingredients-delimiter\">\/<\/span>\n\t\t\t\t\t\t\t<span class=\"mprm-ingredient\">.1 salade<\/span>\n\t\t\t\t<span class=\"mprm-ingredients-delimiter\">\/<\/span>\n\t\t\t\t\t\t\t<span class=\"mprm-ingredient\">.1 soupe<\/span>\n\t\t\t\t<span class=\"mprm-ingredients-delimiter\">\/<\/span>\n\t\t\t\t\t\t\t<span class=\"mprm-ingredient\">4 sushi saumon<\/span>\n\t\t\t\t<span class=\"mprm-ingredients-delimiter\">\/<\/span>\n\t\t\t\t\t\t\t<span class=\"mprm-ingredient\">6 California saumon-avocat<\/span>\n\t\t\t\t<span class=\"mprm-ingredients-delimiter\">\/<\/span>\n\t\t\t\t<\/div>\n\t\t\t<div class=\"mprm-content-container\">\r\n\t\t\t<div class=\"mprm-price-container\">\r\n\t\t\t\t<span class=\"mprm-price\">&euro;13.00<\/span>\r\n\t\t\t<\/div>\r\n\t\t<\/div>\r\n\t\t<\/div>\n\t\t\t\t<\/div>\n\t\t\t\t\t<div class=\"mprm-row\">\n\t\t\t\t<div class=\"mprm-remove-hentry mprm-columns mprm-four post-795 mp_menu_item type-mp_menu_item status-publish has-post-thumbnail mp_menu_category-menus-midi mp_ingredient-riz mp_ingredient-salade mp_ingredient-soupe mp_ingredient-2-brochettes-boulettes-de-poulet mp_ingredient-2-sushi-saumon mp_ingredient-6-maki-saumon mp_ingredient-boeuf-fromage mprm-theme-mode mp-menu-item\">\n\t\t<img loading=\"lazy\" decoding=\"async\" width=\"400\" height=\"300\" src=\"https:\/\/www.hoki-sushi-herblay.com\/wp-content\/uploads\/2017\/07\/MD4-400x300.jpg\" class=\"mprm-image\" alt=\"\" \/>\n\t<div class=\"mprm-content-container mprm-title\">\n\t\t\t\t\t<b>MD4 - Sushi + maki + brochettes<\/b>\n\t\t\t<\/div>\n\n\t<div class=\"mprm-ingredients mprm-content-container\">\n\t\t\t\t\t\t\t\t<span class=\"mprm-ingredient\">.1 riz<\/span>\n\t\t\t\t<span class=\"mprm-ingredients-delimiter\">\/<\/span>\n\t\t\t\t\t\t\t<span class=\"mprm-ingredient\">.1 salade<\/span>\n\t\t\t\t<span class=\"mprm-ingredients-delimiter\">\/<\/span>\n\t\t\t\t\t\t\t<span class=\"mprm-ingredient\">.1 soupe<\/span>\n\t\t\t\t<span class=\"mprm-ingredients-delimiter\">\/<\/span>\n\t\t\t\t\t\t\t<span class=\"mprm-ingredient\">2 brochettes (boulettes de poulet<\/span>\n\t\t\t\t<span class=\"mprm-ingredients-delimiter\">\/<\/span>\n\t\t\t\t\t\t\t<span class=\"mprm-ingredient\">2 sushi saumon<\/span>\n\t\t\t\t<span class=\"mprm-ingredients-delimiter\">\/<\/span>\n\t\t\t\t\t\t\t<span class=\"mprm-ingredient\">6 maki saumon<\/span>\n\t\t\t\t<span class=\"mprm-ingredients-delimiter\">\/<\/span>\n\t\t\t\t\t\t\t<span class=\"mprm-ingredient\">b\u0153uf fromage)<\/span>\n\t\t\t\t<span class=\"mprm-ingredients-delimiter\">\/<\/span>\n\t\t\t\t<\/div>\n\t\t\t<div class=\"mprm-content-container\">\r\n\t\t\t<div class=\"mprm-price-container\">\r\n\t\t\t\t<span class=\"mprm-price\">&euro;12.50<\/span>\r\n\t\t\t<\/div>\r\n\t\t<\/div>\r\n\t\t<\/div>\n\t\t\t<div class=\"mprm-remove-hentry mprm-columns mprm-four post-804 mp_menu_item type-mp_menu_item status-publish has-post-thumbnail mp_menu_category-menus-midi mp_ingredient-riz mp_ingredient-salade mp_ingredient-soupe mp_ingredient-3-thon mp_ingredient-6-california-thon-cuit mp_ingredient-6-maki-3-saumon mprm-theme-mode mp-menu-item\">\n\t\t<img loading=\"lazy\" decoding=\"async\" width=\"400\" height=\"300\" src=\"https:\/\/www.hoki-sushi-herblay.com\/wp-content\/uploads\/2017\/07\/MD5-400x300.jpg\" class=\"mprm-image\" alt=\"\" \/>\n\t<div class=\"mprm-content-container mprm-title\">\n\t\t\t\t\t<b>MD5 - California + maki<\/b>\n\t\t\t<\/div>\n\n\t<div class=\"mprm-ingredients mprm-content-container\">\n\t\t\t\t\t\t\t\t<span class=\"mprm-ingredient\">.1 riz<\/span>\n\t\t\t\t<span class=\"mprm-ingredients-delimiter\">\/<\/span>\n\t\t\t\t\t\t\t<span class=\"mprm-ingredient\">.1 salade<\/span>\n\t\t\t\t<span class=\"mprm-ingredients-delimiter\">\/<\/span>\n\t\t\t\t\t\t\t<span class=\"mprm-ingredient\">.1 soupe<\/span>\n\t\t\t\t<span class=\"mprm-ingredients-delimiter\">\/<\/span>\n\t\t\t\t\t\t\t<span class=\"mprm-ingredient\">3 thon)<\/span>\n\t\t\t\t<span class=\"mprm-ingredients-delimiter\">\/<\/span>\n\t\t\t\t\t\t\t<span class=\"mprm-ingredient\">6 California thon cuit<\/span>\n\t\t\t\t<span class=\"mprm-ingredients-delimiter\">\/<\/span>\n\t\t\t\t\t\t\t<span class=\"mprm-ingredient\">6 maki (3 saumon<\/span>\n\t\t\t\t<span class=\"mprm-ingredients-delimiter\">\/<\/span>\n\t\t\t\t<\/div>\n\t\t\t<div class=\"mprm-content-container\">\r\n\t\t\t<div class=\"mprm-price-container\">\r\n\t\t\t\t<span class=\"mprm-price\">&euro;12.00<\/span>\r\n\t\t\t<\/div>\r\n\t\t<\/div>\r\n\t\t<\/div>\n\t\t\t<div class=\"mprm-remove-hentry mprm-columns mprm-four post-805 mp_menu_item type-mp_menu_item status-publish has-post-thumbnail mp_menu_category-menus-midi mp_ingredient-riz mp_ingredient-salade mp_ingredient-soupe mp_ingredient-2-brochettes-boeuf-fromage mp_ingredient-3-sashimi-saumon mp_ingredient-6-california-saumon-avocat mprm-theme-mode mp-menu-item\">\n\t\t<img loading=\"lazy\" decoding=\"async\" width=\"400\" height=\"300\" src=\"https:\/\/www.hoki-sushi-herblay.com\/wp-content\/uploads\/2017\/07\/MD6-400x300.jpg\" class=\"mprm-image\" alt=\"\" \/>\n\t<div class=\"mprm-content-container mprm-title\">\n\t\t\t\t\t<b>MD6 - California +sashimi + brochettes<\/b>\n\t\t\t<\/div>\n\n\t<div class=\"mprm-ingredients mprm-content-container\">\n\t\t\t\t\t\t\t\t<span class=\"mprm-ingredient\">.1 riz<\/span>\n\t\t\t\t<span class=\"mprm-ingredients-delimiter\">\/<\/span>\n\t\t\t\t\t\t\t<span class=\"mprm-ingredient\">.1 salade<\/span>\n\t\t\t\t<span class=\"mprm-ingredients-delimiter\">\/<\/span>\n\t\t\t\t\t\t\t<span class=\"mprm-ingredient\">.1 soupe<\/span>\n\t\t\t\t<span class=\"mprm-ingredients-delimiter\">\/<\/span>\n\t\t\t\t\t\t\t<span class=\"mprm-ingredient\">2 brochettes b\u0153uf fromage<\/span>\n\t\t\t\t<span class=\"mprm-ingredients-delimiter\">\/<\/span>\n\t\t\t\t\t\t\t<span class=\"mprm-ingredient\">3 sashimi saumon<\/span>\n\t\t\t\t<span class=\"mprm-ingredients-delimiter\">\/<\/span>\n\t\t\t\t\t\t\t<span class=\"mprm-ingredient\">6 California saumon-avocat<\/span>\n\t\t\t\t<span class=\"mprm-ingredients-delimiter\">\/<\/span>\n\t\t\t\t<\/div>\n\t\t\t<div class=\"mprm-content-container\">\r\n\t\t\t<div class=\"mprm-price-container\">\r\n\t\t\t\t<span class=\"mprm-price\">&euro;13.50<\/span>\r\n\t\t\t<\/div>\r\n\t\t<\/div>\r\n\t\t<\/div>\n\t\t\t\t<\/div>\n\t\t\t\t\t<div class=\"mprm-row\">\n\t\t\t\t<div class=\"mprm-remove-hentry mprm-columns mprm-four post-806 mp_menu_item type-mp_menu_item status-publish has-post-thumbnail mp_menu_category-menus-midi mp_ingredient-riz mp_ingredient-salade mp_ingredient-soupe mp_ingredient-2-saumon mp_ingredient-2-thon mprm-theme-mode mp-menu-item\">\n\t\t<img loading=\"lazy\" decoding=\"async\" width=\"400\" height=\"300\" src=\"https:\/\/www.hoki-sushi-herblay.com\/wp-content\/uploads\/2017\/07\/MD7-400x300.jpg\" class=\"mprm-image\" alt=\"\" \/>\n\t<div class=\"mprm-content-container mprm-title\">\n\t\t\t\t\t<b>MD7 - Brochettes poisson<\/b>\n\t\t\t<\/div>\n\n\t<div class=\"mprm-ingredients mprm-content-container\">\n\t\t\t\t\t\t\t\t<span class=\"mprm-ingredient\">.1 riz<\/span>\n\t\t\t\t<span class=\"mprm-ingredients-delimiter\">\/<\/span>\n\t\t\t\t\t\t\t<span class=\"mprm-ingredient\">.1 salade<\/span>\n\t\t\t\t<span class=\"mprm-ingredients-delimiter\">\/<\/span>\n\t\t\t\t\t\t\t<span class=\"mprm-ingredient\">.1 soupe<\/span>\n\t\t\t\t<span class=\"mprm-ingredients-delimiter\">\/<\/span>\n\t\t\t\t\t\t\t<span class=\"mprm-ingredient\">2 saumon)<\/span>\n\t\t\t\t<span class=\"mprm-ingredients-delimiter\">\/<\/span>\n\t\t\t\t\t\t\t<span class=\"mprm-ingredient\">2 thon)<\/span>\n\t\t\t\t<span class=\"mprm-ingredients-delimiter\">\/<\/span>\n\t\t\t\t<\/div>\n\t\t\t<div class=\"mprm-content-container\">\r\n\t\t\t<div class=\"mprm-price-container\">\r\n\t\t\t\t<span class=\"mprm-price\">&euro;12.50<\/span>\r\n\t\t\t<\/div>\r\n\t\t<\/div>\r\n\t\t<\/div>\n\t\t\t<div class=\"mprm-remove-hentry mprm-columns mprm-four post-807 mp_menu_item type-mp_menu_item status-publish has-post-thumbnail mp_menu_category-menus-midi mp_ingredient-riz mp_ingredient-salade mp_ingredient-soupe mp_ingredient-2-brochettes-boeuf-fromage mp_ingredient-6-gyoza-raviolis-poulet mprm-theme-mode mp-menu-item\">\n\t\t<img loading=\"lazy\" decoding=\"async\" width=\"400\" height=\"300\" src=\"https:\/\/www.hoki-sushi-herblay.com\/wp-content\/uploads\/2017\/07\/MD8-400x300.jpg\" class=\"mprm-image\" alt=\"\" \/>\n\t<div class=\"mprm-content-container mprm-title\">\n\t\t\t\t\t<b>MD8 - Gyoza + brochettes<\/b>\n\t\t\t<\/div>\n\n\t<div class=\"mprm-ingredients mprm-content-container\">\n\t\t\t\t\t\t\t\t<span class=\"mprm-ingredient\">.1 riz<\/span>\n\t\t\t\t<span class=\"mprm-ingredients-delimiter\">\/<\/span>\n\t\t\t\t\t\t\t<span class=\"mprm-ingredient\">.1 salade<\/span>\n\t\t\t\t<span class=\"mprm-ingredients-delimiter\">\/<\/span>\n\t\t\t\t\t\t\t<span class=\"mprm-ingredient\">.1 soupe<\/span>\n\t\t\t\t<span class=\"mprm-ingredients-delimiter\">\/<\/span>\n\t\t\t\t\t\t\t<span class=\"mprm-ingredient\">2 brochettes b\u0153uf fromage<\/span>\n\t\t\t\t<span class=\"mprm-ingredients-delimiter\">\/<\/span>\n\t\t\t\t\t\t\t<span class=\"mprm-ingredient\">6 gyoza (raviolis poulet)<\/span>\n\t\t\t\t<span class=\"mprm-ingredients-delimiter\">\/<\/span>\n\t\t\t\t<\/div>\n\t\t\t<div class=\"mprm-content-container\">\r\n\t\t\t<div class=\"mprm-price-container\">\r\n\t\t\t\t<span class=\"mprm-price\">&euro;12.50<\/span>\r\n\t\t\t<\/div>\r\n\t\t<\/div>\r\n\t\t<\/div>\n\t\t\t\t<\/div>\n\t\t<\/div>\n<p>&nbsp;<\/p>\n<h3>Brunch tous les dimanches midi<\/h3>\n<p>&nbsp;<\/p>\n","protected":false},"excerpt":{"rendered":"<p>voir aussi les autres menus &nbsp; Les menus du midi sont propos\u00e9s du lundi au vendredi (sauf les\u00a0jours f\u00e9ri\u00e9s) de 12h \u00e0 16h30. Ils sont servis\u00a0avec 1 soupe, 1 salade [&hellip;]<\/p>\n","protected":false},"author":1,"featured_media":1070,"parent":0,"menu_order":0,"comment_status":"closed","ping_status":"closed","template":"","meta":{"footnotes":""},"_links":{"self":[{"href":"https:\/\/www.hoki-sushi-herblay.com\/index.php\/wp-json\/wp\/v2\/pages\/70"}],"collection":[{"href":"https:\/\/www.hoki-sushi-herblay.com\/index.php\/wp-json\/wp\/v2\/pages"}],"about":[{"href":"https:\/\/www.hoki-sushi-herblay.com\/index.php\/wp-json\/wp\/v2\/types\/page"}],"author":[{"embeddable":true,"href":"https:\/\/www.hoki-sushi-herblay.com\/index.php\/wp-json\/wp\/v2\/users\/1"}],"replies":[{"embeddable":true,"href":"https:\/\/www.hoki-sushi-herblay.com\/index.php\/wp-json\/wp\/v2\/comments?post=70"}],"version-history":[{"count":13,"href":"https:\/\/www.hoki-sushi-herblay.com\/index.php\/wp-json\/wp\/v2\/pages\/70\/revisions"}],"predecessor-version":[{"id":1437,"href":"https:\/\/www.hoki-sushi-herblay.com\/index.php\/wp-json\/wp\/v2\/pages\/70\/revisions\/1437"}],"wp:featuredmedia":[{"embeddable":true,"href":"https:\/\/www.hoki-sushi-herblay.com\/index.php\/wp-json\/wp\/v2\/media\/1070"}],"wp:attachment":[{"href":"https:\/\/www.hoki-sushi-herblay.com\/index.php\/wp-json\/wp\/v2\/media?parent=70"}],"curies":[{"name":"wp","href":"https:\/\/api.w.org\/{rel}","templated":true}]}}