{"id":45,"date":"2017-07-03T02:02:15","date_gmt":"2017-07-03T00:02:15","guid":{"rendered":"http:\/\/www.hoki-sushi-herblay.com\/?page_id=45"},"modified":"2022-09-17T19:45:38","modified_gmt":"2022-09-17T17:45:38","slug":"cocktail","status":"publish","type":"page","link":"https:\/\/www.hoki-sushi-herblay.com\/index.php\/boissons-2\/cocktail\/","title":{"rendered":"SPECIAL COCKTAILS"},"content":{"rendered":"<div id=\"pl-45\"  class=\"panel-layout\" ><div id=\"pg-45-0\"  class=\"panel-grid panel-no-style\" ><div id=\"pgc-45-0-0\"  class=\"panel-grid-cell panel-grid-cell-empty\" ><\/div><\/div><div id=\"pg-45-1\"  class=\"panel-grid panel-no-style\" ><div id=\"pgc-45-1-0\"  class=\"panel-grid-cell\" ><div id=\"panel-45-1-0-0\" class=\"so-panel widget widget_sow-editor panel-first-child panel-last-child\" data-index=\"0\" ><div\n\t\t\t\n\t\t\tclass=\"so-widget-sow-editor so-widget-sow-editor-base\"\n\t\t\t\n\t\t><h3 class=\"widget-title\">Cocktails sans alcool<\/h3>\n<div class=\"siteorigin-widget-tinymce textwidget\">\n\t<\/div>\n<\/div><\/div><\/div><\/div><div id=\"pg-45-2\"  class=\"panel-grid panel-no-style\" ><div id=\"pgc-45-2-0\"  class=\"panel-grid-cell\" ><div id=\"panel-45-2-0-0\" class=\"so-panel widget widget_sow-editor panel-first-child panel-last-child\" data-index=\"1\" ><div\n\t\t\t\n\t\t\tclass=\"so-widget-sow-editor so-widget-sow-editor-base\"\n\t\t\t\n\t\t>\n<div class=\"siteorigin-widget-tinymce textwidget\">\n\t<h5 style=\"text-align: center;\"><img loading=\"lazy\" decoding=\"async\" class=\"aligncenter size-full wp-image-1944\" src=\"http:\/\/www.hoki-sushi-herblay.com\/wp-content\/uploads\/2022\/09\/vip-2.jpg\" alt=\"\" width=\"145\" height=\"200\" \/><\/h5>\n<h5>VIP (sans alcool) -\u00a0 6.00 \u20ac<\/h5>\n<p>M\u00e9lange subtil au jus d'orange,<br \/>\nsaveurs litchi, rose et framboise<\/p>\n<\/div>\n<\/div><\/div><\/div><div id=\"pgc-45-2-1\"  class=\"panel-grid-cell\" ><div id=\"panel-45-2-1-0\" class=\"so-panel widget widget_sow-editor panel-first-child panel-last-child\" data-index=\"2\" ><div\n\t\t\t\n\t\t\tclass=\"so-widget-sow-editor so-widget-sow-editor-base\"\n\t\t\t\n\t\t>\n<div class=\"siteorigin-widget-tinymce textwidget\">\n\t<h5 style=\"text-align: center;\"><img loading=\"lazy\" decoding=\"async\" class=\"aligncenter size-full wp-image-1941\" src=\"http:\/\/www.hoki-sushi-herblay.com\/wp-content\/uploads\/2022\/09\/paradise-dream2.jpg\" alt=\"\" width=\"145\" height=\"200\" \/><\/h5>\n<h5>Paradise Dream -\u00a0 6.00 \u20ac<\/h5>\n<p>Jus d'ananas<br \/>\nCascade de saveurs : fraise, framboise, grenadine et p\u00eache blanche<\/p>\n<\/div>\n<\/div><\/div><\/div><div id=\"pgc-45-2-2\"  class=\"panel-grid-cell\" ><div id=\"panel-45-2-2-0\" class=\"so-panel widget widget_sow-editor panel-first-child panel-last-child\" data-index=\"3\" ><div\n\t\t\t\n\t\t\tclass=\"so-widget-sow-editor so-widget-sow-editor-base\"\n\t\t\t\n\t\t>\n<div class=\"siteorigin-widget-tinymce textwidget\">\n\t<h5 style=\"text-align: center;\"><img loading=\"lazy\" decoding=\"async\" class=\"alignnone size-full wp-image-1385\" src=\"http:\/\/www.hoki-sushi-herblay.com\/wp-content\/uploads\/2017\/09\/caribbean-sun.jpg\" alt=\"\" width=\"145\" height=\"200\" \/><\/h5>\n<h5>Caribbean Sun -\u00a0 6.00 \u20ac<\/h5>\n<p>Tourbillon exotique au jus d'orange,<br \/>\nparfums mangue, fruits de la passion, papaye et kiwi.<\/p>\n<\/div>\n<\/div><\/div><\/div><\/div><div id=\"pg-45-3\"  class=\"panel-grid panel-no-style\" ><div id=\"pgc-45-3-0\"  class=\"panel-grid-cell\" ><div id=\"panel-45-3-0-0\" class=\"so-panel widget widget_sow-editor panel-first-child panel-last-child\" data-index=\"4\" ><div\n\t\t\t\n\t\t\tclass=\"so-widget-sow-editor so-widget-sow-editor-base\"\n\t\t\t\n\t\t>\n<div class=\"siteorigin-widget-tinymce textwidget\">\n\t<h5 style=\"text-align: center;\"><img loading=\"lazy\" decoding=\"async\" class=\"alignnone size-full wp-image-1387\" src=\"http:\/\/www.hoki-sushi-herblay.com\/wp-content\/uploads\/2017\/09\/jungle-green.jpg\" alt=\"\" width=\"145\" height=\"200\" \/><\/h5>\n<h5>Jungle green -\u00a0 6.00 \u20ac<\/h5>\n<p>Exp\u00e9dition sauvage au jus d'orange,<br \/>\ngo\u00fbts kiwi, banane, pomme verte et alo\u00e9 vera<\/p>\n<\/div>\n<\/div><\/div><\/div><div id=\"pgc-45-3-1\"  class=\"panel-grid-cell\" ><div id=\"panel-45-3-1-0\" class=\"so-panel widget widget_sow-editor panel-first-child panel-last-child\" data-index=\"5\" ><div\n\t\t\t\n\t\t\tclass=\"so-widget-sow-editor so-widget-sow-editor-base\"\n\t\t\t\n\t\t>\n<div class=\"siteorigin-widget-tinymce textwidget\">\n\t<h5 style=\"text-align: center;\"><img loading=\"lazy\" decoding=\"async\" class=\"alignnone size-full wp-image-1386\" src=\"http:\/\/www.hoki-sushi-herblay.com\/wp-content\/uploads\/2017\/09\/coconut-king.jpg\" alt=\"\" width=\"145\" height=\"200\" \/><\/h5>\n<h5>Coconut king -\u00a0 6.00 \u20ac<\/h5>\n<p>D\u00e9lice des \u00eeles au jus d'ananas et \u00e0 la cr\u00e8me saveur coco<br \/>\n* allerg\u00e8ne : prot\u00e9ines de lait<\/p>\n<\/div>\n<\/div><\/div><\/div><div id=\"pgc-45-3-2\"  class=\"panel-grid-cell\" ><div id=\"panel-45-3-2-0\" class=\"so-panel widget widget_sow-editor panel-first-child panel-last-child\" data-index=\"6\" ><div\n\t\t\t\n\t\t\tclass=\"so-widget-sow-editor so-widget-sow-editor-base\"\n\t\t\t\n\t\t>\n<div class=\"siteorigin-widget-tinymce textwidget\">\n\t<h5 style=\"text-align: center;\"><img loading=\"lazy\" decoding=\"async\" class=\"aligncenter size-full wp-image-1945\" src=\"http:\/\/www.hoki-sushi-herblay.com\/wp-content\/uploads\/2022\/09\/virgin-mojito.jpg\" alt=\"\" width=\"145\" height=\"202\" \/><\/h5>\n<h5>Virgin Mojito -\u00a0 6.00 \u20ac<\/h5>\n<p>Menthe fra\u00eeche, citron vert<br \/>\nsucre et eau gazeuse<\/p>\n<\/div>\n<\/div><\/div><\/div><\/div><div id=\"pg-45-4\"  class=\"panel-grid panel-no-style\" ><div id=\"pgc-45-4-0\"  class=\"panel-grid-cell\" ><div id=\"panel-45-4-0-0\" class=\"so-panel widget widget_sow-editor panel-first-child panel-last-child\" data-index=\"7\" ><div\n\t\t\t\n\t\t\tclass=\"so-widget-sow-editor so-widget-sow-editor-base\"\n\t\t\t\n\t\t><h3 class=\"widget-title\">Cocktails avec alcool<\/h3>\n<div class=\"siteorigin-widget-tinymce textwidget\">\n\t<\/div>\n<\/div><\/div><\/div><\/div><div id=\"pg-45-5\"  class=\"panel-grid panel-no-style\" ><div id=\"pgc-45-5-0\"  class=\"panel-grid-cell\" ><div id=\"panel-45-5-0-0\" class=\"so-panel widget widget_sow-editor panel-first-child panel-last-child\" data-index=\"8\" ><div\n\t\t\t\n\t\t\tclass=\"so-widget-sow-editor so-widget-sow-editor-base\"\n\t\t\t\n\t\t>\n<div class=\"siteorigin-widget-tinymce textwidget\">\n\t<h5 style=\"text-align: center;\"><img loading=\"lazy\" decoding=\"async\" class=\"alignnone size-full wp-image-1390\" src=\"http:\/\/www.hoki-sushi-herblay.com\/wp-content\/uploads\/2017\/09\/pina-colada.jpg\" alt=\"\" width=\"145\" height=\"200\" \/><\/h5>\n<h5>Pina Colada -\u00a0 7.00 \u20ac<\/h5>\n<p>Rhum de Guadeloupe, alcool,<br \/>\nJus d'ananas, Cr\u00e8me, parfum coco<br \/>\n* allerg\u00e8ne : prot\u00e9ines de lait<\/p>\n<\/div>\n<\/div><\/div><\/div><div id=\"pgc-45-5-1\"  class=\"panel-grid-cell\" ><div id=\"panel-45-5-1-0\" class=\"so-panel widget widget_sow-editor panel-first-child panel-last-child\" data-index=\"9\" ><div\n\t\t\t\n\t\t\tclass=\"so-widget-sow-editor so-widget-sow-editor-base\"\n\t\t\t\n\t\t>\n<div class=\"siteorigin-widget-tinymce textwidget\">\n\t<h5 style=\"text-align: center;\"><img loading=\"lazy\" decoding=\"async\" class=\"alignnone size-full wp-image-1391\" src=\"http:\/\/www.hoki-sushi-herblay.com\/wp-content\/uploads\/2017\/09\/sex-on-the-beach.jpg\" alt=\"\" width=\"145\" height=\"200\" \/><\/h5>\n<h5>Sex on the Beach -\u00a0 7.00 \u20ac<\/h5>\n<p>Vodka fran\u00e7aise, alcool,<br \/>\nJus d'orange,jus d'ananas,<br \/>\nparfums fruits de la passion, papaye, p\u00eache et melon<\/p>\n<\/div>\n<\/div><\/div><\/div><div id=\"pgc-45-5-2\"  class=\"panel-grid-cell\" ><div id=\"panel-45-5-2-0\" class=\"so-panel widget widget_sow-editor panel-first-child panel-last-child\" data-index=\"10\" ><div\n\t\t\t\n\t\t\tclass=\"so-widget-sow-editor so-widget-sow-editor-base\"\n\t\t\t\n\t\t>\n<div class=\"siteorigin-widget-tinymce textwidget\">\n\t<h5 style=\"text-align: center;\"><img loading=\"lazy\" decoding=\"async\" class=\"alignnone size-full wp-image-1393\" src=\"http:\/\/www.hoki-sushi-herblay.com\/wp-content\/uploads\/2017\/09\/zombie.jpg\" alt=\"\" width=\"145\" height=\"200\" \/><\/h5>\n<h5>Zomby -\u00a0 7.00 \u20ac<\/h5>\n<p>Rhum de Guadeloupe, alcool<br \/>\nJus d'orange, parfums abricot et citron<\/p>\n<\/div>\n<\/div><\/div><\/div><\/div><div id=\"pg-45-6\"  class=\"panel-grid panel-no-style\" ><div id=\"pgc-45-6-0\"  class=\"panel-grid-cell\" ><div id=\"panel-45-6-0-0\" class=\"so-panel widget widget_sow-editor panel-first-child panel-last-child\" data-index=\"11\" ><div\n\t\t\t\n\t\t\tclass=\"so-widget-sow-editor so-widget-sow-editor-base\"\n\t\t\t\n\t\t>\n<div class=\"siteorigin-widget-tinymce textwidget\">\n\t<h5 style=\"text-align: center;\"><img loading=\"lazy\" decoding=\"async\" class=\"alignnone size-full wp-image-1388\" src=\"http:\/\/www.hoki-sushi-herblay.com\/wp-content\/uploads\/2017\/09\/mai-tai.jpg\" alt=\"\" width=\"145\" height=\"200\" \/><\/h5>\n<h5>Mai tai -\u00a0 7.00 \u20ac<\/h5>\n<p>Rhum de Guadeloupe, alcool,<br \/>\nJus d'orange aromatis\u00e9 cerise, citron et amande<\/p>\n<\/div>\n<\/div><\/div><\/div><div id=\"pgc-45-6-1\"  class=\"panel-grid-cell\" ><div id=\"panel-45-6-1-0\" class=\"so-panel widget widget_sow-editor panel-first-child panel-last-child\" data-index=\"12\" ><div\n\t\t\t\n\t\t\tclass=\"so-widget-sow-editor so-widget-sow-editor-base\"\n\t\t\t\n\t\t>\n<div class=\"siteorigin-widget-tinymce textwidget\">\n\t<h5 style=\"text-align: center;\"><img loading=\"lazy\" decoding=\"async\" class=\"alignnone size-full wp-image-1392\" src=\"http:\/\/www.hoki-sushi-herblay.com\/wp-content\/uploads\/2017\/09\/swumming-pool.jpg\" alt=\"\" width=\"145\" height=\"200\" \/><\/h5>\n<h5>Swumming Pool -\u00a0 7.00 \u20ac<\/h5>\n<p>Rhum de Guadeloupe, alcool,<br \/>\nJus d'ananas, saveurs cura\u00e7ao et pina colada<br \/>\n* allerg\u00e8ne : prot\u00e9ines de lait<\/p>\n<\/div>\n<\/div><\/div><\/div><div id=\"pgc-45-6-2\"  class=\"panel-grid-cell\" ><div id=\"panel-45-6-2-0\" class=\"so-panel widget widget_sow-editor panel-first-child panel-last-child\" data-index=\"13\" ><div\n\t\t\t\n\t\t\tclass=\"so-widget-sow-editor so-widget-sow-editor-base\"\n\t\t\t\n\t\t>\n<div class=\"siteorigin-widget-tinymce textwidget\">\n\t<h5 style=\"text-align: center;\"><img loading=\"lazy\" decoding=\"async\" class=\"aligncenter size-full wp-image-1946\" src=\"http:\/\/www.hoki-sushi-herblay.com\/wp-content\/uploads\/2022\/09\/mojito.jpg\" alt=\"\" width=\"145\" height=\"200\" \/><\/h5>\n<h5>Mojito -\u00a0 7.00 \u20ac<\/h5>\n<p>Rhum de Guadeloupe, alcool,<br \/>\nMenthe fra\u00eeche, citron vert<br \/>\nsucre et eau gazeuse<\/p>\n<\/div>\n<\/div><\/div><\/div><\/div><div id=\"pg-45-7\"  class=\"panel-grid panel-no-style\" ><div id=\"pgc-45-7-0\"  class=\"panel-grid-cell\" ><div id=\"panel-45-7-0-0\" class=\"so-panel widget widget_sow-editor panel-first-child panel-last-child\" data-index=\"14\" ><div\n\t\t\t\n\t\t\tclass=\"so-widget-sow-editor so-widget-sow-editor-base\"\n\t\t\t\n\t\t>\n<div class=\"siteorigin-widget-tinymce textwidget\">\n\t<p><em>L'abus d'alcool est dangereux pour la sant\u00e9. A consommer avec mod\u00e9ration.<\/em><\/p>\n<\/div>\n<\/div><\/div><\/div><\/div><\/div>","protected":false},"excerpt":{"rendered":"<p>Cocktails sans alcool VIP (sans alcool) &#8211;\u00a0 6.00 \u20ac M\u00e9lange subtil au jus d&#8217;orange, saveurs litchi, rose et framboise Paradise Dream &#8211;\u00a0 6.00 \u20ac Jus d&#8217;ananas Cascade de saveurs : [&hellip;]<\/p>\n","protected":false},"author":1,"featured_media":1342,"parent":1380,"menu_order":0,"comment_status":"closed","ping_status":"closed","template":"","meta":{"footnotes":""},"_links":{"self":[{"href":"https:\/\/www.hoki-sushi-herblay.com\/index.php\/wp-json\/wp\/v2\/pages\/45"}],"collection":[{"href":"https:\/\/www.hoki-sushi-herblay.com\/index.php\/wp-json\/wp\/v2\/pages"}],"about":[{"href":"https:\/\/www.hoki-sushi-herblay.com\/index.php\/wp-json\/wp\/v2\/types\/page"}],"author":[{"embeddable":true,"href":"https:\/\/www.hoki-sushi-herblay.com\/index.php\/wp-json\/wp\/v2\/users\/1"}],"replies":[{"embeddable":true,"href":"https:\/\/www.hoki-sushi-herblay.com\/index.php\/wp-json\/wp\/v2\/comments?post=45"}],"version-history":[{"count":39,"href":"https:\/\/www.hoki-sushi-herblay.com\/index.php\/wp-json\/wp\/v2\/pages\/45\/revisions"}],"predecessor-version":[{"id":1950,"href":"https:\/\/www.hoki-sushi-herblay.com\/index.php\/wp-json\/wp\/v2\/pages\/45\/revisions\/1950"}],"up":[{"embeddable":true,"href":"https:\/\/www.hoki-sushi-herblay.com\/index.php\/wp-json\/wp\/v2\/pages\/1380"}],"wp:featuredmedia":[{"embeddable":true,"href":"https:\/\/www.hoki-sushi-herblay.com\/index.php\/wp-json\/wp\/v2\/media\/1342"}],"wp:attachment":[{"href":"https:\/\/www.hoki-sushi-herblay.com\/index.php\/wp-json\/wp\/v2\/media?parent=45"}],"curies":[{"name":"wp","href":"https:\/\/api.w.org\/{rel}","templated":true}]}}