{"id":17,"date":"2017-07-03T00:25:09","date_gmt":"2017-07-02T22:25:09","guid":{"rendered":"http:\/\/www.hoki-sushi-herblay.com\/?page_id=17"},"modified":"2026-04-15T00:51:42","modified_gmt":"2026-04-14T22:51:42","slug":"accueil","status":"publish","type":"page","link":"https:\/\/www.hoki-sushi-herblay.com\/","title":{"rendered":"ACCUEIL"},"content":{"rendered":"<p>Adeptes de sushi, sashimi, yakitori, maki et autres sp\u00e9cialit\u00e9s japonaises&#8230; venez partager un moment de convivialit\u00e9 en famille ou entre amis autour de plats fra\u00eechement pr\u00e9par\u00e9s, dans un cadre de qualit\u00e9 au d\u00e9cor particuli\u00e8rement soign\u00e9.<\/p>\n<p>Venez d\u00e9guster les mets traditionnels japonais, avec, entre autres, les fameux &#8220;Mille-feuilles Cube&#8221;\u00a0 invent\u00e9 par HOKI SUSHI pour ses clients.<\/p>\n<p>Le restaurant HOKI SUSHI propose un grand choix de menus et de plats \u00e0 la carte (menu du midi \u00e0 partir de 11.00 \u20ac) et vous attend le dimanche autour d&#8217;un brunch entre 11h00 et 14h30.<\/p>\n<p>&nbsp;<\/p>\n<div id=\"metaslider-id-1076\" style=\"max-width: 800px;\" class=\"ml-slider-3-98-0 metaslider metaslider-flex metaslider-1076 ml-slider ms-theme-default\" role=\"region\" aria-roledescription=\"Slideshow\" aria-label=\"Nouveau diaporama\" data-width=\"800\">\n    <div id=\"metaslider_container_1076\">\n        <div id=\"metaslider_1076\">\n            <ul class='slides'>\n                <li style=\"display: block; width: 100%;\" class=\"slide-1100 ms-image \" aria-roledescription=\"slide\" aria-label=\"slide-1100\" data-date=\"2017-07-24 01:45:59\"><img loading=\"lazy\" decoding=\"async\" src=\"https:\/\/www.hoki-sushi-herblay.com\/wp-content\/uploads\/2017\/07\/IMG_6157.jpg\" height=\"533\" width=\"800\" alt=\"\" class=\"slider-1076 slide-1100\" \/><\/li>\n                <li style=\"display: none; width: 100%;\" class=\"slide-1099 ms-image \" aria-roledescription=\"slide\" aria-label=\"slide-1099\" data-date=\"2017-07-24 01:45:59\"><img loading=\"lazy\" decoding=\"async\" src=\"https:\/\/www.hoki-sushi-herblay.com\/wp-content\/uploads\/2017\/07\/IMG_6154.jpg\" height=\"533\" width=\"800\" alt=\"\" class=\"slider-1076 slide-1099\" \/><\/li>\n                <li style=\"display: none; width: 100%;\" class=\"slide-1093 ms-image \" aria-roledescription=\"slide\" aria-label=\"slide-1093\" data-date=\"2017-07-24 01:45:59\"><img loading=\"lazy\" decoding=\"async\" src=\"https:\/\/www.hoki-sushi-herblay.com\/wp-content\/uploads\/2017\/07\/IMG_6128.jpg\" height=\"533\" width=\"800\" alt=\"\" class=\"slider-1076 slide-1093\" \/><\/li>\n                <li style=\"display: none; width: 100%;\" class=\"slide-1094 ms-image \" aria-roledescription=\"slide\" aria-label=\"slide-1094\" data-date=\"2017-07-24 01:45:59\"><img loading=\"lazy\" decoding=\"async\" src=\"https:\/\/www.hoki-sushi-herblay.com\/wp-content\/uploads\/2017\/07\/IMG_6130.jpg\" height=\"533\" width=\"800\" alt=\"\" class=\"slider-1076 slide-1094\" \/><\/li>\n                <li style=\"display: none; width: 100%;\" class=\"slide-1095 ms-image \" aria-roledescription=\"slide\" aria-label=\"slide-1095\" data-date=\"2017-07-24 01:45:59\"><img loading=\"lazy\" decoding=\"async\" src=\"https:\/\/www.hoki-sushi-herblay.com\/wp-content\/uploads\/2017\/07\/IMG_6131.jpg\" height=\"533\" width=\"800\" alt=\"\" class=\"slider-1076 slide-1095\" \/><\/li>\n                <li style=\"display: none; width: 100%;\" class=\"slide-1098 ms-image \" aria-roledescription=\"slide\" aria-label=\"slide-1098\" data-date=\"2017-07-24 01:45:59\"><img loading=\"lazy\" decoding=\"async\" src=\"https:\/\/www.hoki-sushi-herblay.com\/wp-content\/uploads\/2017\/07\/IMG_6144.jpg\" height=\"533\" width=\"800\" alt=\"\" class=\"slider-1076 slide-1098\" \/><\/li>\n                <li style=\"display: none; width: 100%;\" class=\"slide-1096 ms-image \" aria-roledescription=\"slide\" aria-label=\"slide-1096\" data-date=\"2017-07-24 01:45:59\"><img loading=\"lazy\" decoding=\"async\" src=\"https:\/\/www.hoki-sushi-herblay.com\/wp-content\/uploads\/2017\/07\/IMG_6133.jpg\" height=\"533\" width=\"800\" alt=\"\" class=\"slider-1076 slide-1096\" \/><\/li>\n                <li style=\"display: none; width: 100%;\" class=\"slide-1097 ms-image \" aria-roledescription=\"slide\" aria-label=\"slide-1097\" data-date=\"2017-07-24 01:45:59\"><img loading=\"lazy\" decoding=\"async\" src=\"https:\/\/www.hoki-sushi-herblay.com\/wp-content\/uploads\/2017\/07\/IMG_6135.jpg\" height=\"533\" width=\"800\" alt=\"\" class=\"slider-1076 slide-1097\" \/><\/li>\n                <li style=\"display: none; width: 100%;\" class=\"slide-1091 ms-image \" aria-roledescription=\"slide\" aria-label=\"slide-1091\" data-date=\"2017-07-24 01:45:59\"><img loading=\"lazy\" decoding=\"async\" src=\"https:\/\/www.hoki-sushi-herblay.com\/wp-content\/uploads\/2017\/07\/IMG_6126.jpg\" height=\"533\" width=\"800\" alt=\"\" class=\"slider-1076 slide-1091\" \/><\/li>\n                <li style=\"display: none; width: 100%;\" class=\"slide-1092 ms-image \" aria-roledescription=\"slide\" aria-label=\"slide-1092\" data-date=\"2017-07-24 01:45:59\"><img loading=\"lazy\" decoding=\"async\" src=\"https:\/\/www.hoki-sushi-herblay.com\/wp-content\/uploads\/2017\/07\/IMG_6127.jpg\" height=\"533\" width=\"800\" alt=\"\" class=\"slider-1076 slide-1092\" \/><\/li>\n            <\/ul>\n        <\/div>\n        \n    <\/div>\n<\/div>\n<h4>HOKI SUSHI Herblay<\/h4>\n<p>1, rue Ren\u00e9 Coty &#8211; Angle avenue de la Lib\u00e9ration<br \/>\nZ.A.C des Copistes &#8211; La Patte d&#8217;Oie d&#8217;Herblay<br \/>\n95220 &#8211; HERBLAY<\/p>\n<h4>T\u00e9l : 01 39 78 03 62 &#8211; 07 81 16 93 58<\/h4>\n<p>Restaurant ouvert tous les jours, sauf le mardi<br \/>\nDe 11h00 \u00e0 14h30 et de 18h00 \u00e0 22h00<\/p>\n<p>Brunch le dimanche de 11h00 \u00e0 14h30<\/p>\n<p>Plats \u00e0 emporter et en livraison &#8211; Terrasse d&#8217;\u00e9t\u00e9 et d&#8217;hiver<br \/>\nPlaces de stationnement r\u00e9serv\u00e9es sur le parking de LIDL<\/p>\n<p>&nbsp;<\/p>\n<p><img loading=\"lazy\" decoding=\"async\" class=\"size-full wp-image-1074 aligncenter\" src=\"http:\/\/www.hoki-sushi-herblay.com\/wp-content\/uploads\/2017\/07\/paiement.gif\" alt=\"\" width=\"200\" height=\"65\" \/><\/p>\n<p><a href=\"https:\/\/www.ubereats.com\/fr\/paris\/food-delivery\/hoki-sushi\/xBmhq4tgR---Cs4kh6pStA\" target=\"_blank\" rel=\"noopener noreferrer\"><img loading=\"lazy\" decoding=\"async\" class=\"size-full wp-image-1578 aligncenter\" src=\"http:\/\/www.hoki-sushi-herblay.com\/wp-content\/uploads\/2020\/05\/UberEats_300x100.jpg\" alt=\"\" width=\"300\" height=\"100\" \/><\/a><\/p>\n","protected":false},"excerpt":{"rendered":"<p>Adeptes de sushi, sashimi, yakitori, maki et autres sp\u00e9cialit\u00e9s japonaises&#8230; venez partager un moment de convivialit\u00e9 en famille ou entre amis autour de plats fra\u00eechement pr\u00e9par\u00e9s, dans un cadre de [&hellip;]<\/p>\n","protected":false},"author":1,"featured_media":0,"parent":0,"menu_order":0,"comment_status":"closed","ping_status":"closed","template":"","meta":{"footnotes":""},"_links":{"self":[{"href":"https:\/\/www.hoki-sushi-herblay.com\/index.php\/wp-json\/wp\/v2\/pages\/17"}],"collection":[{"href":"https:\/\/www.hoki-sushi-herblay.com\/index.php\/wp-json\/wp\/v2\/pages"}],"about":[{"href":"https:\/\/www.hoki-sushi-herblay.com\/index.php\/wp-json\/wp\/v2\/types\/page"}],"author":[{"embeddable":true,"href":"https:\/\/www.hoki-sushi-herblay.com\/index.php\/wp-json\/wp\/v2\/users\/1"}],"replies":[{"embeddable":true,"href":"https:\/\/www.hoki-sushi-herblay.com\/index.php\/wp-json\/wp\/v2\/comments?post=17"}],"version-history":[{"count":90,"href":"https:\/\/www.hoki-sushi-herblay.com\/index.php\/wp-json\/wp\/v2\/pages\/17\/revisions"}],"predecessor-version":[{"id":2127,"href":"https:\/\/www.hoki-sushi-herblay.com\/index.php\/wp-json\/wp\/v2\/pages\/17\/revisions\/2127"}],"wp:attachment":[{"href":"https:\/\/www.hoki-sushi-herblay.com\/index.php\/wp-json\/wp\/v2\/media?parent=17"}],"curies":[{"name":"wp","href":"https:\/\/api.w.org\/{rel}","templated":true}]}}