{"id":1679,"date":"2020-06-17T20:47:59","date_gmt":"2020-06-17T18:47:59","guid":{"rendered":"http:\/\/www.hoki-sushi-herblay.com\/?page_id=1679"},"modified":"2022-12-20T06:38:39","modified_gmt":"2022-12-20T05:38:39","slug":"desserts","status":"publish","type":"page","link":"https:\/\/www.hoki-sushi-herblay.com\/index.php\/desserts\/","title":{"rendered":"DESSERTS"},"content":{"rendered":"<p>&nbsp;<\/p>\n<p><a href=\"#creme\"><u>Cr\u00e8mes glac\u00e9es et sorbet plein fruit<\/u><\/a> &#8211; <a href=\"#coupe\"><u>Coupe glac\u00e9es<\/u><\/a>\u00a0&#8211; <a href=\"#dessertglace\"><u>Desserts glac\u00e9s individuels<\/u><\/a> &#8211; <a href=\"#desserthoki\"><u>Autres desserts<\/u><\/a><\/p>\n<p>&nbsp;<\/p>\n<p>&nbsp;<\/p>\n<p><a name=\"creme\"><\/a><\/p>\n<p>&nbsp;<\/p>\n<h2>Nos cr\u00e8mes glac\u00e9es et nos sorbets pleins fruit<\/h2>\n<p style=\"text-align: center;\">\n<table id=\"tablepress-5\" class=\"tablepress tablepress-id-5\">\n<tbody>\n<tr class=\"row-1\">\n\t<td class=\"column-1\"><img loading=\"lazy\" decoding=\"async\" src=\"http:\/\/www.hoki-sushi-herblay.com\/wp-content\/uploads\/2020\/06\/boule_par-2.jpg\" alt=\"\" width=\"200\" height=\"200\" class=\"alignright size-full wp-image-1727\" srcset=\"https:\/\/www.hoki-sushi-herblay.com\/wp-content\/uploads\/2020\/06\/boule_par-2.jpg 200w, https:\/\/www.hoki-sushi-herblay.com\/wp-content\/uploads\/2020\/06\/boule_par-2-150x150.jpg 150w, https:\/\/www.hoki-sushi-herblay.com\/wp-content\/uploads\/2020\/06\/boule_par-2-144x144.jpg 144w\" sizes=\"(max-width: 200px) 100vw, 200px\" \/><\/td><td class=\"column-2\"><h5 style=\"text-align: left;\">Coupe 2 boules<\/h5><br \/>\n<p style=\"text-align: left;\">Parfums au choix<\/p><br \/>\n<h5 style=\"text-align: left;\">4,50 \u20ac<\/h5><\/td><td class=\"column-3\"><h5 style=\"text-align: right;\">Coupe 3 boules<\/h5><br \/>\n<p style=\"text-align: right;\">Parfums au choix<\/p><br \/>\n<h5 style=\"text-align: right;\">5,50 \u20ac<\/h5><\/td><td class=\"column-4\"><img loading=\"lazy\" decoding=\"async\" src=\"http:\/\/www.hoki-sushi-herblay.com\/wp-content\/uploads\/2020\/06\/boule_par-3.jpg\" alt=\"\" width=\"200\" height=\"200\" class=\"alignleft size-full wp-image-1728\" srcset=\"https:\/\/www.hoki-sushi-herblay.com\/wp-content\/uploads\/2020\/06\/boule_par-3.jpg 200w, https:\/\/www.hoki-sushi-herblay.com\/wp-content\/uploads\/2020\/06\/boule_par-3-150x150.jpg 150w, https:\/\/www.hoki-sushi-herblay.com\/wp-content\/uploads\/2020\/06\/boule_par-3-144x144.jpg 144w\" sizes=\"(max-width: 200px) 100vw, 200px\" \/><\/td>\n<\/tr>\n<\/tbody>\n<\/table>\n<!-- #tablepress-5 from cache --><\/p>\n<p style=\"text-align: left;\">Nos cr\u00e8mes glac\u00e9es sont fabriqu\u00e9es avec de la cr\u00e8me de Normandie. Nos sorbets ont une teneur en fruits de 45% pour les fruits usuels, r\u00e9duite \u00e0 20% pour les fruits acides et \u00e0 saveur forte, conform\u00e9ment au Code des pratiques Loyales des Glaciers Alimentaires.<\/p>\n<p style=\"text-align: center;\">\n<table id=\"tablepress-4\" class=\"tablepress tablepress-id-4\">\n<tbody>\n<tr class=\"row-1\">\n\t<td class=\"column-1\"><h4>Nos cr\u00e8mes glac\u00e9es <\/h4><\/td><td class=\"column-2\"><\/td><td class=\"column-3\"><\/td><td class=\"column-4\"><\/td>\n<\/tr>\n<tr class=\"row-2\">\n\t<td class=\"column-1\"><img loading=\"lazy\" decoding=\"async\" src=\"http:\/\/www.hoki-sushi-herblay.com\/wp-content\/uploads\/2022\/12\/creme_vanille.jpg\" alt=\"\" width=\"140\" height=\"150\" class=\"aligncenter size-full wp-image-1953\" \/><p style=\"text-align: center;\">Vanille intense<br \/>\nde Madagascar<\/p><\/td><td class=\"column-2\"><img loading=\"lazy\" decoding=\"async\" src=\"http:\/\/www.hoki-sushi-herblay.com\/wp-content\/uploads\/2022\/12\/creme_chocolat.jpg\" alt=\"\" width=\"140\" height=\"150\" class=\"aligncenter size-full wp-image-1957\" \/><p style=\"text-align: center;\">Chocolat<br \/>\net ses morceaux<\/p><\/td><td class=\"column-3\"><img loading=\"lazy\" decoding=\"async\" class=\"size-full wp-image-1959 aligncenter\" src=\"http:\/\/www.hoki-sushi-herblay.com\/wp-content\/uploads\/2022\/12\/creme_caramel.jpg\" alt=\"\" width=\"140\" height=\"150\" \/><p style=\"text-align: center;\">Caramel<br \/>\nau beurre sal\u00e9<\/p><\/td><td class=\"column-4\"><img loading=\"lazy\" decoding=\"async\" src=\"http:\/\/www.hoki-sushi-herblay.com\/wp-content\/uploads\/2022\/12\/creme_cafe.jpg\" alt=\"\" width=\"140\" height=\"150\" class=\"aligncenter size-full wp-image-1965\" \/><p style=\"text-align: center;\">Caf\u00e9<br \/>\npur Arabica<\/p><\/td>\n<\/tr>\n<tr class=\"row-3\">\n\t<td class=\"column-1\"><img loading=\"lazy\" decoding=\"async\" src=\"http:\/\/www.hoki-sushi-herblay.com\/wp-content\/uploads\/2022\/12\/creme_fraise.jpg\" alt=\"\" width=\"140\" height=\"150\" class=\"aligncenter size-full wp-image-1967\" \/><p style=\"text-align: center;\">C\u0153ur de fraise<\/p><\/td><td class=\"column-2\"><img loading=\"lazy\" decoding=\"async\" src=\"http:\/\/www.hoki-sushi-herblay.com\/wp-content\/uploads\/2022\/12\/creme_rhum-raisins.jpg\" alt=\"\" width=\"140\" height=\"150\" class=\"aligncenter size-full wp-image-1968\" \/><p style=\"text-align: center;\">Rhum raisins<br \/>\nmac\u00e9r\u00e9s<\/p><\/td><td class=\"column-3\"><img loading=\"lazy\" decoding=\"async\" src=\"http:\/\/www.hoki-sushi-herblay.com\/wp-content\/uploads\/2022\/12\/creme_noix-coco.jpg\" alt=\"\" width=\"140\" height=\"150\" class=\"aligncenter size-full wp-image-1969\" \/><p style=\"text-align: center;\">Noix de coco<\/p><\/td><td class=\"column-4\"><img loading=\"lazy\" decoding=\"async\" src=\"http:\/\/www.hoki-sushi-herblay.com\/wp-content\/uploads\/2022\/12\/creme_menthe-chocolat.jpg\" alt=\"\" width=\"140\" height=\"150\" class=\"aligncenter size-full wp-image-1970\" \/><p style=\"text-align: center;\">Menthe chocolat<\/p><\/td>\n<\/tr>\n<tr class=\"row-4\">\n\t<td class=\"column-1\"><img loading=\"lazy\" decoding=\"async\" src=\"http:\/\/www.hoki-sushi-herblay.com\/wp-content\/uploads\/2022\/12\/creme_marron.jpg\" alt=\"\" width=\"140\" height=\"150\" class=\"aligncenter size-full wp-image-1971\" \/><p style=\"text-align: center;\">Marron \u00e0 la cr\u00e8me<br \/>\nde marron de l'Ard\u00e8che<\/p><\/td><td class=\"column-2\"><img loading=\"lazy\" decoding=\"async\" src=\"http:\/\/www.hoki-sushi-herblay.com\/wp-content\/uploads\/2022\/12\/creme_pistache.jpg\" alt=\"\" width=\"140\" height=\"150\" class=\"aligncenter size-full wp-image-1974\" \/><p style=\"text-align: center;\">Pistache<br \/>\net ses morceaux<\/p><\/td><td class=\"column-3\"><img loading=\"lazy\" decoding=\"async\" src=\"http:\/\/www.hoki-sushi-herblay.com\/wp-content\/uploads\/2022\/12\/creme_vanille-smarties.jpg\" alt=\"\" width=\"140\" height=\"150\" class=\"aligncenter size-full wp-image-1975\" \/><p style=\"text-align: center;\">Smarties\u00ae <br \/>\nglace vanille<\/p><\/td><td class=\"column-4\"><\/td>\n<\/tr>\n<tr class=\"row-5\">\n\t<td class=\"column-1\"><h4>Nos sorbets<\/h4><\/td><td class=\"column-2\"><\/td><td class=\"column-3\"><\/td><td rowspan=\"3\" class=\"column-4\"><h4>Le coin des enfants<\/h4><br \/>\n<img loading=\"lazy\" decoding=\"async\" src=\"http:\/\/www.hoki-sushi-herblay.com\/wp-content\/uploads\/2022\/12\/creme_smarties-popup.jpg\" alt=\"\" width=\"200\" height=\"300\" class=\"aligncenter size-full wp-image-1983\" \/><p>&nbsp;<\/p><p style=\"text-align: center;\"><strong>Smarties\u00ae Pop Up<\/strong><br \/>\nSmarties\u00ae et p\u00e9pites<br \/>\nchocolat\u00e9es<br \/>\nSmarties\u00ae<\/p><br \/>\n<\/td>\n<\/tr>\n<tr class=\"row-6\">\n\t<td class=\"column-1\"><img loading=\"lazy\" decoding=\"async\" src=\"http:\/\/www.hoki-sushi-herblay.com\/wp-content\/uploads\/2022\/12\/sorbet_poire.jpg\" alt=\"\" width=\"140\" height=\"150\" class=\"aligncenter size-full wp-image-1977\" \/><p style=\"text-align: center;\">Poire<\/p><\/td><td class=\"column-2\"><img loading=\"lazy\" decoding=\"async\" src=\"http:\/\/www.hoki-sushi-herblay.com\/wp-content\/uploads\/2022\/12\/sorbet_mangue.jpg\" alt=\"\" width=\"140\" height=\"150\" class=\"aligncenter size-full wp-image-1978\" \/><p style=\"text-align: center;\">Mangue exotique<\/p><\/td><td class=\"column-3\"><img loading=\"lazy\" decoding=\"async\" src=\"http:\/\/www.hoki-sushi-herblay.com\/wp-content\/uploads\/2022\/12\/sorbet_fruits-passion.jpg\" alt=\"\" width=\"140\" height=\"150\" class=\"aligncenter size-full wp-image-1979\" \/><p style=\"text-align: center;\">Fruits de la passion<\/p><\/td>\n<\/tr>\n<tr class=\"row-7\">\n\t<td class=\"column-1\"><img loading=\"lazy\" decoding=\"async\" src=\"http:\/\/www.hoki-sushi-herblay.com\/wp-content\/uploads\/2022\/12\/sorbet_citron-vert.jpg\" alt=\"\" width=\"140\" height=\"150\" class=\"aligncenter size-full wp-image-1980\" \/><p style=\"text-align: center;\">Citron vert<br \/>\net ses zestes<\/p><\/td><td class=\"column-2\"><img loading=\"lazy\" decoding=\"async\" src=\"http:\/\/www.hoki-sushi-herblay.com\/wp-content\/uploads\/2022\/12\/sorbet_cassis.jpg\" alt=\"\" width=\"140\" height=\"150\" class=\"aligncenter size-full wp-image-1981\" \/><p style=\"text-align: center;\">Cassis intense<\/p><\/td><td class=\"column-3\"><img loading=\"lazy\" decoding=\"async\" src=\"http:\/\/www.hoki-sushi-herblay.com\/wp-content\/uploads\/2022\/12\/sorbet_framboise.jpg\" alt=\"\" width=\"140\" height=\"150\" class=\"aligncenter size-full wp-image-1982\" \/><p style=\"text-align: center;\">Douceur<br \/>\nde framboise<\/td>\n<\/tr>\n<\/tbody>\n<\/table>\n<!-- #tablepress-4 from cache --><\/p>\n<p>&nbsp;<\/p>\n<p>&nbsp;<\/p>\n<p style=\"text-align: center;\"><a href=\"#top\">haut de page<\/a><\/p>\n<p><a name=\"coupe\"><\/a><\/p>\n<p>&nbsp;<\/p>\n<h2>Nos coupes glac\u00e9es<\/h2>\n<p style=\"text-align: center;\">\n<table id=\"tablepress-6\" class=\"tablepress tablepress-id-6\">\n<tbody>\n<tr class=\"row-1\">\n\t<td class=\"column-1\"><h5 style=\"text-align: center;\">Dame blanche<br \/>\n6,50 \u20ac<\/h5><p style=\"text-align: center;\"><img loading=\"lazy\" decoding=\"async\" src=\"http:\/\/www.hoki-sushi-herblay.com\/wp-content\/uploads\/2022\/12\/coupe_dame-blanche.jpg\" alt=\"\" width=\"200\" height=\"140\" class=\"aligncenter size-full wp-image-1991\" \/<\/p><p style=\"text-align: center;\">Vanille intense<br \/>\nsauce dessert chocolat<br \/>\net cr\u00e8me sucr\u00e9e<\/p><\/td><td class=\"column-2\"><h5 style=\"text-align: center;\">Banana split<br \/>\n7,00 \u20ac<\/h5><p style=\"text-align: center;\"><img loading=\"lazy\" decoding=\"async\" src=\"http:\/\/www.hoki-sushi-herblay.com\/wp-content\/uploads\/2022\/12\/coupe_banana-split.jpg\" alt=\"\" width=\"200\" height=\"140\" class=\"aligncenter size-full wp-image-1995\" \/><\/p><p style=\"text-align: center;\">Vanille intense, c\u0153ur de fraise,<br \/>\nchocolat et ses morceaux<br \/>\nsauce dessert chocolat<br \/>\net bananes fra\u00eeches<\/p><\/td><td class=\"column-3\"><h5 style=\"text-align: center;\">Equinoxe<br \/>\n6,50 \u20ac<\/h5><p style=\"text-align: center;\"><img loading=\"lazy\" decoding=\"async\" src=\"http:\/\/www.hoki-sushi-herblay.com\/wp-content\/uploads\/2022\/12\/coupe_equinoxe-1.jpg\" alt=\"\" width=\"200\" height=\"260\" class=\"aligncenter size-full wp-image-2001\" \/><\/p><p style=\"text-align: center;\">Rhum raisins mac\u00e9r\u00e9s et vanille<\/p><\/td>\n<\/tr>\n<tr class=\"row-2\">\n\t<td class=\"column-1\"><h5 style=\"text-align: center;\">Chocolat ou caf\u00e9 Li\u00e9geois<br \/>\n6,50 \u20ac<\/h5><p style=\"text-align: center;\"><img loading=\"lazy\" decoding=\"async\" src=\"http:\/\/www.hoki-sushi-herblay.com\/wp-content\/uploads\/2022\/12\/coupe_chocolat-liegeois.jpg\" alt=\"\" width=\"200\" height=\"300\" class=\"aligncenter size-full wp-image-2003\" \/><\/p><p style=\"text-align: center;\">Chocolat et ses morceaux<br \/>\nou caf\u00e9, vanille intense<\/p><\/td><td class=\"column-2\"><h5 style=\"text-align: center;\">Exotique<br \/>\n6,50 \u20ac<\/h5><p style=\"text-align: center;\"><img loading=\"lazy\" decoding=\"async\" src=\"http:\/\/www.hoki-sushi-herblay.com\/wp-content\/uploads\/2022\/12\/coupe_exotique.jpg\" alt=\"\" width=\"200\" height=\"300\" class=\"aligncenter size-full wp-image-2005\" \/><\/p><p style=\"text-align: center;\">Framboise, cassis<br \/>\net noix de coco<\/p><\/td><td class=\"column-3\"><h5 style=\"text-align: center;\">Colonel<br \/>\n7,50 \u20ac<\/h5><p style=\"text-align: center;\"><img loading=\"lazy\" decoding=\"async\" src=\"http:\/\/www.hoki-sushi-herblay.com\/wp-content\/uploads\/2022\/12\/coupe_colonel.jpg\" alt=\"\" width=\"200\" height=\"300\" class=\"aligncenter size-full wp-image-2008\" \/><\/p><p style=\"text-align: center;\">Citron<br \/>\net vodka<\/p><\/td>\n<\/tr>\n<\/tbody>\n<\/table>\n<!-- #tablepress-6 from cache --><\/p>\n<p>&nbsp;<\/p>\n<p style=\"text-align: center;\"><a href=\"#top\">haut de page<\/a><\/p>\n<p>&nbsp;<\/p>\n<p><a name=\"dessertglace\"><\/a><\/p>\n<p>&nbsp;<\/p>\n<h2>Nos desserts glac\u00e9s individuels<\/h2>\n<p style=\"text-align: center;\">\n<table id=\"tablepress-7\" class=\"tablepress tablepress-id-7\" aria-describedby=\"tablepress-7-description\">\n<tbody>\n<tr class=\"row-1\">\n\t<td class=\"column-1\"><h5 style=\"text-align: center;\">Myst\u00e8re vanille<br \/>\n5,50 \u20ac<\/h5><p style=\"text-align: center;\"><img loading=\"lazy\" decoding=\"async\" src=\"http:\/\/www.hoki-sushi-herblay.com\/wp-content\/uploads\/2022\/12\/dessert_mystere-vanille-1.jpg\" alt=\"\" width=\"200\" height=\"200\" class=\"aligncenter size-full wp-image-2013\" srcset=\"https:\/\/www.hoki-sushi-herblay.com\/wp-content\/uploads\/2022\/12\/dessert_mystere-vanille-1.jpg 200w, https:\/\/www.hoki-sushi-herblay.com\/wp-content\/uploads\/2022\/12\/dessert_mystere-vanille-1-150x150.jpg 150w, https:\/\/www.hoki-sushi-herblay.com\/wp-content\/uploads\/2022\/12\/dessert_mystere-vanille-1-144x144.jpg 144w\" sizes=\"(max-width: 200px) 100vw, 200px\" \/><p><\/td><td class=\"column-2\"><h5 style=\"text-align: center;\">Nougat glac\u00e9<br \/>\n5,50 \u20ac<\/h5><p style=\"text-align: center;\"><img loading=\"lazy\" decoding=\"async\" src=\"http:\/\/www.hoki-sushi-herblay.com\/wp-content\/uploads\/2022\/12\/dessert_nougat-glace.jpg\" alt=\"\" width=\"200\" height=\"200\" class=\"aligncenter size-full wp-image-2014\" srcset=\"https:\/\/www.hoki-sushi-herblay.com\/wp-content\/uploads\/2022\/12\/dessert_nougat-glace.jpg 200w, https:\/\/www.hoki-sushi-herblay.com\/wp-content\/uploads\/2022\/12\/dessert_nougat-glace-150x150.jpg 150w, https:\/\/www.hoki-sushi-herblay.com\/wp-content\/uploads\/2022\/12\/dessert_nougat-glace-144x144.jpg 144w\" sizes=\"(max-width: 200px) 100vw, 200px\" \/><\/p><\/td><td class=\"column-3\"><h5 style=\"text-align: center;\">Souffl\u00e9 Grand Marnier<br \/>\n5,50 \u20ac<\/h5><p style=\"text-align: center;\"><img loading=\"lazy\" decoding=\"async\" src=\"http:\/\/www.hoki-sushi-herblay.com\/wp-content\/uploads\/2022\/12\/dessert_souffle-gd-marnier.jpg\" alt=\"\" width=\"200\" height=\"200\" class=\"aligncenter size-full wp-image-2015\" srcset=\"https:\/\/www.hoki-sushi-herblay.com\/wp-content\/uploads\/2022\/12\/dessert_souffle-gd-marnier.jpg 200w, https:\/\/www.hoki-sushi-herblay.com\/wp-content\/uploads\/2022\/12\/dessert_souffle-gd-marnier-150x150.jpg 150w, https:\/\/www.hoki-sushi-herblay.com\/wp-content\/uploads\/2022\/12\/dessert_souffle-gd-marnier-144x144.jpg 144w\" sizes=\"(max-width: 200px) 100vw, 200px\" \/><\/p><\/td>\n<\/tr>\n<tr class=\"row-2\">\n\t<td class=\"column-1\"><h5 style=\"text-align: center;\">Orange givr\u00e9e<br \/>\n5,50 \u20ac<\/h5><p style=\"text-align: center;\"><img loading=\"lazy\" decoding=\"async\" src=\"http:\/\/www.hoki-sushi-herblay.com\/wp-content\/uploads\/2022\/12\/dessert_orange-givree.jpg\" alt=\"\" width=\"200\" height=\"200\" class=\"aligncenter size-full wp-image-2016\" srcset=\"https:\/\/www.hoki-sushi-herblay.com\/wp-content\/uploads\/2022\/12\/dessert_orange-givree.jpg 200w, https:\/\/www.hoki-sushi-herblay.com\/wp-content\/uploads\/2022\/12\/dessert_orange-givree-150x150.jpg 150w, https:\/\/www.hoki-sushi-herblay.com\/wp-content\/uploads\/2022\/12\/dessert_orange-givree-144x144.jpg 144w\" sizes=\"(max-width: 200px) 100vw, 200px\" \/><\/p><\/td><td class=\"column-2\"><h5 style=\"text-align: center;\">Parfait caf\u00e9<br \/>\n6,00 \u20ac<\/h5><p style=\"text-align: center;\"><img loading=\"lazy\" decoding=\"async\" src=\"http:\/\/www.hoki-sushi-herblay.com\/wp-content\/uploads\/2022\/12\/dessert_parfait-cafe.jpg\" alt=\"\" width=\"200\" height=\"200\" class=\"aligncenter size-full wp-image-2017\" srcset=\"https:\/\/www.hoki-sushi-herblay.com\/wp-content\/uploads\/2022\/12\/dessert_parfait-cafe.jpg 200w, https:\/\/www.hoki-sushi-herblay.com\/wp-content\/uploads\/2022\/12\/dessert_parfait-cafe-150x150.jpg 150w, https:\/\/www.hoki-sushi-herblay.com\/wp-content\/uploads\/2022\/12\/dessert_parfait-cafe-144x144.jpg 144w\" sizes=\"(max-width: 200px) 100vw, 200px\" \/><\/p><\/td><td class=\"column-3\"><h5 style=\"text-align: center;\">Tiramisu glac\u00e9<br \/>\n6,00 \u20ac<\/h5><p style=\"text-align: center;\"><img loading=\"lazy\" decoding=\"async\" src=\"http:\/\/www.hoki-sushi-herblay.com\/wp-content\/uploads\/2022\/12\/dessert_tiramisu.jpg\" alt=\"\" width=\"200\" height=\"200\" class=\"aligncenter size-full wp-image-2019\" srcset=\"https:\/\/www.hoki-sushi-herblay.com\/wp-content\/uploads\/2022\/12\/dessert_tiramisu.jpg 200w, https:\/\/www.hoki-sushi-herblay.com\/wp-content\/uploads\/2022\/12\/dessert_tiramisu-150x150.jpg 150w, https:\/\/www.hoki-sushi-herblay.com\/wp-content\/uploads\/2022\/12\/dessert_tiramisu-144x144.jpg 144w\" sizes=\"(max-width: 200px) 100vw, 200px\" \/><\/p><\/td>\n<\/tr>\n<tr class=\"row-3\">\n\t<td class=\"column-1\"><h5 style=\"text-align: center;\">Omelette norv\u00e9gienne<br \/>\n6,00 \u20ac<\/h5><p style=\"text-align: center;\"><img loading=\"lazy\" decoding=\"async\" src=\"http:\/\/www.hoki-sushi-herblay.com\/wp-content\/uploads\/2022\/12\/dessert_omelette-norvegienne.jpg\" alt=\"\" width=\"200\" height=\"200\" class=\"aligncenter size-full wp-image-2020\" srcset=\"https:\/\/www.hoki-sushi-herblay.com\/wp-content\/uploads\/2022\/12\/dessert_omelette-norvegienne.jpg 200w, https:\/\/www.hoki-sushi-herblay.com\/wp-content\/uploads\/2022\/12\/dessert_omelette-norvegienne-150x150.jpg 150w, https:\/\/www.hoki-sushi-herblay.com\/wp-content\/uploads\/2022\/12\/dessert_omelette-norvegienne-144x144.jpg 144w\" sizes=\"(max-width: 200px) 100vw, 200px\" \/><\/p><\/td><td class=\"column-2\"><h5 style=\"text-align: center;\">Profiteroles<br \/>\n6,00 \u20ac<\/h5><p style=\"text-align: center;\"><img loading=\"lazy\" decoding=\"async\" src=\"http:\/\/www.hoki-sushi-herblay.com\/wp-content\/uploads\/2022\/12\/dessert_profiteroles.jpg\" alt=\"\" width=\"200\" height=\"200\" class=\"aligncenter size-full wp-image-2021\" srcset=\"https:\/\/www.hoki-sushi-herblay.com\/wp-content\/uploads\/2022\/12\/dessert_profiteroles.jpg 200w, https:\/\/www.hoki-sushi-herblay.com\/wp-content\/uploads\/2022\/12\/dessert_profiteroles-150x150.jpg 150w, https:\/\/www.hoki-sushi-herblay.com\/wp-content\/uploads\/2022\/12\/dessert_profiteroles-144x144.jpg 144w\" sizes=\"(max-width: 200px) 100vw, 200px\" \/><\/p><\/td><td class=\"column-3\"><h5 style=\"text-align: center;\">Noix de coco givr\u00e9e<br \/>\n6,00 \u20ac<\/h5><p style=\"text-align: center;\"><img loading=\"lazy\" decoding=\"async\" src=\"http:\/\/www.hoki-sushi-herblay.com\/wp-content\/uploads\/2022\/12\/dessert_noix-coco-givree.jpg\" alt=\"\" width=\"200\" height=\"200\" class=\"aligncenter size-full wp-image-2022\" srcset=\"https:\/\/www.hoki-sushi-herblay.com\/wp-content\/uploads\/2022\/12\/dessert_noix-coco-givree.jpg 200w, https:\/\/www.hoki-sushi-herblay.com\/wp-content\/uploads\/2022\/12\/dessert_noix-coco-givree-150x150.jpg 150w, https:\/\/www.hoki-sushi-herblay.com\/wp-content\/uploads\/2022\/12\/dessert_noix-coco-givree-144x144.jpg 144w\" sizes=\"(max-width: 200px) 100vw, 200px\" \/><\/p><\/td>\n<\/tr>\n<\/tbody>\n<\/table>\n<span id=\"tablepress-7-description\" class=\"tablepress-table-description tablepress-table-description-id-7\">&nbsp;<br \/>\n&nbsp;<br \/>\n* L'abus d'alcool est dangereux pour la sant\u00e9. A consommer avec mod\u00e9ration.<\/span>\n<!-- #tablepress-7 from cache --><\/p>\n<p>&nbsp;<\/p>\n<p style=\"text-align: center;\"><a href=\"#top\">haut de page<\/a><\/p>\n<p>&nbsp;<\/p>\n<p>&nbsp;<\/p>\n<p><a name=\"desserthoki\"><\/a><\/p>\n<p>&nbsp;<\/p>\n<h2>Autres desserts<\/h2>\n<p>&nbsp;<\/p>\n<p style=\"text-align: center;\">\n<table id=\"tablepress-9\" class=\"tablepress tablepress-id-9\">\n<tbody>\n<tr class=\"row-1\">\n\t<td class=\"column-1\"><h5 style=\"text-align: center;\">Perle de coco<br \/>\n4,50 \u20ac<\/h5><p style=\"text-align: center;\"><img loading=\"lazy\" decoding=\"async\" src=\"http:\/\/www.hoki-sushi-herblay.com\/wp-content\/uploads\/2020\/06\/dessert-hoki_perles-de-coco.jpg\" alt=\"\" width=\"150\" height=\"90\" class=\"aligncenter size-full wp-image-1805\" \/><\/p><p style=\"text-align: center;\"><\/p><\/td><td class=\"column-2\"><h5 style=\"text-align: center;\">Moshi glac\u00e9<br \/>\n2 pi\u00e8ces au choix<br \/>\n6,00 \u20ac<\/h5><p style=\"text-align: center;\"><p style=\"text-align: center;\">Parfums :<br \/>\ncaramel sal\u00e9, th\u00e9 vert, noisette,<br \/>\npassion et mangue, framboise,<br \/>\nnoix de coco, mangue, yuzu,<br \/>\nchocolat vegan, vanille<\/p><\/td><td class=\"column-3\"><h5 style=\"text-align: center;\">Moshi cr\u00e8me<br \/>\n2 pi\u00e8ces au choix<br \/>\n7,00 \u20ac<\/h5><p style=\"text-align: center;\">Parfums :<br \/>\nth\u00e9 vert, haricots rouges,<br \/>\ns\u00e9same, <br \/>\nchocolat, mangue,<br \/>\nfraise, yuzu, melon<\/p><\/td><td class=\"column-4\"><h5 style=\"text-align: center;\">Litchis sirop<br \/>\n4,00 \u20ac<\/h5><p style=\"text-align: center;\"><\/p><\/td>\n<\/tr>\n<tr class=\"row-2\">\n\t<td class=\"column-1\"><h5 style=\"text-align: center;\">Nougat s\u00e9same<br \/>\n4,00 \u20ac<\/h5><p style=\"text-align: center;\"><img loading=\"lazy\" decoding=\"async\" src=\"http:\/\/www.hoki-sushi-herblay.com\/wp-content\/uploads\/2020\/06\/dessert-hoki_nougat.jpg\" alt=\"\" width=\"150\" height=\"90\" class=\"aligncenter size-full wp-image-1807\" \/><\/p><p style=\"text-align: center;\"><\/p><\/td><td class=\"column-2\"><h5 style=\"text-align: center;\">Mo\u00eblleux au chocolat<br \/>\net sa boule de glace pistache<br \/>\n6,50 \u20ac<\/h5><p style=\"text-align: center;\"><\/td><td class=\"column-3\"><h5 style=\"text-align: center;\">Caf\u00e9 gourmand<br \/>\n7,00 \u20ac<\/h5><p style=\"text-align: center;\"><img loading=\"lazy\" decoding=\"async\" src=\"http:\/\/www.hoki-sushi-herblay.com\/wp-content\/uploads\/2020\/06\/dessert-hoki_cafe-gourmand.jpg\" alt=\"\" width=\"150\" height=\"90\" class=\"aligncenter size-full wp-image-1804\" \/><\/p><p style=\"text-align: center;\"><\/p><\/td><td class=\"column-4\"><h5 style=\"text-align: center;\">Desserts japonais<br \/>\n2 boules<br \/>\n4,80 \u20ac<\/h5><p style=\"text-align: center;\">Parfums :<br \/>\ncr\u00e8me glac\u00e9e th\u00e9 vert,<br \/>\nharicots rouges, s\u00e9same noir<\/td>\n<\/tr>\n<tr class=\"row-3\">\n\t<td class=\"column-1\"><\/td><td class=\"column-2\"><\/td><td class=\"column-3\"><\/td><td class=\"column-4\"><\/td>\n<\/tr>\n<\/tbody>\n<\/table>\n<!-- #tablepress-9 from cache --><\/p>\n<p>&nbsp;<\/p>\n<p style=\"text-align: center;\"><a href=\"#top\">haut de page<\/a><\/p>\n<p>&nbsp;<\/p>\n","protected":false},"excerpt":{"rendered":"<p>&nbsp; Cr\u00e8mes glac\u00e9es et sorbet plein fruit &#8211; Coupe glac\u00e9es\u00a0&#8211; Desserts glac\u00e9s individuels &#8211; Autres desserts &nbsp; &nbsp; &nbsp; Nos cr\u00e8mes glac\u00e9es et nos sorbets pleins fruit Nos cr\u00e8mes glac\u00e9es [&hellip;]<\/p>\n","protected":false},"author":1,"featured_media":1693,"parent":0,"menu_order":0,"comment_status":"closed","ping_status":"closed","template":"","meta":{"footnotes":""},"_links":{"self":[{"href":"https:\/\/www.hoki-sushi-herblay.com\/index.php\/wp-json\/wp\/v2\/pages\/1679"}],"collection":[{"href":"https:\/\/www.hoki-sushi-herblay.com\/index.php\/wp-json\/wp\/v2\/pages"}],"about":[{"href":"https:\/\/www.hoki-sushi-herblay.com\/index.php\/wp-json\/wp\/v2\/types\/page"}],"author":[{"embeddable":true,"href":"https:\/\/www.hoki-sushi-herblay.com\/index.php\/wp-json\/wp\/v2\/users\/1"}],"replies":[{"embeddable":true,"href":"https:\/\/www.hoki-sushi-herblay.com\/index.php\/wp-json\/wp\/v2\/comments?post=1679"}],"version-history":[{"count":22,"href":"https:\/\/www.hoki-sushi-herblay.com\/index.php\/wp-json\/wp\/v2\/pages\/1679\/revisions"}],"predecessor-version":[{"id":2026,"href":"https:\/\/www.hoki-sushi-herblay.com\/index.php\/wp-json\/wp\/v2\/pages\/1679\/revisions\/2026"}],"wp:featuredmedia":[{"embeddable":true,"href":"https:\/\/www.hoki-sushi-herblay.com\/index.php\/wp-json\/wp\/v2\/media\/1693"}],"wp:attachment":[{"href":"https:\/\/www.hoki-sushi-herblay.com\/index.php\/wp-json\/wp\/v2\/media?parent=1679"}],"curies":[{"name":"wp","href":"https:\/\/api.w.org\/{rel}","templated":true}]}}