{"id":1648,"date":"2020-06-17T18:38:16","date_gmt":"2020-06-17T16:38:16","guid":{"rendered":"http:\/\/www.hoki-sushi-herblay.com\/?page_id=1648"},"modified":"2020-06-17T20:18:12","modified_gmt":"2020-06-17T18:18:12","slug":"carte-des-vins","status":"publish","type":"page","link":"https:\/\/www.hoki-sushi-herblay.com\/index.php\/boissons-2\/carte-des-vins\/","title":{"rendered":"CARTE DES VINS"},"content":{"rendered":"\n<table id=\"tablepress-3\" class=\"tablepress tablepress-id-3\" aria-describedby=\"tablepress-3-description\">\n<tbody>\n<tr class=\"row-1\">\n\t<td colspan=\"3\" class=\"column-1\"><H4>Vins rouges<\/H4><\/td><td class=\"column-4\">&nbsp;<br \/>\n<strong>37,5 cl<\/strong><\/td><td class=\"column-5\">&nbsp;<br \/>\n<strong>75 cl<\/strong><\/td>\n<\/tr>\n<tr class=\"row-2\">\n\t<td class=\"column-1\">Saumur Champigny AOC<\/td><td colspan=\"2\" class=\"column-2\">Cabernet franc, bien construit, \u00e9l\u00e9gant et longiligne,<br \/>\nau nez de jus de framboise<\/td><td class=\"column-4\">15.80 \u20ac<\/td><td class=\"column-5\">22.00 \u20ac<\/td>\n<\/tr>\n<tr class=\"row-3\">\n\t<td class=\"column-1\">Brouilly AOC<br \/>\nCh\u00e2teau de Corelles<\/td><td colspan=\"2\" class=\"column-2\">Souple, gourmand et fruit\u00e9,<br \/>\nau nez de fruits rouges<\/td><td class=\"column-4\">15.80 \u20ac<\/td><td class=\"column-5\">23.00 \u20ac<\/td>\n<\/tr>\n<tr class=\"row-4\">\n\t<td class=\"column-1\">Saint-Emilion grand cru AOC<br \/>\nCh\u00e2teau Lamour<\/td><td class=\"column-2\"><\/td><td class=\"column-3\"><\/td><td class=\"column-4\"><\/td><td class=\"column-5\">42.00 \u20ac<\/td>\n<\/tr>\n<tr class=\"row-5\">\n\t<td class=\"column-1\">Bordeaux AOC<br \/>\nCh\u00e2teau Roquefort<\/td><td colspan=\"2\" class=\"column-2\">Moderne et charnu,<br \/>\nau nez bois\u00e9 de venille, de coco et de pain grill\u00e9<\/td><td class=\"column-4\">14.80 \u20ac<\/td><td class=\"column-5\">22.00 \u20ac<\/td>\n<\/tr>\n<tr class=\"row-6\">\n\t<td colspan=\"3\" class=\"column-1\"><H4>Vins ros\u00e9s<\/H4><\/td><td class=\"column-4\">&nbsp;<br \/>\n<strong>37,5 cl<\/strong><\/td><td class=\"column-5\">&nbsp;<br \/>\n<strong>75 cl<\/strong><\/td>\n<\/tr>\n<tr class=\"row-7\">\n\t<td class=\"column-1\">C\u00f4tes de Provence AOC -<br \/>\nC\u00f4te Presqu'\u00eele par Minuty<\/td><td colspan=\"2\" class=\"column-2\">D'une robe rose p\u00e2le, tendre et frais, avec du relief,<br \/>\nau nez de rose et de baies rouges<\/td><td class=\"column-4\">15.50 \u20ac<\/td><td class=\"column-5\">23.00 \u20ac<\/td>\n<\/tr>\n<tr class=\"row-8\">\n\t<td class=\"column-1\">Tavel AOC<br \/>\nPrieur\u00e9 de Mont\u00e9zargues<\/td><td colspan=\"2\" class=\"column-2\">Intense, riche et plein,<br \/>\nau nez de cerise m\u00fbre<\/td><td class=\"column-4\">15.50 \u20ac<\/td><td class=\"column-5\">25.00 \u20ac<\/td>\n<\/tr>\n<tr class=\"row-9\">\n\t<td class=\"column-1\">Sancerre AOC<br \/>\nPinot noir, cave des vins de Sancerre<\/td><td colspan=\"2\" class=\"column-2\">Un ros\u00e9 p\u00e2le et a\u00e9rien, nerveux,<br \/>\nd\u00e9licatement parfum\u00e9<\/td><td class=\"column-4\"><\/td><td class=\"column-5\">27.00 \u20ac<\/td>\n<\/tr>\n<tr class=\"row-10\">\n\t<td colspan=\"3\" class=\"column-1\"><H4>Vins blancs<\/H4><\/td><td class=\"column-4\">&nbsp;<br \/>\n<strong>37,5 cl<\/strong><\/td><td class=\"column-5\">&nbsp;<br \/>\n<strong>75 cl<\/strong><\/td>\n<\/tr>\n<tr class=\"row-11\">\n\t<td class=\"column-1\">Sancerre AOC<br \/>\nLes Ch\u00e2taigniers<\/td><td class=\"column-2\">Vif et citronn\u00e9, l\u00e9g\u00e8rement perlant \u00e0 l'attaque,<br \/>\nau nez de buis et d'agrume<\/td><td class=\"column-3\"><\/td><td class=\"column-4\"><\/td><td class=\"column-5\">29.00 \u20ac<\/td>\n<\/tr>\n<tr class=\"row-12\">\n\t<td class=\"column-1\">Pouilly fum\u00e9 AOC<br \/>\nLes Clairi\u00e8res<\/td><td class=\"column-2\">Bien sec et tr\u00e8s frais, \u00e0 la bouche min\u00e9rale et rac\u00e9e<br \/>\nau nez de pamplemousse<\/td><td class=\"column-3\"><\/td><td class=\"column-4\">19.00 \u20ac<\/td><td class=\"column-5\">34.00 \u20ac<\/td>\n<\/tr>\n<tr class=\"row-13\">\n\t<td class=\"column-1\">Riesling AOC<br \/>\nAlsace Hans Schaeffer<\/td><td class=\"column-2\">Nerveux, l\u00e9ger et bien sec,<br \/>\nau nez assez min\u00e9ral et tr\u00e8s citronn\u00e9 en bouche<\/td><td class=\"column-3\"><\/td><td class=\"column-4\">14.00 \u20ac<\/td><td class=\"column-5\">22.00 \u20ac<\/td>\n<\/tr>\n<tr class=\"row-14\">\n\t<td class=\"column-1\">Chardonnay AOC<br \/>\nBourgogne No\u00ebl Briday<\/td><td class=\"column-2\">Frais et \u00e9l\u00e9gant,<br \/>\nau nez de fleurs blanches, de beurre frais et de pomme<\/td><td class=\"column-3\"><\/td><td class=\"column-4\">15.00 \u20ac<\/td><td class=\"column-5\">23.00 \u20ac<\/td>\n<\/tr>\n<tr class=\"row-15\">\n\t<td colspan=\"2\" class=\"column-1\"><H4>Au verre (15 cl) ou en carafe (25 cl ou 50 cl)<\/H4><\/td><td class=\"column-3\">&nbsp;<br \/>\n<strong>15 cl<\/strong><\/td><td class=\"column-4\">&nbsp;<br \/>\n<strong>25 cl<\/strong><\/td><td class=\"column-5\">&nbsp;<br \/>\n<strong>50 cl<\/strong><\/td>\n<\/tr>\n<tr class=\"row-16\">\n\t<td class=\"column-1\">Rouge<\/td><td class=\"column-2\">IGP Vin de Pays des Bouches du Rh\u00f4ne<br \/>\nMerlot<\/td><td class=\"column-3\">&nbsp;&nbsp;4.50 \u20ac<\/td><td class=\"column-4\">&nbsp;&nbsp;7.00 \u20ac<\/td><td class=\"column-5\">12.00 \u20ac<\/td>\n<\/tr>\n<tr class=\"row-17\">\n\t<td class=\"column-1\">Blancs <\/td><td class=\"column-2\">Bougogne AOC<br \/>\nNo\u00ebl Briday (Chardonnay)<\/td><td class=\"column-3\">&nbsp;&nbsp;5.50 \u20ac<\/td><td class=\"column-4\">&nbsp;&nbsp;9.00 \u20ac<\/td><td class=\"column-5\">15.00 \u20ac<\/td>\n<\/tr>\n<tr class=\"row-18\">\n\t<td class=\"column-1\"><\/td><td class=\"column-2\">Vin de pays d'Oc,<br \/>\nSauvignon, Saint-Clair<\/td><td class=\"column-3\">&nbsp;&nbsp;4.50 \u20ac<\/td><td class=\"column-4\">&nbsp;&nbsp;7.00 \u20ac<\/td><td class=\"column-5\">12.00 \u20ac<\/td>\n<\/tr>\n<tr class=\"row-19\">\n\t<td class=\"column-1\">Ros\u00e9<\/td><td class=\"column-2\">Vin de Pays du Var<br \/>\nSaint-Barth\u00e9l\u00e9my<\/td><td class=\"column-3\">&nbsp;&nbsp;4.50 \u20ac<\/td><td class=\"column-4\">&nbsp;&nbsp;7.00 \u20ac<\/td><td class=\"column-5\">12.00 \u20ac<\/td>\n<\/tr>\n<\/tbody>\n<\/table>\n<span id=\"tablepress-3-description\" class=\"tablepress-table-description tablepress-table-description-id-3\">&nbsp;<br \/>\n&nbsp;<br \/>\nL'abus d'alcool est dangereux pour la sant\u00e9. A consommer avec mod\u00e9ration.<br \/>\n&nbsp;<\/span>\n<!-- #tablepress-3 from cache -->\n","protected":false},"excerpt":{"rendered":"","protected":false},"author":1,"featured_media":0,"parent":1380,"menu_order":0,"comment_status":"closed","ping_status":"closed","template":"","meta":{"footnotes":""},"_links":{"self":[{"href":"https:\/\/www.hoki-sushi-herblay.com\/index.php\/wp-json\/wp\/v2\/pages\/1648"}],"collection":[{"href":"https:\/\/www.hoki-sushi-herblay.com\/index.php\/wp-json\/wp\/v2\/pages"}],"about":[{"href":"https:\/\/www.hoki-sushi-herblay.com\/index.php\/wp-json\/wp\/v2\/types\/page"}],"author":[{"embeddable":true,"href":"https:\/\/www.hoki-sushi-herblay.com\/index.php\/wp-json\/wp\/v2\/users\/1"}],"replies":[{"embeddable":true,"href":"https:\/\/www.hoki-sushi-herblay.com\/index.php\/wp-json\/wp\/v2\/comments?post=1648"}],"version-history":[{"count":2,"href":"https:\/\/www.hoki-sushi-herblay.com\/index.php\/wp-json\/wp\/v2\/pages\/1648\/revisions"}],"predecessor-version":[{"id":1666,"href":"https:\/\/www.hoki-sushi-herblay.com\/index.php\/wp-json\/wp\/v2\/pages\/1648\/revisions\/1666"}],"up":[{"embeddable":true,"href":"https:\/\/www.hoki-sushi-herblay.com\/index.php\/wp-json\/wp\/v2\/pages\/1380"}],"wp:attachment":[{"href":"https:\/\/www.hoki-sushi-herblay.com\/index.php\/wp-json\/wp\/v2\/media?parent=1648"}],"curies":[{"name":"wp","href":"https:\/\/api.w.org\/{rel}","templated":true}]}}