{"id":1517,"date":"2018-12-23T20:03:08","date_gmt":"2018-12-23T19:03:08","guid":{"rendered":"http:\/\/www.hoki-sushi-herblay.com\/?page_id=1517"},"modified":"2018-12-24T01:26:32","modified_gmt":"2018-12-24T00:26:32","slug":"poke-bowl","status":"publish","type":"page","link":"https:\/\/www.hoki-sushi-herblay.com\/index.php\/carte\/poke-bowl\/","title":{"rendered":"POKE BOWL"},"content":{"rendered":"<p>&nbsp;<\/p>\n<p style=\"text-align: center;\">Plat typique de la gastronomie hawa\u00efenne aux influences japonaises et latines.<br \/>\nIl s&#8217;agit d&#8217;un bol compos\u00e9 de divers aliments qui en font un plat sain, tr\u00e8s peu calorique et frais.<br \/>\nNos Poke Bowl vont vous en faire voir de toutes les saveurs.<\/p>\n<p style=\"text-align: center;\"><img loading=\"lazy\" decoding=\"async\" class=\"size-medium wp-image-1518 aligncenter\" src=\"http:\/\/www.hoki-sushi-herblay.com\/wp-content\/uploads\/2018\/12\/poke-bowl-300x207.jpg\" alt=\"\" width=\"300\" height=\"207\" srcset=\"https:\/\/www.hoki-sushi-herblay.com\/wp-content\/uploads\/2018\/12\/poke-bowl-300x207.jpg 300w, https:\/\/www.hoki-sushi-herblay.com\/wp-content\/uploads\/2018\/12\/poke-bowl.jpg 580w\" sizes=\"(max-width: 300px) 100vw, 300px\" \/><\/p>\n<p>&nbsp;<\/p>\n<div class=\"mprm-container mprm-shortcode-items mprm-view-grid\">\n\t\t\t\t<div class=\"mprm-row\">\n\t\t\t\t<div class=\"mprm-remove-hentry mprm-columns mprm-twelve post-1512 mp_menu_item type-mp_menu_item status-publish mp_menu_category-poke-bowl mp_ingredient-riz-vinaigre mp_ingredient-avocat mp_ingredient-edamame mp_ingredient-kiwi mp_ingredient-oignons-frits mp_ingredient-radis-rose mp_ingredient-saumon mp_ingredient-tomate-cerise mp_ingredient-wakame mprm-theme-mode mp-menu-item\">\n\t\t\n\t<div class=\"mprm-content-container mprm-title\">\n\t\t\t\t\t<b>B01 - Poke Bowl saumon<\/b>\n\t\t\t<\/div>\n\n\t<div class=\"mprm-ingredients mprm-content-container\">\n\t\t\t\t\t\t\t\t<span class=\"mprm-ingredient\">.Sur riz vinaigr\u00e9<\/span>\n\t\t\t\t<span class=\"mprm-ingredients-delimiter\">\/<\/span>\n\t\t\t\t\t\t\t<span class=\"mprm-ingredient\">Avocat<\/span>\n\t\t\t\t<span class=\"mprm-ingredients-delimiter\">\/<\/span>\n\t\t\t\t\t\t\t<span class=\"mprm-ingredient\">Edamame<\/span>\n\t\t\t\t<span class=\"mprm-ingredients-delimiter\">\/<\/span>\n\t\t\t\t\t\t\t<span class=\"mprm-ingredient\">Kiwi<\/span>\n\t\t\t\t<span class=\"mprm-ingredients-delimiter\">\/<\/span>\n\t\t\t\t\t\t\t<span class=\"mprm-ingredient\">Oignons frits<\/span>\n\t\t\t\t<span class=\"mprm-ingredients-delimiter\">\/<\/span>\n\t\t\t\t\t\t\t<span class=\"mprm-ingredient\">Radis rose<\/span>\n\t\t\t\t<span class=\"mprm-ingredients-delimiter\">\/<\/span>\n\t\t\t\t\t\t\t<span class=\"mprm-ingredient\">Saumon<\/span>\n\t\t\t\t<span class=\"mprm-ingredients-delimiter\">\/<\/span>\n\t\t\t\t\t\t\t<span class=\"mprm-ingredient\">Tomate cerise<\/span>\n\t\t\t\t<span class=\"mprm-ingredients-delimiter\">\/<\/span>\n\t\t\t\t\t\t\t<span class=\"mprm-ingredient\">Wakame<\/span>\n\t\t\t\t<span class=\"mprm-ingredients-delimiter\">\/<\/span>\n\t\t\t\t<\/div>\n\t\t\t<div class=\"mprm-content-container\">\r\n\t\t\t<div class=\"mprm-price-container\">\r\n\t\t\t\t<span class=\"mprm-price\">&euro;14.20<\/span>\r\n\t\t\t<\/div>\r\n\t\t<\/div>\r\n\t\t<\/div>\n\t\t\t<div class=\"mprm-remove-hentry mprm-columns mprm-twelve post-1513 mp_menu_item type-mp_menu_item status-publish mp_menu_category-poke-bowl mp_ingredient-riz-vinaigre mp_ingredient-avocat mp_ingredient-edamame mp_ingredient-kiwi mp_ingredient-oignons-frits mp_ingredient-radis-rose mp_ingredient-thon mp_ingredient-tomate-cerise mp_ingredient-wakame mprm-theme-mode mp-menu-item\">\n\t\t\n\t<div class=\"mprm-content-container mprm-title\">\n\t\t\t\t\t<b>B02 - Poke Bowl thon<\/b>\n\t\t\t<\/div>\n\n\t<div class=\"mprm-ingredients mprm-content-container\">\n\t\t\t\t\t\t\t\t<span class=\"mprm-ingredient\">.Sur riz vinaigr\u00e9<\/span>\n\t\t\t\t<span class=\"mprm-ingredients-delimiter\">\/<\/span>\n\t\t\t\t\t\t\t<span class=\"mprm-ingredient\">Avocat<\/span>\n\t\t\t\t<span class=\"mprm-ingredients-delimiter\">\/<\/span>\n\t\t\t\t\t\t\t<span class=\"mprm-ingredient\">Edamame<\/span>\n\t\t\t\t<span class=\"mprm-ingredients-delimiter\">\/<\/span>\n\t\t\t\t\t\t\t<span class=\"mprm-ingredient\">Kiwi<\/span>\n\t\t\t\t<span class=\"mprm-ingredients-delimiter\">\/<\/span>\n\t\t\t\t\t\t\t<span class=\"mprm-ingredient\">Oignons frits<\/span>\n\t\t\t\t<span class=\"mprm-ingredients-delimiter\">\/<\/span>\n\t\t\t\t\t\t\t<span class=\"mprm-ingredient\">Radis rose<\/span>\n\t\t\t\t<span class=\"mprm-ingredients-delimiter\">\/<\/span>\n\t\t\t\t\t\t\t<span class=\"mprm-ingredient\">Thon<\/span>\n\t\t\t\t<span class=\"mprm-ingredients-delimiter\">\/<\/span>\n\t\t\t\t\t\t\t<span class=\"mprm-ingredient\">Tomate cerise<\/span>\n\t\t\t\t<span class=\"mprm-ingredients-delimiter\">\/<\/span>\n\t\t\t\t\t\t\t<span class=\"mprm-ingredient\">Wakame<\/span>\n\t\t\t\t<span class=\"mprm-ingredients-delimiter\">\/<\/span>\n\t\t\t\t<\/div>\n\t\t\t<div class=\"mprm-content-container\">\r\n\t\t\t<div class=\"mprm-price-container\">\r\n\t\t\t\t<span class=\"mprm-price\">&euro;14.80<\/span>\r\n\t\t\t<\/div>\r\n\t\t<\/div>\r\n\t\t<\/div>\n\t\t\t<div class=\"mprm-remove-hentry mprm-columns mprm-twelve post-1514 mp_menu_item type-mp_menu_item status-publish mp_menu_category-poke-bowl mp_ingredient-riz-vinaigre mp_ingredient-avocat mp_ingredient-edamame mp_ingredient-kiwi mp_ingredient-oignons-frits mp_ingredient-radis-rose mp_ingredient-saumon-grille mp_ingredient-tomate-cerise mp_ingredient-wakame mprm-theme-mode mp-menu-item\">\n\t\t\n\t<div class=\"mprm-content-container mprm-title\">\n\t\t\t\t\t<b>B03 - Poke Bowl saumon grill\u00e9<\/b>\n\t\t\t<\/div>\n\n\t<div class=\"mprm-ingredients mprm-content-container\">\n\t\t\t\t\t\t\t\t<span class=\"mprm-ingredient\">.Sur riz vinaigr\u00e9<\/span>\n\t\t\t\t<span class=\"mprm-ingredients-delimiter\">\/<\/span>\n\t\t\t\t\t\t\t<span class=\"mprm-ingredient\">Avocat<\/span>\n\t\t\t\t<span class=\"mprm-ingredients-delimiter\">\/<\/span>\n\t\t\t\t\t\t\t<span class=\"mprm-ingredient\">Edamame<\/span>\n\t\t\t\t<span class=\"mprm-ingredients-delimiter\">\/<\/span>\n\t\t\t\t\t\t\t<span class=\"mprm-ingredient\">Kiwi<\/span>\n\t\t\t\t<span class=\"mprm-ingredients-delimiter\">\/<\/span>\n\t\t\t\t\t\t\t<span class=\"mprm-ingredient\">Oignons frits<\/span>\n\t\t\t\t<span class=\"mprm-ingredients-delimiter\">\/<\/span>\n\t\t\t\t\t\t\t<span class=\"mprm-ingredient\">Radis rose<\/span>\n\t\t\t\t<span class=\"mprm-ingredients-delimiter\">\/<\/span>\n\t\t\t\t\t\t\t<span class=\"mprm-ingredient\">Saumon grill\u00e9<\/span>\n\t\t\t\t<span class=\"mprm-ingredients-delimiter\">\/<\/span>\n\t\t\t\t\t\t\t<span class=\"mprm-ingredient\">Tomate cerise<\/span>\n\t\t\t\t<span class=\"mprm-ingredients-delimiter\">\/<\/span>\n\t\t\t\t\t\t\t<span class=\"mprm-ingredient\">Wakame<\/span>\n\t\t\t\t<span class=\"mprm-ingredients-delimiter\">\/<\/span>\n\t\t\t\t<\/div>\n\t\t\t<div class=\"mprm-content-container\">\r\n\t\t\t<div class=\"mprm-price-container\">\r\n\t\t\t\t<span class=\"mprm-price\">&euro;14.80<\/span>\r\n\t\t\t<\/div>\r\n\t\t<\/div>\r\n\t\t<\/div>\n\t\t\t<div class=\"mprm-remove-hentry mprm-columns mprm-twelve post-1515 mp_menu_item type-mp_menu_item status-publish mp_menu_category-poke-bowl mp_ingredient-riz-vinaigre mp_ingredient-avocat mp_ingredient-edamame mp_ingredient-kiwi mp_ingredient-oignons-frits mp_ingredient-radis-rose mp_ingredient-tempura-crevettes mp_ingredient-tomate-cerise mp_ingredient-wakame mprm-theme-mode mp-menu-item\">\n\t\t\n\t<div class=\"mprm-content-container mprm-title\">\n\t\t\t\t\t<b>B04 - Poke Bowl tempura crevette<\/b>\n\t\t\t<\/div>\n\n\t<div class=\"mprm-ingredients mprm-content-container\">\n\t\t\t\t\t\t\t\t<span class=\"mprm-ingredient\">.Sur riz vinaigr\u00e9<\/span>\n\t\t\t\t<span class=\"mprm-ingredients-delimiter\">\/<\/span>\n\t\t\t\t\t\t\t<span class=\"mprm-ingredient\">Avocat<\/span>\n\t\t\t\t<span class=\"mprm-ingredients-delimiter\">\/<\/span>\n\t\t\t\t\t\t\t<span class=\"mprm-ingredient\">Edamame<\/span>\n\t\t\t\t<span class=\"mprm-ingredients-delimiter\">\/<\/span>\n\t\t\t\t\t\t\t<span class=\"mprm-ingredient\">Kiwi<\/span>\n\t\t\t\t<span class=\"mprm-ingredients-delimiter\">\/<\/span>\n\t\t\t\t\t\t\t<span class=\"mprm-ingredient\">Oignons frits<\/span>\n\t\t\t\t<span class=\"mprm-ingredients-delimiter\">\/<\/span>\n\t\t\t\t\t\t\t<span class=\"mprm-ingredient\">Radis rose<\/span>\n\t\t\t\t<span class=\"mprm-ingredients-delimiter\">\/<\/span>\n\t\t\t\t\t\t\t<span class=\"mprm-ingredient\">Tempura crevettes<\/span>\n\t\t\t\t<span class=\"mprm-ingredients-delimiter\">\/<\/span>\n\t\t\t\t\t\t\t<span class=\"mprm-ingredient\">Tomate cerise<\/span>\n\t\t\t\t<span class=\"mprm-ingredients-delimiter\">\/<\/span>\n\t\t\t\t\t\t\t<span class=\"mprm-ingredient\">Wakame<\/span>\n\t\t\t\t<span class=\"mprm-ingredients-delimiter\">\/<\/span>\n\t\t\t\t<\/div>\n\t\t\t<div class=\"mprm-content-container\">\r\n\t\t\t<div class=\"mprm-price-container\">\r\n\t\t\t\t<span class=\"mprm-price\">&euro;14.20<\/span>\r\n\t\t\t<\/div>\r\n\t\t<\/div>\r\n\t\t<\/div>\n\t\t\t<div class=\"mprm-remove-hentry mprm-columns mprm-twelve post-1516 mp_menu_item type-mp_menu_item status-publish mp_menu_category-poke-bowl mp_ingredient-riz-vinaigre mp_ingredient-avocat mp_ingredient-edamame mp_ingredient-kiwi mp_ingredient-oignons-frits mp_ingredient-radis-rose mp_ingredient-tofu-frit mp_ingredient-tomate-cerise mp_ingredient-wakame mprm-theme-mode mp-menu-item\">\n\t\t\n\t<div class=\"mprm-content-container mprm-title\">\n\t\t\t\t\t<b>B05 - Poke Bowl v\u00e9g\u00e9tarien<\/b>\n\t\t\t<\/div>\n\n\t<div class=\"mprm-ingredients mprm-content-container\">\n\t\t\t\t\t\t\t\t<span class=\"mprm-ingredient\">.Sur riz vinaigr\u00e9<\/span>\n\t\t\t\t<span class=\"mprm-ingredients-delimiter\">\/<\/span>\n\t\t\t\t\t\t\t<span class=\"mprm-ingredient\">Avocat<\/span>\n\t\t\t\t<span class=\"mprm-ingredients-delimiter\">\/<\/span>\n\t\t\t\t\t\t\t<span class=\"mprm-ingredient\">Edamame<\/span>\n\t\t\t\t<span class=\"mprm-ingredients-delimiter\">\/<\/span>\n\t\t\t\t\t\t\t<span class=\"mprm-ingredient\">Kiwi<\/span>\n\t\t\t\t<span class=\"mprm-ingredients-delimiter\">\/<\/span>\n\t\t\t\t\t\t\t<span class=\"mprm-ingredient\">Oignons frits<\/span>\n\t\t\t\t<span class=\"mprm-ingredients-delimiter\">\/<\/span>\n\t\t\t\t\t\t\t<span class=\"mprm-ingredient\">Radis rose<\/span>\n\t\t\t\t<span class=\"mprm-ingredients-delimiter\">\/<\/span>\n\t\t\t\t\t\t\t<span class=\"mprm-ingredient\">Tofu frit<\/span>\n\t\t\t\t<span class=\"mprm-ingredients-delimiter\">\/<\/span>\n\t\t\t\t\t\t\t<span class=\"mprm-ingredient\">Tomate cerise<\/span>\n\t\t\t\t<span class=\"mprm-ingredients-delimiter\">\/<\/span>\n\t\t\t\t\t\t\t<span class=\"mprm-ingredient\">Wakame<\/span>\n\t\t\t\t<span class=\"mprm-ingredients-delimiter\">\/<\/span>\n\t\t\t\t<\/div>\n\t\t\t<div class=\"mprm-content-container\">\r\n\t\t\t<div class=\"mprm-price-container\">\r\n\t\t\t\t<span class=\"mprm-price\">&euro;12.50<\/span>\r\n\t\t\t<\/div>\r\n\t\t<\/div>\r\n\t\t<\/div>\n\t\t\t\t<\/div>\n\t\t<\/div>\n","protected":false},"excerpt":{"rendered":"<p>&nbsp; Plat typique de la gastronomie hawa\u00efenne aux influences japonaises et latines. Il s&#8217;agit d&#8217;un bol compos\u00e9 de divers aliments qui en font un plat sain, tr\u00e8s peu calorique et [&hellip;]<\/p>\n","protected":false},"author":1,"featured_media":0,"parent":10,"menu_order":0,"comment_status":"closed","ping_status":"closed","template":"","meta":{"footnotes":""},"_links":{"self":[{"href":"https:\/\/www.hoki-sushi-herblay.com\/index.php\/wp-json\/wp\/v2\/pages\/1517"}],"collection":[{"href":"https:\/\/www.hoki-sushi-herblay.com\/index.php\/wp-json\/wp\/v2\/pages"}],"about":[{"href":"https:\/\/www.hoki-sushi-herblay.com\/index.php\/wp-json\/wp\/v2\/types\/page"}],"author":[{"embeddable":true,"href":"https:\/\/www.hoki-sushi-herblay.com\/index.php\/wp-json\/wp\/v2\/users\/1"}],"replies":[{"embeddable":true,"href":"https:\/\/www.hoki-sushi-herblay.com\/index.php\/wp-json\/wp\/v2\/comments?post=1517"}],"version-history":[{"count":4,"href":"https:\/\/www.hoki-sushi-herblay.com\/index.php\/wp-json\/wp\/v2\/pages\/1517\/revisions"}],"predecessor-version":[{"id":1904,"href":"https:\/\/www.hoki-sushi-herblay.com\/index.php\/wp-json\/wp\/v2\/pages\/1517\/revisions\/1904"}],"up":[{"embeddable":true,"href":"https:\/\/www.hoki-sushi-herblay.com\/index.php\/wp-json\/wp\/v2\/pages\/10"}],"wp:attachment":[{"href":"https:\/\/www.hoki-sushi-herblay.com\/index.php\/wp-json\/wp\/v2\/media?parent=1517"}],"curies":[{"name":"wp","href":"https:\/\/api.w.org\/{rel}","templated":true}]}}