{"id":1130,"date":"2017-07-24T02:45:20","date_gmt":"2017-07-24T00:45:20","guid":{"rendered":"http:\/\/www.hoki-sushi-herblay.com\/?page_id=1130"},"modified":"2018-10-30T09:59:04","modified_gmt":"2018-10-30T08:59:04","slug":"sushi","status":"publish","type":"page","link":"https:\/\/www.hoki-sushi-herblay.com\/index.php\/carte\/sushi\/","title":{"rendered":"SUSHI"},"content":{"rendered":"<h6><i class=\"wp-svg-home home\"><\/i> <a href=\"http:\/\/www.hoki-sushi-herblay.com\/index.php\/carte\/\">retour vers les plats \u00e0 la carte<\/a><\/h6>\n<p>&nbsp;<\/p>\n<p>D\u00e9licieux canap\u00e9 de riz avec des garnitures crues ou cuites. Servis par 2.<\/p>\n<p>&nbsp;<\/p>\n<div class=\"mprm-container mprm-shortcode-items mprm-view-grid\">\n\t\t\t\t<div class=\"mprm-row\">\n\t\t\t\t<div class=\"mprm-remove-hentry mprm-columns mprm-three post-107 mp_menu_item type-mp_menu_item status-publish has-post-thumbnail mp_menu_category-sushi mprm-theme-mode mp-menu-item\">\n\t\t<img loading=\"lazy\" decoding=\"async\" width=\"400\" height=\"300\" src=\"https:\/\/www.hoki-sushi-herblay.com\/wp-content\/uploads\/2017\/07\/SU1_sushi-saumon-400x300.jpg\" class=\"mprm-image\" alt=\"\" \/>\n\t<div class=\"mprm-content-container mprm-title\">\n\t\t\t\t\t<b>SU1 - Sushi saumon<\/b>\n\t\t\t<\/div>\n\n\t\t<div class=\"mprm-content-container\">\r\n\t\t\t<div class=\"mprm-price-container\">\r\n\t\t\t\t<span class=\"mprm-price\">&euro;5.20<\/span>\r\n\t\t\t<\/div>\r\n\t\t<\/div>\r\n\t\t<\/div>\n\t\t\t<div class=\"mprm-remove-hentry mprm-columns mprm-three post-108 mp_menu_item type-mp_menu_item status-publish has-post-thumbnail mp_menu_category-sushi mprm-theme-mode mp-menu-item\">\n\t\t<img loading=\"lazy\" decoding=\"async\" width=\"400\" height=\"300\" src=\"https:\/\/www.hoki-sushi-herblay.com\/wp-content\/uploads\/2017\/07\/SU2_sushi-thon-400x300.jpg\" class=\"mprm-image\" alt=\"\" \/>\n\t<div class=\"mprm-content-container mprm-title\">\n\t\t\t\t\t<b>SU2 - Sushi thon<\/b>\n\t\t\t<\/div>\n\n\t\t<div class=\"mprm-content-container\">\r\n\t\t\t<div class=\"mprm-price-container\">\r\n\t\t\t\t<span class=\"mprm-price\">&euro;5.50<\/span>\r\n\t\t\t<\/div>\r\n\t\t<\/div>\r\n\t\t<\/div>\n\t\t\t<div class=\"mprm-remove-hentry mprm-columns mprm-three post-109 mp_menu_item type-mp_menu_item status-publish has-post-thumbnail mp_menu_category-sushi mprm-theme-mode mp-menu-item\">\n\t\t<img loading=\"lazy\" decoding=\"async\" width=\"400\" height=\"300\" src=\"https:\/\/www.hoki-sushi-herblay.com\/wp-content\/uploads\/2017\/07\/SU3_sushi-daurade-400x300.jpg\" class=\"mprm-image\" alt=\"\" \/>\n\t<div class=\"mprm-content-container mprm-title\">\n\t\t\t\t\t<b>SU3 - Sushi daurade<\/b>\n\t\t\t<\/div>\n\n\t\t<div class=\"mprm-content-container\">\r\n\t\t\t<div class=\"mprm-price-container\">\r\n\t\t\t\t<span class=\"mprm-price\">&euro;5.20<\/span>\r\n\t\t\t<\/div>\r\n\t\t<\/div>\r\n\t\t<\/div>\n\t\t\t<div class=\"mprm-remove-hentry mprm-columns mprm-three post-110 mp_menu_item type-mp_menu_item status-publish has-post-thumbnail mp_menu_category-sushi mprm-theme-mode mp-menu-item\">\n\t\t<img loading=\"lazy\" decoding=\"async\" width=\"400\" height=\"300\" src=\"https:\/\/www.hoki-sushi-herblay.com\/wp-content\/uploads\/2017\/07\/SU4_sushi-maquereau-400x300.jpg\" class=\"mprm-image\" alt=\"\" \/>\n\t<div class=\"mprm-content-container mprm-title\">\n\t\t\t\t\t<b>SU4 - Sushi maquereau<\/b>\n\t\t\t<\/div>\n\n\t\t<div class=\"mprm-content-container\">\r\n\t\t\t<div class=\"mprm-price-container\">\r\n\t\t\t\t<span class=\"mprm-price\">&euro;5.20<\/span>\r\n\t\t\t<\/div>\r\n\t\t<\/div>\r\n\t\t<\/div>\n\t\t\t\t<\/div>\n\t\t\t\t\t<div class=\"mprm-row\">\n\t\t\t\t<div class=\"mprm-remove-hentry mprm-columns mprm-three post-111 mp_menu_item type-mp_menu_item status-publish has-post-thumbnail mp_menu_category-sushi mprm-theme-mode mp-menu-item\">\n\t\t<img loading=\"lazy\" decoding=\"async\" width=\"400\" height=\"300\" src=\"https:\/\/www.hoki-sushi-herblay.com\/wp-content\/uploads\/2017\/07\/SU5_sushi-crevette-400x300.jpg\" class=\"mprm-image\" alt=\"\" \/>\n\t<div class=\"mprm-content-container mprm-title\">\n\t\t\t\t\t<b>SU5 - Sushi crevette<\/b>\n\t\t\t<\/div>\n\n\t\t<div class=\"mprm-content-container\">\r\n\t\t\t<div class=\"mprm-price-container\">\r\n\t\t\t\t<span class=\"mprm-price\">&euro;5.50<\/span>\r\n\t\t\t<\/div>\r\n\t\t<\/div>\r\n\t\t<\/div>\n\t\t\t<div class=\"mprm-remove-hentry mprm-columns mprm-three post-112 mp_menu_item type-mp_menu_item status-publish has-post-thumbnail mp_menu_category-sushi mprm-theme-mode mp-menu-item\">\n\t\t<img loading=\"lazy\" decoding=\"async\" width=\"400\" height=\"300\" src=\"https:\/\/www.hoki-sushi-herblay.com\/wp-content\/uploads\/2017\/07\/SU6_sushi-poulpe-400x300.jpg\" class=\"mprm-image\" alt=\"\" \/>\n\t<div class=\"mprm-content-container mprm-title\">\n\t\t\t\t\t<b>SU6 - Sushi poulpe<\/b>\n\t\t\t<\/div>\n\n\t\t<div class=\"mprm-content-container\">\r\n\t\t\t<div class=\"mprm-price-container\">\r\n\t\t\t\t<span class=\"mprm-price\">&euro;6.50<\/span>\r\n\t\t\t<\/div>\r\n\t\t<\/div>\r\n\t\t<\/div>\n\t\t\t<div class=\"mprm-remove-hentry mprm-columns mprm-three post-113 mp_menu_item type-mp_menu_item status-publish has-post-thumbnail mp_menu_category-sushi mprm-theme-mode mp-menu-item\">\n\t\t<img loading=\"lazy\" decoding=\"async\" width=\"400\" height=\"300\" src=\"https:\/\/www.hoki-sushi-herblay.com\/wp-content\/uploads\/2017\/07\/SU7_sushi-oeufs-de-saumon-400x300.jpg\" class=\"mprm-image\" alt=\"\" \/>\n\t<div class=\"mprm-content-container mprm-title\">\n\t\t\t\t\t<b>SU7 - Sushi \u0153ufs de saumon<\/b>\n\t\t\t<\/div>\n\n\t\t<div class=\"mprm-content-container\">\r\n\t\t\t<div class=\"mprm-price-container\">\r\n\t\t\t\t<span class=\"mprm-price\">&euro;7.50<\/span>\r\n\t\t\t<\/div>\r\n\t\t<\/div>\r\n\t\t<\/div>\n\t\t\t<div class=\"mprm-remove-hentry mprm-columns mprm-three post-114 mp_menu_item type-mp_menu_item status-publish has-post-thumbnail mp_menu_category-sushi mprm-theme-mode mp-menu-item\">\n\t\t<img loading=\"lazy\" decoding=\"async\" width=\"400\" height=\"300\" src=\"https:\/\/www.hoki-sushi-herblay.com\/wp-content\/uploads\/2017\/07\/SU8_sushi-anguille-400x300.jpg\" class=\"mprm-image\" alt=\"\" \/>\n\t<div class=\"mprm-content-container mprm-title\">\n\t\t\t\t\t<b>SU8 - Sushi anguille<\/b>\n\t\t\t<\/div>\n\n\t\t<div class=\"mprm-content-container\">\r\n\t\t\t<div class=\"mprm-price-container\">\r\n\t\t\t\t<span class=\"mprm-price\">&euro;7.20<\/span>\r\n\t\t\t<\/div>\r\n\t\t<\/div>\r\n\t\t<\/div>\n\t\t\t\t<\/div>\n\t\t\t\t\t<div class=\"mprm-row\">\n\t\t\t\t<div class=\"mprm-remove-hentry mprm-columns mprm-three post-117 mp_menu_item type-mp_menu_item status-publish has-post-thumbnail mp_menu_category-sushi mprm-theme-mode mp-menu-item\">\n\t\t<img loading=\"lazy\" decoding=\"async\" width=\"400\" height=\"300\" src=\"https:\/\/www.hoki-sushi-herblay.com\/wp-content\/uploads\/2017\/07\/SU10_sushi-tartare-saumon-400x300.jpg\" class=\"mprm-image\" alt=\"\" \/>\n\t<div class=\"mprm-content-container mprm-title\">\n\t\t\t\t\t<b>SU10 - Sushi tartare de saumon<\/b>\n\t\t\t<\/div>\n\n\t\t<div class=\"mprm-content-container\">\r\n\t\t\t<div class=\"mprm-price-container\">\r\n\t\t\t\t<span class=\"mprm-price\">&euro;5.50<\/span>\r\n\t\t\t<\/div>\r\n\t\t<\/div>\r\n\t\t<\/div>\n\t\t\t<div class=\"mprm-remove-hentry mprm-columns mprm-three post-118 mp_menu_item type-mp_menu_item status-publish has-post-thumbnail mp_menu_category-sushi mprm-theme-mode mp-menu-item\">\n\t\t<img loading=\"lazy\" decoding=\"async\" width=\"400\" height=\"300\" src=\"https:\/\/www.hoki-sushi-herblay.com\/wp-content\/uploads\/2017\/07\/SU11_sushi-tartare-thon-400x300.jpg\" class=\"mprm-image\" alt=\"\" \/>\n\t<div class=\"mprm-content-container mprm-title\">\n\t\t\t\t\t<b>SU11 - Sushi tartare de thon<\/b>\n\t\t\t<\/div>\n\n\t\t<div class=\"mprm-content-container\">\r\n\t\t\t<div class=\"mprm-price-container\">\r\n\t\t\t\t<span class=\"mprm-price\">&euro;5.80<\/span>\r\n\t\t\t<\/div>\r\n\t\t<\/div>\r\n\t\t<\/div>\n\t\t\t<div class=\"mprm-remove-hentry mprm-columns mprm-three post-120 mp_menu_item type-mp_menu_item status-publish has-post-thumbnail mp_menu_category-sushi mprm-theme-mode mp-menu-item\">\n\t\t<img loading=\"lazy\" decoding=\"async\" width=\"400\" height=\"300\" src=\"https:\/\/www.hoki-sushi-herblay.com\/wp-content\/uploads\/2017\/07\/SU12_sushi_tartare-thon-cui-400x300.jpg\" class=\"mprm-image\" alt=\"\" \/>\n\t<div class=\"mprm-content-container mprm-title\">\n\t\t\t\t\t<b>SU12 - Sushi tartare de thon cuit<\/b>\n\t\t\t<\/div>\n\n\t\t<div class=\"mprm-content-container\">\r\n\t\t\t<div class=\"mprm-price-container\">\r\n\t\t\t\t<span class=\"mprm-price\">&euro;5.20<\/span>\r\n\t\t\t<\/div>\r\n\t\t<\/div>\r\n\t\t<\/div>\n\t\t\t<div class=\"mprm-remove-hentry mprm-columns mprm-three post-966 mp_menu_item type-mp_menu_item status-publish has-post-thumbnail mp_menu_category-sushi mprm-theme-mode mp-menu-item\">\n\t\t<img loading=\"lazy\" decoding=\"async\" width=\"400\" height=\"300\" src=\"https:\/\/www.hoki-sushi-herblay.com\/wp-content\/uploads\/2017\/07\/SU13_sushi-avocat-saumon-400x300.jpg\" class=\"mprm-image\" alt=\"\" \/>\n\t<div class=\"mprm-content-container mprm-title\">\n\t\t\t\t\t<b>SU13 - Sushi avocat saumon<\/b>\n\t\t\t<\/div>\n\n\t\t<div class=\"mprm-content-container\">\r\n\t\t\t<div class=\"mprm-price-container\">\r\n\t\t\t\t<span class=\"mprm-price\">&euro;6.80<\/span>\r\n\t\t\t<\/div>\r\n\t\t<\/div>\r\n\t\t<\/div>\n\t\t\t\t<\/div>\n\t\t\t\t\t<div class=\"mprm-row\">\n\t\t\t\t<div class=\"mprm-remove-hentry mprm-columns mprm-three post-122 mp_menu_item type-mp_menu_item status-publish has-post-thumbnail mp_menu_category-sushi mprm-theme-mode mp-menu-item\">\n\t\t<img loading=\"lazy\" decoding=\"async\" width=\"400\" height=\"300\" src=\"https:\/\/www.hoki-sushi-herblay.com\/wp-content\/uploads\/2017\/07\/SU14_sushi-tobiko-orange-400x300.jpg\" class=\"mprm-image\" alt=\"\" \/>\n\t<div class=\"mprm-content-container mprm-title\">\n\t\t\t\t\t<b>SU14 - Sushi tobiko orange<\/b>\n\t\t\t<\/div>\n\n\t\t<div class=\"mprm-content-container\">\r\n\t\t\t<div class=\"mprm-price-container\">\r\n\t\t\t\t<span class=\"mprm-price\">&euro;6.50<\/span>\r\n\t\t\t<\/div>\r\n\t\t<\/div>\r\n\t\t<\/div>\n\t\t\t<div class=\"mprm-remove-hentry mprm-columns mprm-three post-123 mp_menu_item type-mp_menu_item status-publish has-post-thumbnail mp_menu_category-sushi mprm-theme-mode mp-menu-item\">\n\t\t<img loading=\"lazy\" decoding=\"async\" width=\"400\" height=\"300\" src=\"https:\/\/www.hoki-sushi-herblay.com\/wp-content\/uploads\/2017\/07\/SU15_sushi-avocat-cheese-400x300.jpg\" class=\"mprm-image\" alt=\"\" \/>\n\t<div class=\"mprm-content-container mprm-title\">\n\t\t\t\t\t<b>SU15 - Sushi avocat cheese<\/b>\n\t\t\t<\/div>\n\n\t\t<div class=\"mprm-content-container\">\r\n\t\t\t<div class=\"mprm-price-container\">\r\n\t\t\t\t<span class=\"mprm-price\">&euro;5.50<\/span>\r\n\t\t\t<\/div>\r\n\t\t<\/div>\r\n\t\t<\/div>\n\t\t\t<div class=\"mprm-remove-hentry mprm-columns mprm-three post-124 mp_menu_item type-mp_menu_item status-publish has-post-thumbnail mp_menu_category-sushi mprm-theme-mode mp-menu-item\">\n\t\t<img loading=\"lazy\" decoding=\"async\" width=\"400\" height=\"300\" src=\"https:\/\/www.hoki-sushi-herblay.com\/wp-content\/uploads\/2017\/07\/SU16_sushi-foie-gras-400x300.jpg\" class=\"mprm-image\" alt=\"\" \/>\n\t<div class=\"mprm-content-container mprm-title\">\n\t\t\t\t\t<b>SU16 - Sushi foie gras<\/b>\n\t\t\t<\/div>\n\n\t\t<div class=\"mprm-content-container\">\r\n\t\t\t<div class=\"mprm-price-container\">\r\n\t\t\t\t<span class=\"mprm-price\">&euro;7.50<\/span>\r\n\t\t\t<\/div>\r\n\t\t<\/div>\r\n\t\t<\/div>\n\t\t\t<div class=\"mprm-remove-hentry mprm-columns mprm-three post-1894 mp_menu_item type-mp_menu_item status-publish has-post-thumbnail mp_menu_category-sushi mprm-theme-mode mp-menu-item\">\n\t\t<img loading=\"lazy\" decoding=\"async\" width=\"400\" height=\"300\" src=\"https:\/\/www.hoki-sushi-herblay.com\/wp-content\/uploads\/2022\/01\/SU17_sushi-saumon-braise-400x300.jpg\" class=\"mprm-image\" alt=\"\" \/>\n\t<div class=\"mprm-content-container mprm-title\">\n\t\t\t\t\t<b>SU17 - Sushi saumon brais\u00e9<\/b>\n\t\t\t<\/div>\n\n\t\t<div class=\"mprm-content-container\">\r\n\t\t\t<div class=\"mprm-price-container\">\r\n\t\t\t\t<span class=\"mprm-price\">&euro;7.00<\/span>\r\n\t\t\t<\/div>\r\n\t\t<\/div>\r\n\t\t<\/div>\n\t\t\t\t<\/div>\n\t\t\t\t\t<div class=\"mprm-row\">\n\t\t\t\t<div class=\"mprm-remove-hentry mprm-columns mprm-three post-1895 mp_menu_item type-mp_menu_item status-publish has-post-thumbnail mp_menu_category-sushi mprm-theme-mode mp-menu-item\">\n\t\t<img loading=\"lazy\" decoding=\"async\" width=\"400\" height=\"300\" src=\"https:\/\/www.hoki-sushi-herblay.com\/wp-content\/uploads\/2022\/01\/SU18_sushi-thon-braise-400x300.jpg\" class=\"mprm-image\" alt=\"\" \/>\n\t<div class=\"mprm-content-container mprm-title\">\n\t\t\t\t\t<b>SU18 - Sushi thon brais\u00e9<\/b>\n\t\t\t<\/div>\n\n\t\t<div class=\"mprm-content-container\">\r\n\t\t\t<div class=\"mprm-price-container\">\r\n\t\t\t\t<span class=\"mprm-price\">&euro;7.00<\/span>\r\n\t\t\t<\/div>\r\n\t\t<\/div>\r\n\t\t<\/div>\n\t\t\t<div class=\"mprm-remove-hentry mprm-columns mprm-three post-1896 mp_menu_item type-mp_menu_item status-publish has-post-thumbnail mp_menu_category-sushi mprm-theme-mode mp-menu-item\">\n\t\t<img loading=\"lazy\" decoding=\"async\" width=\"400\" height=\"300\" src=\"https:\/\/www.hoki-sushi-herblay.com\/wp-content\/uploads\/2022\/01\/SU19_sushi-daurade-braisee-400x300.jpg\" class=\"mprm-image\" alt=\"\" \/>\n\t<div class=\"mprm-content-container mprm-title\">\n\t\t\t\t\t<b>SU19 - Sushi daurade brais\u00e9e<\/b>\n\t\t\t<\/div>\n\n\t\t<div class=\"mprm-content-container\">\r\n\t\t\t<div class=\"mprm-price-container\">\r\n\t\t\t\t<span class=\"mprm-price\">&euro;7.00<\/span>\r\n\t\t\t<\/div>\r\n\t\t<\/div>\r\n\t\t<\/div>\n\t\t\t\t<\/div>\n\t\t<\/div>\n","protected":false},"excerpt":{"rendered":"<p>retour vers les plats \u00e0 la carte &nbsp; D\u00e9licieux canap\u00e9 de riz avec des garnitures crues ou cuites. Servis par 2. &nbsp;<\/p>\n","protected":false},"author":1,"featured_media":0,"parent":10,"menu_order":0,"comment_status":"closed","ping_status":"closed","template":"","meta":{"footnotes":""},"_links":{"self":[{"href":"https:\/\/www.hoki-sushi-herblay.com\/index.php\/wp-json\/wp\/v2\/pages\/1130"}],"collection":[{"href":"https:\/\/www.hoki-sushi-herblay.com\/index.php\/wp-json\/wp\/v2\/pages"}],"about":[{"href":"https:\/\/www.hoki-sushi-herblay.com\/index.php\/wp-json\/wp\/v2\/types\/page"}],"author":[{"embeddable":true,"href":"https:\/\/www.hoki-sushi-herblay.com\/index.php\/wp-json\/wp\/v2\/users\/1"}],"replies":[{"embeddable":true,"href":"https:\/\/www.hoki-sushi-herblay.com\/index.php\/wp-json\/wp\/v2\/comments?post=1130"}],"version-history":[{"count":4,"href":"https:\/\/www.hoki-sushi-herblay.com\/index.php\/wp-json\/wp\/v2\/pages\/1130\/revisions"}],"predecessor-version":[{"id":1426,"href":"https:\/\/www.hoki-sushi-herblay.com\/index.php\/wp-json\/wp\/v2\/pages\/1130\/revisions\/1426"}],"up":[{"embeddable":true,"href":"https:\/\/www.hoki-sushi-herblay.com\/index.php\/wp-json\/wp\/v2\/pages\/10"}],"wp:attachment":[{"href":"https:\/\/www.hoki-sushi-herblay.com\/index.php\/wp-json\/wp\/v2\/media?parent=1130"}],"curies":[{"name":"wp","href":"https:\/\/api.w.org\/{rel}","templated":true}]}}