{"id":1119,"date":"2017-07-24T02:42:04","date_gmt":"2017-07-24T00:42:04","guid":{"rendered":"http:\/\/www.hoki-sushi-herblay.com\/?page_id=1119"},"modified":"2022-01-07T20:53:07","modified_gmt":"2022-01-07T19:53:07","slug":"maki","status":"publish","type":"page","link":"https:\/\/www.hoki-sushi-herblay.com\/index.php\/carte\/maki\/","title":{"rendered":"MAKI &#8211; NEIGE ROLL"},"content":{"rendered":"<h6><i class=\"wp-svg-home home\"><\/i> <a href=\"http:\/\/www.hoki-sushi-herblay.com\/index.php\/carte\/\">retour vers les plats \u00e0 la carte<\/a><\/h6>\n<p>&nbsp;<\/p>\n<h3>Makis<\/h3>\n<p>Rouleaux de feuilles d&#8217;algues s\u00e9ch\u00e9es entourant du riz vinaigr\u00e9 farcis de divers aliments. Servis par 6 pi\u00e8ces.<\/p>\n<p>&nbsp;<\/p>\n<div class=\"mprm-container mprm-shortcode-items mprm-view-grid\">\n\t\t\t\t<div class=\"mprm-row\">\n\t\t\t\t<div class=\"mprm-remove-hentry mprm-columns mprm-three post-234 mp_menu_item type-mp_menu_item status-publish has-post-thumbnail mp_menu_category-maki mprm-theme-mode mp-menu-item\">\n\t\t<img loading=\"lazy\" decoding=\"async\" width=\"400\" height=\"300\" src=\"https:\/\/www.hoki-sushi-herblay.com\/wp-content\/uploads\/2017\/07\/MA1_maki_saumon-400x300.jpg\" class=\"mprm-image\" alt=\"\" \/>\n\t<div class=\"mprm-content-container mprm-title\">\n\t\t\t\t\t<b>MA1 - Maki saumon<\/b>\n\t\t\t<\/div>\n\n\t\t<div class=\"mprm-content-container\">\r\n\t\t\t<div class=\"mprm-price-container\">\r\n\t\t\t\t<span class=\"mprm-price\">&euro;5.20<\/span>\r\n\t\t\t<\/div>\r\n\t\t<\/div>\r\n\t\t<\/div>\n\t\t\t<div class=\"mprm-remove-hentry mprm-columns mprm-three post-250 mp_menu_item type-mp_menu_item status-publish has-post-thumbnail mp_menu_category-maki mprm-theme-mode mp-menu-item\">\n\t\t<img loading=\"lazy\" decoding=\"async\" width=\"400\" height=\"300\" src=\"https:\/\/www.hoki-sushi-herblay.com\/wp-content\/uploads\/2017\/07\/MA2_maki-thon-400x300.jpg\" class=\"mprm-image\" alt=\"\" \/>\n\t<div class=\"mprm-content-container mprm-title\">\n\t\t\t\t\t<b>MA2 - Maki thon<\/b>\n\t\t\t<\/div>\n\n\t\t<div class=\"mprm-content-container\">\r\n\t\t\t<div class=\"mprm-price-container\">\r\n\t\t\t\t<span class=\"mprm-price\">&euro;5.50<\/span>\r\n\t\t\t<\/div>\r\n\t\t<\/div>\r\n\t\t<\/div>\n\t\t\t<div class=\"mprm-remove-hentry mprm-columns mprm-three post-251 mp_menu_item type-mp_menu_item status-publish has-post-thumbnail mp_menu_category-maki mprm-theme-mode mp-menu-item\">\n\t\t<img loading=\"lazy\" decoding=\"async\" width=\"400\" height=\"300\" src=\"https:\/\/www.hoki-sushi-herblay.com\/wp-content\/uploads\/2017\/07\/MA3_maki-anguille-400x300.jpg\" class=\"mprm-image\" alt=\"\" \/>\n\t<div class=\"mprm-content-container mprm-title\">\n\t\t\t\t\t<b>MA3 - Maki anguille<\/b>\n\t\t\t<\/div>\n\n\t\t<div class=\"mprm-content-container\">\r\n\t\t\t<div class=\"mprm-price-container\">\r\n\t\t\t\t<span class=\"mprm-price\">&euro;6.20<\/span>\r\n\t\t\t<\/div>\r\n\t\t<\/div>\r\n\t\t<\/div>\n\t\t\t<div class=\"mprm-remove-hentry mprm-columns mprm-three post-252 mp_menu_item type-mp_menu_item status-publish has-post-thumbnail mp_menu_category-maki mprm-theme-mode mp-menu-item\">\n\t\t<img loading=\"lazy\" decoding=\"async\" width=\"400\" height=\"300\" src=\"https:\/\/www.hoki-sushi-herblay.com\/wp-content\/uploads\/2017\/07\/MA4_maki-concombre-400x300.jpg\" class=\"mprm-image\" alt=\"\" \/>\n\t<div class=\"mprm-content-container mprm-title\">\n\t\t\t\t\t<b>MA4 - Maki concombre<\/b>\n\t\t\t<\/div>\n\n\t\t<div class=\"mprm-content-container\">\r\n\t\t\t<div class=\"mprm-price-container\">\r\n\t\t\t\t<span class=\"mprm-price\">&euro;5.20<\/span>\r\n\t\t\t<\/div>\r\n\t\t<\/div>\r\n\t\t<\/div>\n\t\t\t\t<\/div>\n\t\t\t\t\t<div class=\"mprm-row\">\n\t\t\t\t<div class=\"mprm-remove-hentry mprm-columns mprm-three post-253 mp_menu_item type-mp_menu_item status-publish has-post-thumbnail mp_menu_category-maki mprm-theme-mode mp-menu-item\">\n\t\t<img loading=\"lazy\" decoding=\"async\" width=\"400\" height=\"300\" src=\"https:\/\/www.hoki-sushi-herblay.com\/wp-content\/uploads\/2017\/07\/MA5_maki-thon-cuit-400x300.jpg\" class=\"mprm-image\" alt=\"\" \/>\n\t<div class=\"mprm-content-container mprm-title\">\n\t\t\t\t\t<b>MA5 - Maki thon cuit<\/b>\n\t\t\t<\/div>\n\n\t\t<div class=\"mprm-content-container\">\r\n\t\t\t<div class=\"mprm-price-container\">\r\n\t\t\t\t<span class=\"mprm-price\">&euro;5.50<\/span>\r\n\t\t\t<\/div>\r\n\t\t<\/div>\r\n\t\t<\/div>\n\t\t\t<div class=\"mprm-remove-hentry mprm-columns mprm-three post-254 mp_menu_item type-mp_menu_item status-publish has-post-thumbnail mp_menu_category-maki mprm-theme-mode mp-menu-item\">\n\t\t<img loading=\"lazy\" decoding=\"async\" width=\"400\" height=\"300\" src=\"https:\/\/www.hoki-sushi-herblay.com\/wp-content\/uploads\/2017\/07\/MA6_maki-avocat-cheese-400x300.jpg\" class=\"mprm-image\" alt=\"\" \/>\n\t<div class=\"mprm-content-container mprm-title\">\n\t\t\t\t\t<b>MA6 - Maki avocat cheese<\/b>\n\t\t\t<\/div>\n\n\t\t<div class=\"mprm-content-container\">\r\n\t\t\t<div class=\"mprm-price-container\">\r\n\t\t\t\t<span class=\"mprm-price\">&euro;5.20<\/span>\r\n\t\t\t<\/div>\r\n\t\t<\/div>\r\n\t\t<\/div>\n\t\t\t<div class=\"mprm-remove-hentry mprm-columns mprm-three post-255 mp_menu_item type-mp_menu_item status-publish has-post-thumbnail mp_menu_category-maki mprm-theme-mode mp-menu-item\">\n\t\t<img loading=\"lazy\" decoding=\"async\" width=\"400\" height=\"300\" src=\"https:\/\/www.hoki-sushi-herblay.com\/wp-content\/uploads\/2017\/07\/MA7_maki-radis-marine-400x300.jpg\" class=\"mprm-image\" alt=\"\" \/>\n\t<div class=\"mprm-content-container mprm-title\">\n\t\t\t\t\t<b>MA7 - Maki radis marin\u00e9<\/b>\n\t\t\t<\/div>\n\n\t\t<div class=\"mprm-content-container\">\r\n\t\t\t<div class=\"mprm-price-container\">\r\n\t\t\t\t<span class=\"mprm-price\">&euro;5.20<\/span>\r\n\t\t\t<\/div>\r\n\t\t<\/div>\r\n\t\t<\/div>\n\t\t\t<div class=\"mprm-remove-hentry mprm-columns mprm-three post-259 mp_menu_item type-mp_menu_item status-publish has-post-thumbnail mp_menu_category-maki mprm-theme-mode mp-menu-item\">\n\t\t<img loading=\"lazy\" decoding=\"async\" width=\"400\" height=\"300\" src=\"https:\/\/www.hoki-sushi-herblay.com\/wp-content\/uploads\/2017\/07\/MA10_maki-saumon-avocat-che-400x300.jpg\" class=\"mprm-image\" alt=\"\" \/>\n\t<div class=\"mprm-content-container mprm-title\">\n\t\t\t\t\t<b>MA10 - Maki saumon avocat cheese<\/b>\n\t\t\t<\/div>\n\n\t\t<div class=\"mprm-content-container\">\r\n\t\t\t<div class=\"mprm-price-container\">\r\n\t\t\t\t<span class=\"mprm-price\">&euro;5.50<\/span>\r\n\t\t\t<\/div>\r\n\t\t<\/div>\r\n\t\t<\/div>\n\t\t\t\t<\/div>\n\t\t\t\t\t<div class=\"mprm-row\">\n\t\t\t\t<div class=\"mprm-remove-hentry mprm-columns mprm-three post-260 mp_menu_item type-mp_menu_item status-publish has-post-thumbnail mp_menu_category-maki mprm-theme-mode mp-menu-item\">\n\t\t<img loading=\"lazy\" decoding=\"async\" width=\"400\" height=\"300\" src=\"https:\/\/www.hoki-sushi-herblay.com\/wp-content\/uploads\/2017\/07\/MA11_maki-\u0153ufs-de-saumon-400x300.jpg\" class=\"mprm-image\" alt=\"\" \/>\n\t<div class=\"mprm-content-container mprm-title\">\n\t\t\t\t\t<b>MA11 - Maki \u0153ufs de saumon<\/b>\n\t\t\t<\/div>\n\n\t\t<div class=\"mprm-content-container\">\r\n\t\t\t<div class=\"mprm-price-container\">\r\n\t\t\t\t<span class=\"mprm-price\">&euro;6.20<\/span>\r\n\t\t\t<\/div>\r\n\t\t<\/div>\r\n\t\t<\/div>\n\t\t\t<div class=\"mprm-remove-hentry mprm-columns mprm-three post-261 mp_menu_item type-mp_menu_item status-publish has-post-thumbnail mp_menu_category-maki mprm-theme-mode mp-menu-item\">\n\t\t<img loading=\"lazy\" decoding=\"async\" width=\"400\" height=\"300\" src=\"https:\/\/www.hoki-sushi-herblay.com\/wp-content\/uploads\/2017\/07\/MA12_maki-foie-gras-400x300.jpg\" class=\"mprm-image\" alt=\"\" \/>\n\t<div class=\"mprm-content-container mprm-title\">\n\t\t\t\t\t<b>MA12 - Maki foie gras<\/b>\n\t\t\t<\/div>\n\n\t\t<div class=\"mprm-content-container\">\r\n\t\t\t<div class=\"mprm-price-container\">\r\n\t\t\t\t<span class=\"mprm-price\">&euro;6.80<\/span>\r\n\t\t\t<\/div>\r\n\t\t<\/div>\r\n\t\t<\/div>\n\t\t\t\t<\/div>\n\t\t<\/div>\n<p>&nbsp;<\/p>\n<h3>Neige Roll<\/h3>\n<p>Rouleaux de riz garnis sans algue. Servis par 6 pi\u00e8ces.<\/p>\n<p>&nbsp;<\/p>\n<div class=\"mprm-container mprm-shortcode-items mprm-view-grid\">\n\t\t\t\t<div class=\"mprm-row\">\n\t\t\t\t<div class=\"mprm-remove-hentry mprm-columns mprm-three post-1874 mp_menu_item type-mp_menu_item status-publish has-post-thumbnail mp_menu_category-neige-roll mprm-theme-mode mp-menu-item\">\n\t\t<img loading=\"lazy\" decoding=\"async\" width=\"400\" height=\"300\" src=\"https:\/\/www.hoki-sushi-herblay.com\/wp-content\/uploads\/2022\/01\/F2_flocon_avocat-saumon-400x300.jpg\" class=\"mprm-image\" alt=\"\" \/>\n\t<div class=\"mprm-content-container mprm-title\">\n\t\t\t\t\t<b>NR1 - Neige Roll - Saumon avocat<\/b>\n\t\t\t<\/div>\n\n\t\t<div class=\"mprm-content-container\">\r\n\t\t\t<div class=\"mprm-price-container\">\r\n\t\t\t\t<span class=\"mprm-price\">&euro;6.50<\/span>\r\n\t\t\t<\/div>\r\n\t\t<\/div>\r\n\t\t<\/div>\n\t\t\t<div class=\"mprm-remove-hentry mprm-columns mprm-three post-1877 mp_menu_item type-mp_menu_item status-publish has-post-thumbnail mp_menu_category-neige-roll mprm-theme-mode mp-menu-item\">\n\t\t<img loading=\"lazy\" decoding=\"async\" width=\"400\" height=\"300\" src=\"https:\/\/www.hoki-sushi-herblay.com\/wp-content\/uploads\/2022\/01\/NR2_thon-avocat-400x300.jpg\" class=\"mprm-image\" alt=\"\" \/>\n\t<div class=\"mprm-content-container mprm-title\">\n\t\t\t\t\t<b>NR2 - Neige Roll - Thon avocat<\/b>\n\t\t\t<\/div>\n\n\t\t<div class=\"mprm-content-container\">\r\n\t\t\t<div class=\"mprm-price-container\">\r\n\t\t\t\t<span class=\"mprm-price\">&euro;6.50<\/span>\r\n\t\t\t<\/div>\r\n\t\t<\/div>\r\n\t\t<\/div>\n\t\t\t<div class=\"mprm-remove-hentry mprm-columns mprm-three post-1882 mp_menu_item type-mp_menu_item status-publish has-post-thumbnail mp_menu_category-neige-roll mprm-theme-mode mp-menu-item\">\n\t\t<img loading=\"lazy\" decoding=\"async\" width=\"400\" height=\"300\" src=\"https:\/\/www.hoki-sushi-herblay.com\/wp-content\/uploads\/2022\/01\/F4_flocon_avocat-thon-cuit-400x300.jpg\" class=\"mprm-image\" alt=\"\" \/>\n\t<div class=\"mprm-content-container mprm-title\">\n\t\t\t\t\t<b>NR3 - Neige Roll - Thon cuit avocat<\/b>\n\t\t\t<\/div>\n\n\t\t<div class=\"mprm-content-container\">\r\n\t\t\t<div class=\"mprm-price-container\">\r\n\t\t\t\t<span class=\"mprm-price\">&euro;6.50<\/span>\r\n\t\t\t<\/div>\r\n\t\t<\/div>\r\n\t\t<\/div>\n\t\t\t<div class=\"mprm-remove-hentry mprm-columns mprm-three post-1885 mp_menu_item type-mp_menu_item status-publish has-post-thumbnail mp_menu_category-neige-roll mprm-theme-mode mp-menu-item\">\n\t\t<img loading=\"lazy\" decoding=\"async\" width=\"400\" height=\"300\" src=\"https:\/\/www.hoki-sushi-herblay.com\/wp-content\/uploads\/2022\/01\/F7_flocon_avocat-cheese-400x300.jpg\" class=\"mprm-image\" alt=\"\" \/>\n\t<div class=\"mprm-content-container mprm-title\">\n\t\t\t\t\t<b>NR4 - Neige Roll - Cheese avocat<\/b>\n\t\t\t<\/div>\n\n\t\t<div class=\"mprm-content-container\">\r\n\t\t\t<div class=\"mprm-price-container\">\r\n\t\t\t\t<span class=\"mprm-price\">&euro;6.50<\/span>\r\n\t\t\t<\/div>\r\n\t\t<\/div>\r\n\t\t<\/div>\n\t\t\t\t<\/div>\n\t\t\t\t\t<div class=\"mprm-row\">\n\t\t\t\t<div class=\"mprm-remove-hentry mprm-columns mprm-three post-1887 mp_menu_item type-mp_menu_item status-publish has-post-thumbnail mp_menu_category-neige-roll mprm-theme-mode mp-menu-item\">\n\t\t<img loading=\"lazy\" decoding=\"async\" width=\"400\" height=\"300\" src=\"https:\/\/www.hoki-sushi-herblay.com\/wp-content\/uploads\/2022\/01\/F6_flocon_saumon-cheese-400x300.jpg\" class=\"mprm-image\" alt=\"\" \/>\n\t<div class=\"mprm-content-container mprm-title\">\n\t\t\t\t\t<b>NR5 - Neige Roll - Cheese saumon<\/b>\n\t\t\t<\/div>\n\n\t\t<div class=\"mprm-content-container\">\r\n\t\t\t<div class=\"mprm-price-container\">\r\n\t\t\t\t<span class=\"mprm-price\">&euro;6.50<\/span>\r\n\t\t\t<\/div>\r\n\t\t<\/div>\r\n\t\t<\/div>\n\t\t\t\t<\/div>\n\t\t<\/div>\n<p>&nbsp;<\/p>\n<p>&nbsp;<\/p>\n","protected":false},"excerpt":{"rendered":"<p>retour vers les plats \u00e0 la carte &nbsp; Makis Rouleaux de feuilles d&#8217;algues s\u00e9ch\u00e9es entourant du riz vinaigr\u00e9 farcis de divers aliments. Servis par 6 pi\u00e8ces. &nbsp; &nbsp; Neige Roll [&hellip;]<\/p>\n","protected":false},"author":1,"featured_media":0,"parent":10,"menu_order":0,"comment_status":"closed","ping_status":"closed","template":"","meta":{"footnotes":""},"_links":{"self":[{"href":"https:\/\/www.hoki-sushi-herblay.com\/index.php\/wp-json\/wp\/v2\/pages\/1119"}],"collection":[{"href":"https:\/\/www.hoki-sushi-herblay.com\/index.php\/wp-json\/wp\/v2\/pages"}],"about":[{"href":"https:\/\/www.hoki-sushi-herblay.com\/index.php\/wp-json\/wp\/v2\/types\/page"}],"author":[{"embeddable":true,"href":"https:\/\/www.hoki-sushi-herblay.com\/index.php\/wp-json\/wp\/v2\/users\/1"}],"replies":[{"embeddable":true,"href":"https:\/\/www.hoki-sushi-herblay.com\/index.php\/wp-json\/wp\/v2\/comments?post=1119"}],"version-history":[{"count":7,"href":"https:\/\/www.hoki-sushi-herblay.com\/index.php\/wp-json\/wp\/v2\/pages\/1119\/revisions"}],"predecessor-version":[{"id":1892,"href":"https:\/\/www.hoki-sushi-herblay.com\/index.php\/wp-json\/wp\/v2\/pages\/1119\/revisions\/1892"}],"up":[{"embeddable":true,"href":"https:\/\/www.hoki-sushi-herblay.com\/index.php\/wp-json\/wp\/v2\/pages\/10"}],"wp:attachment":[{"href":"https:\/\/www.hoki-sushi-herblay.com\/index.php\/wp-json\/wp\/v2\/media?parent=1119"}],"curies":[{"name":"wp","href":"https:\/\/api.w.org\/{rel}","templated":true}]}}