{"id":1117,"date":"2017-07-24T02:41:15","date_gmt":"2017-07-24T00:41:15","guid":{"rendered":"http:\/\/www.hoki-sushi-herblay.com\/?page_id=1117"},"modified":"2023-12-23T17:14:06","modified_gmt":"2023-12-23T16:14:06","slug":"entrees","status":"publish","type":"page","link":"https:\/\/www.hoki-sushi-herblay.com\/index.php\/carte\/entrees\/","title":{"rendered":"ENTREES"},"content":{"rendered":"<h6><i class=\"wp-svg-home home\"><\/i> <a href=\"http:\/\/www.hoki-sushi-herblay.com\/index.php\/carte\/\">retour vers les plats \u00e0 la carte<\/a><\/h6>\n<p>&nbsp;<\/p>\n<p>Salades, entr\u00e9es froides\u00a0et chaudes<\/p>\n<p>&nbsp;<\/p>\n<div class=\"mprm-container mprm-shortcode-items mprm-view-grid\">\n\t\t\t\t<div class=\"mprm-row\">\n\t\t\t\t<div class=\"mprm-remove-hentry mprm-columns mprm-three post-83 mp_menu_item type-mp_menu_item status-publish has-post-thumbnail mp_menu_category-entrees mprm-theme-mode mp-menu-item\">\n\t\t<img loading=\"lazy\" decoding=\"async\" width=\"400\" height=\"300\" src=\"https:\/\/www.hoki-sushi-herblay.com\/wp-content\/uploads\/2017\/07\/E1_saladefruits-de-mer-400x300.jpg\" class=\"mprm-image\" alt=\"\" \/>\n\t<div class=\"mprm-content-container mprm-title\">\n\t\t\t\t\t<b>E1 - Salade de fruits de mer<\/b>\n\t\t\t<\/div>\n\n\t\t<div class=\"mprm-content-container\">\r\n\t\t\t<div class=\"mprm-price-container\">\r\n\t\t\t\t<span class=\"mprm-price\">&euro;9.20<\/span>\r\n\t\t\t<\/div>\r\n\t\t<\/div>\r\n\t\t<\/div>\n\t\t\t<div class=\"mprm-remove-hentry mprm-columns mprm-three post-84 mp_menu_item type-mp_menu_item status-publish has-post-thumbnail mp_menu_category-entrees mprm-theme-mode mp-menu-item\">\n\t\t<img loading=\"lazy\" decoding=\"async\" width=\"400\" height=\"300\" src=\"https:\/\/www.hoki-sushi-herblay.com\/wp-content\/uploads\/2017\/07\/E2_salade-saumon-avocat-400x300.jpg\" class=\"mprm-image\" alt=\"\" \/>\n\t<div class=\"mprm-content-container mprm-title\">\n\t\t\t\t\t<b>E2 - Salade de saumon avocat<\/b>\n\t\t\t<\/div>\n\n\t\t<div class=\"mprm-content-container\">\r\n\t\t\t<div class=\"mprm-price-container\">\r\n\t\t\t\t<span class=\"mprm-price\">&euro;9.20<\/span>\r\n\t\t\t<\/div>\r\n\t\t<\/div>\r\n\t\t<\/div>\n\t\t\t<div class=\"mprm-remove-hentry mprm-columns mprm-three post-58 mp_menu_item type-mp_menu_item status-publish has-post-thumbnail mp_menu_category-entrees mprm-theme-mode mp-menu-item\">\n\t\t<img loading=\"lazy\" decoding=\"async\" width=\"400\" height=\"300\" src=\"https:\/\/www.hoki-sushi-herblay.com\/wp-content\/uploads\/2017\/07\/E3_salade_poulet-avocat-400x300.jpg\" class=\"mprm-image\" alt=\"\" \/>\n\t<div class=\"mprm-content-container mprm-title\">\n\t\t\t\t\t<b>E3 - Salade de poulet \u00e9minc\u00e9 avocat<\/b>\n\t\t\t<\/div>\n\n\t\t<div class=\"mprm-content-container\">\r\n\t\t\t<div class=\"mprm-price-container\">\r\n\t\t\t\t<span class=\"mprm-price\">&euro;8.80<\/span>\r\n\t\t\t<\/div>\r\n\t\t<\/div>\r\n\t\t<\/div>\n\t\t\t<div class=\"mprm-remove-hentry mprm-columns mprm-three post-85 mp_menu_item type-mp_menu_item status-publish has-post-thumbnail mp_menu_category-entrees mprm-theme-mode mp-menu-item\">\n\t\t<img loading=\"lazy\" decoding=\"async\" width=\"400\" height=\"300\" src=\"https:\/\/www.hoki-sushi-herblay.com\/wp-content\/uploads\/2017\/07\/E4_salade-algues-400x300.jpg\" class=\"mprm-image\" alt=\"\" \/>\n\t<div class=\"mprm-content-container mprm-title\">\n\t\t\t\t\t<b>E4 - Salade de wakame (algues)<\/b>\n\t\t\t<\/div>\n\n\t\t<div class=\"mprm-content-container\">\r\n\t\t\t<div class=\"mprm-price-container\">\r\n\t\t\t\t<span class=\"mprm-price\">&euro;7.50<\/span>\r\n\t\t\t<\/div>\r\n\t\t<\/div>\r\n\t\t<\/div>\n\t\t\t\t<\/div>\n\t\t\t\t\t<div class=\"mprm-row\">\n\t\t\t\t<div class=\"mprm-remove-hentry mprm-columns mprm-three post-86 mp_menu_item type-mp_menu_item status-publish has-post-thumbnail mp_menu_category-entrees mprm-theme-mode mp-menu-item\">\n\t\t<img loading=\"lazy\" decoding=\"async\" width=\"400\" height=\"300\" src=\"https:\/\/www.hoki-sushi-herblay.com\/wp-content\/uploads\/2017\/07\/E5_raviolis-grilles-400x300.jpg\" class=\"mprm-image\" alt=\"\" \/>\n\t<div class=\"mprm-content-container mprm-title\">\n\t\t\t\t\t<b>E5 - Gyoza (raviolis grill\u00e9s) x 6<\/b>\n\t\t\t<\/div>\n\n\t\t<div class=\"mprm-content-container\">\r\n\t\t\t<div class=\"mprm-price-container\">\r\n\t\t\t\t<span class=\"mprm-price\">&euro;7.50<\/span>\r\n\t\t\t<\/div>\r\n\t\t<\/div>\r\n\t\t<\/div>\n\t\t\t<div class=\"mprm-remove-hentry mprm-columns mprm-three post-87 mp_menu_item type-mp_menu_item status-publish has-post-thumbnail mp_menu_category-entrees mp_ingredient-5-boulettes-fourrees-au-poulpe mprm-theme-mode mp-menu-item\">\n\t\t<img loading=\"lazy\" decoding=\"async\" width=\"400\" height=\"300\" src=\"https:\/\/www.hoki-sushi-herblay.com\/wp-content\/uploads\/2017\/07\/takoyaki-400x300.jpg\" class=\"mprm-image\" alt=\"\" \/>\n\t<div class=\"mprm-content-container mprm-title\">\n\t\t\t\t\t<b>E6 - Takoyaki<\/b>\n\t\t\t<\/div>\n\n\t<div class=\"mprm-ingredients mprm-content-container\">\n\t\t\t\t\t\t\t\t<span class=\"mprm-ingredient\">5 boulettes fourr\u00e9es au poulpe<\/span>\n\t\t\t\t<span class=\"mprm-ingredients-delimiter\">\/<\/span>\n\t\t\t\t<\/div>\n\t\t\t<div class=\"mprm-content-container\">\r\n\t\t\t<div class=\"mprm-price-container\">\r\n\t\t\t\t<span class=\"mprm-price\">&euro;8.80<\/span>\r\n\t\t\t<\/div>\r\n\t\t<\/div>\r\n\t\t<\/div>\n\t\t\t<div class=\"mprm-remove-hentry mprm-columns mprm-three post-88 mp_menu_item type-mp_menu_item status-publish has-post-thumbnail mp_menu_category-entrees mprm-theme-mode mp-menu-item\">\n\t\t<img loading=\"lazy\" decoding=\"async\" width=\"400\" height=\"300\" src=\"https:\/\/www.hoki-sushi-herblay.com\/wp-content\/uploads\/2017\/07\/E7_nems-crevettes-400x300.jpg\" class=\"mprm-image\" alt=\"\" \/>\n\t<div class=\"mprm-content-container mprm-title\">\n\t\t\t\t\t<b>E7 - N\u00eams aux crevettes x 4<\/b>\n\t\t\t<\/div>\n\n\t\t<div class=\"mprm-content-container\">\r\n\t\t\t<div class=\"mprm-price-container\">\r\n\t\t\t\t<span class=\"mprm-price\">&euro;7.00<\/span>\r\n\t\t\t<\/div>\r\n\t\t<\/div>\r\n\t\t<\/div>\n\t\t\t<div class=\"mprm-remove-hentry mprm-columns mprm-three post-89 mp_menu_item type-mp_menu_item status-publish has-post-thumbnail mp_menu_category-entrees mprm-theme-mode mp-menu-item\">\n\t\t<img loading=\"lazy\" decoding=\"async\" width=\"400\" height=\"300\" src=\"https:\/\/www.hoki-sushi-herblay.com\/wp-content\/uploads\/2017\/07\/E8_tempura-crevettes-400x300.jpg\" class=\"mprm-image\" alt=\"\" \/>\n\t<div class=\"mprm-content-container mprm-title\">\n\t\t\t\t\t<b>E8 - Tempura crevettes x 4<\/b>\n\t\t\t<\/div>\n\n\t\t<div class=\"mprm-content-container\">\r\n\t\t\t<div class=\"mprm-price-container\">\r\n\t\t\t\t<span class=\"mprm-price\">&euro;10.50<\/span>\r\n\t\t\t<\/div>\r\n\t\t<\/div>\r\n\t\t<\/div>\n\t\t\t\t<\/div>\n\t\t\t\t\t<div class=\"mprm-row\">\n\t\t\t\t<div class=\"mprm-remove-hentry mprm-columns mprm-three post-92 mp_menu_item type-mp_menu_item status-publish has-post-thumbnail mp_menu_category-entrees mprm-theme-mode mp-menu-item\">\n\t\t<img loading=\"lazy\" decoding=\"async\" width=\"400\" height=\"300\" src=\"https:\/\/www.hoki-sushi-herblay.com\/wp-content\/uploads\/2017\/07\/E9_salade-edamane-400x300.jpg\" class=\"mprm-image\" alt=\"\" \/>\n\t<div class=\"mprm-content-container mprm-title\">\n\t\t\t\t\t<b>E9 - Salade edamane (f\u00e8ves de soja)<\/b>\n\t\t\t<\/div>\n\n\t\t<div class=\"mprm-content-container\">\r\n\t\t\t<div class=\"mprm-price-container\">\r\n\t\t\t\t<span class=\"mprm-price\">&euro;6.50<\/span>\r\n\t\t\t<\/div>\r\n\t\t<\/div>\r\n\t\t<\/div>\n\t\t\t<div class=\"mprm-remove-hentry mprm-columns mprm-three post-216 mp_menu_item type-mp_menu_item status-publish has-post-thumbnail mp_menu_category-entrees mprm-theme-mode mp-menu-item\">\n\t\t<img loading=\"lazy\" decoding=\"async\" width=\"400\" height=\"300\" src=\"https:\/\/www.hoki-sushi-herblay.com\/wp-content\/uploads\/2017\/07\/E10_vapeur-ha-kao-400x300.jpg\" class=\"mprm-image\" alt=\"\" \/>\n\t<div class=\"mprm-content-container mprm-title\">\n\t\t\t\t\t<b>E10 - Vapeur Ha Kao x 4<\/b>\n\t\t\t<\/div>\n\n\t\t<div class=\"mprm-content-container\">\r\n\t\t\t<div class=\"mprm-price-container\">\r\n\t\t\t\t<span class=\"mprm-price\">&euro;6.80<\/span>\r\n\t\t\t<\/div>\r\n\t\t<\/div>\r\n\t\t<\/div>\n\t\t\t<div class=\"mprm-remove-hentry mprm-columns mprm-three post-218 mp_menu_item type-mp_menu_item status-publish has-post-thumbnail mp_menu_category-entrees mprm-theme-mode mp-menu-item\">\n\t\t<img loading=\"lazy\" decoding=\"async\" width=\"400\" height=\"300\" src=\"https:\/\/www.hoki-sushi-herblay.com\/wp-content\/uploads\/2017\/07\/E11_vapeur-bouchee-crevette-400x300.jpg\" class=\"mprm-image\" alt=\"\" \/>\n\t<div class=\"mprm-content-container mprm-title\">\n\t\t\t\t\t<b>E11 - Vapeur bouch\u00e9e de crevettes x 4<\/b>\n\t\t\t<\/div>\n\n\t\t<div class=\"mprm-content-container\">\r\n\t\t\t<div class=\"mprm-price-container\">\r\n\t\t\t\t<span class=\"mprm-price\">&euro;6.80<\/span>\r\n\t\t\t<\/div>\r\n\t\t<\/div>\r\n\t\t<\/div>\n\t\t\t<div class=\"mprm-remove-hentry mprm-columns mprm-three post-93 mp_menu_item type-mp_menu_item status-publish has-post-thumbnail mp_menu_category-entrees mprm-theme-mode mp-menu-item\">\n\t\t<img loading=\"lazy\" decoding=\"async\" width=\"400\" height=\"300\" src=\"https:\/\/www.hoki-sushi-herblay.com\/wp-content\/uploads\/2017\/07\/ailes-poulet-400x300.jpg\" class=\"mprm-image\" alt=\"\" \/>\n\t<div class=\"mprm-content-container mprm-title\">\n\t\t\t\t\t<b>E12 - Ailes de poulet caram\u00e9lis\u00e9es au s\u00e9same x 4<\/b>\n\t\t\t<\/div>\n\n\t\t<div class=\"mprm-content-container\">\r\n\t\t\t<div class=\"mprm-price-container\">\r\n\t\t\t\t<span class=\"mprm-price\">&euro;10.50<\/span>\r\n\t\t\t<\/div>\r\n\t\t<\/div>\r\n\t\t<\/div>\n\t\t\t\t<\/div>\n\t\t\t\t\t<div class=\"mprm-row\">\n\t\t\t\t<div class=\"mprm-remove-hentry mprm-columns mprm-three post-94 mp_menu_item type-mp_menu_item status-publish has-post-thumbnail mp_menu_category-entrees mp_ingredient-avocat mp_ingredient-cheese mp_ingredient-saumon mprm-theme-mode mp-menu-item\">\n\t\t<img loading=\"lazy\" decoding=\"async\" width=\"400\" height=\"300\" src=\"https:\/\/www.hoki-sushi-herblay.com\/wp-content\/uploads\/2017\/07\/E13_salade-udon-400x300.jpg\" class=\"mprm-image\" alt=\"\" \/>\n\t<div class=\"mprm-content-container mprm-title\">\n\t\t\t\t\t<b>E13 - Triangle roll (4 pi\u00e8ces)<\/b>\n\t\t\t<\/div>\n\n\t<div class=\"mprm-ingredients mprm-content-container\">\n\t\t\t\t\t\t\t\t<span class=\"mprm-ingredient\">Avocat<\/span>\n\t\t\t\t<span class=\"mprm-ingredients-delimiter\">\/<\/span>\n\t\t\t\t\t\t\t<span class=\"mprm-ingredient\">Cheese<\/span>\n\t\t\t\t<span class=\"mprm-ingredients-delimiter\">\/<\/span>\n\t\t\t\t\t\t\t<span class=\"mprm-ingredient\">Saumon<\/span>\n\t\t\t\t<span class=\"mprm-ingredients-delimiter\">\/<\/span>\n\t\t\t\t<\/div>\n\t\t\t<div class=\"mprm-content-container\">\r\n\t\t\t<div class=\"mprm-price-container\">\r\n\t\t\t\t<span class=\"mprm-price\">&euro;10.50<\/span>\r\n\t\t\t<\/div>\r\n\t\t<\/div>\r\n\t\t<\/div>\n\t\t\t<div class=\"mprm-remove-hentry mprm-columns mprm-three post-1870 mp_menu_item type-mp_menu_item status-publish has-post-thumbnail mp_menu_category-entrees mp_ingredient-avocat mp_ingredient-penzu mp_ingredient-sauce-sesame mp_ingredient-saumon mp_ingredient-thon mprm-theme-mode mp-menu-item\">\n\t\t<img loading=\"lazy\" decoding=\"async\" width=\"400\" height=\"300\" src=\"https:\/\/www.hoki-sushi-herblay.com\/wp-content\/uploads\/2022\/01\/avocat-tartare-400x300.jpg\" class=\"mprm-image\" alt=\"\" \/>\n\t<div class=\"mprm-content-container mprm-title\">\n\t\t\t\t\t<b>E14 - Avocat Tartare (2 pi\u00e8ces)<\/b>\n\t\t\t<\/div>\n\n\t<div class=\"mprm-ingredients mprm-content-container\">\n\t\t\t\t\t\t\t\t<span class=\"mprm-ingredient\">Avocat<\/span>\n\t\t\t\t<span class=\"mprm-ingredients-delimiter\">\/<\/span>\n\t\t\t\t\t\t\t<span class=\"mprm-ingredient\">Penzu<\/span>\n\t\t\t\t<span class=\"mprm-ingredients-delimiter\">\/<\/span>\n\t\t\t\t\t\t\t<span class=\"mprm-ingredient\">Sauce s\u00e9same<\/span>\n\t\t\t\t<span class=\"mprm-ingredients-delimiter\">\/<\/span>\n\t\t\t\t\t\t\t<span class=\"mprm-ingredient\">Saumon<\/span>\n\t\t\t\t<span class=\"mprm-ingredients-delimiter\">\/<\/span>\n\t\t\t\t\t\t\t<span class=\"mprm-ingredient\">Thon<\/span>\n\t\t\t\t<span class=\"mprm-ingredients-delimiter\">\/<\/span>\n\t\t\t\t<\/div>\n\t\t\t<div class=\"mprm-content-container\">\r\n\t\t\t<div class=\"mprm-price-container\">\r\n\t\t\t\t<span class=\"mprm-price\">&euro;12.80<\/span>\r\n\t\t\t<\/div>\r\n\t\t<\/div>\r\n\t\t<\/div>\n\t\t\t<div class=\"mprm-remove-hentry mprm-columns mprm-three post-1871 mp_menu_item type-mp_menu_item status-publish has-post-thumbnail mp_menu_category-entrees mp_ingredient-riz-vinaigre mp_ingredient-avocat mp_ingredient-huile-sesame mp_ingredient-sauce-sesame mp_ingredient-thon-cuit mprm-theme-mode mp-menu-item\">\n\t\t<img loading=\"lazy\" decoding=\"async\" width=\"400\" height=\"300\" src=\"https:\/\/www.hoki-sushi-herblay.com\/wp-content\/uploads\/2022\/01\/galette-thon-avocat-400x300.jpg\" class=\"mprm-image\" alt=\"\" \/>\n\t<div class=\"mprm-content-container mprm-title\">\n\t\t\t\t\t<b>E15 - Galette Thon cuit Avocat<\/b>\n\t\t\t<\/div>\n\n\t<div class=\"mprm-ingredients mprm-content-container\">\n\t\t\t\t\t\t\t\t<span class=\"mprm-ingredient\">.Sur riz vinaigr\u00e9<\/span>\n\t\t\t\t<span class=\"mprm-ingredients-delimiter\">\/<\/span>\n\t\t\t\t\t\t\t<span class=\"mprm-ingredient\">Avocat<\/span>\n\t\t\t\t<span class=\"mprm-ingredients-delimiter\">\/<\/span>\n\t\t\t\t\t\t\t<span class=\"mprm-ingredient\">Huile s\u00e9same<\/span>\n\t\t\t\t<span class=\"mprm-ingredients-delimiter\">\/<\/span>\n\t\t\t\t\t\t\t<span class=\"mprm-ingredient\">Sauce s\u00e9same<\/span>\n\t\t\t\t<span class=\"mprm-ingredients-delimiter\">\/<\/span>\n\t\t\t\t\t\t\t<span class=\"mprm-ingredient\">Thon cuit<\/span>\n\t\t\t\t<span class=\"mprm-ingredients-delimiter\">\/<\/span>\n\t\t\t\t<\/div>\n\t\t\t<div class=\"mprm-content-container\">\r\n\t\t\t<div class=\"mprm-price-container\">\r\n\t\t\t\t<span class=\"mprm-price\">&euro;12.80<\/span>\r\n\t\t\t<\/div>\r\n\t\t<\/div>\r\n\t\t<\/div>\n\t\t\t<div class=\"mprm-remove-hentry mprm-columns mprm-three post-2065 mp_menu_item type-mp_menu_item status-publish has-post-thumbnail mp_menu_category-entrees mprm-theme-mode mp-menu-item\">\n\t\t<img loading=\"lazy\" decoding=\"async\" width=\"400\" height=\"300\" src=\"https:\/\/www.hoki-sushi-herblay.com\/wp-content\/uploads\/2023\/12\/E16_nem-poulet-400x300.jpg\" class=\"mprm-image\" alt=\"\" srcset=\"https:\/\/www.hoki-sushi-herblay.com\/wp-content\/uploads\/2023\/12\/E16_nem-poulet.jpg 400w, https:\/\/www.hoki-sushi-herblay.com\/wp-content\/uploads\/2023\/12\/E16_nem-poulet-300x225.jpg 300w\" sizes=\"(max-width: 400px) 100vw, 400px\" \/>\n\t<div class=\"mprm-content-container mprm-title\">\n\t\t\t\t\t<b>E16 - N\u00eams poulet (4 pi\u00e8ces)<\/b>\n\t\t\t<\/div>\n\n\t\t<div class=\"mprm-content-container\">\r\n\t\t\t<div class=\"mprm-price-container\">\r\n\t\t\t\t<span class=\"mprm-price\">&euro;6.80<\/span>\r\n\t\t\t<\/div>\r\n\t\t<\/div>\r\n\t\t<\/div>\n\t\t\t\t<\/div>\n\t\t\t\t\t<div class=\"mprm-row\">\n\t\t\t\t<div class=\"mprm-remove-hentry mprm-columns mprm-three post-2069 mp_menu_item type-mp_menu_item status-publish has-post-thumbnail mp_menu_category-entrees mprm-theme-mode mp-menu-item\">\n\t\t<img loading=\"lazy\" decoding=\"async\" width=\"400\" height=\"300\" src=\"https:\/\/www.hoki-sushi-herblay.com\/wp-content\/uploads\/2023\/12\/E17_tempura-calamar-400x300.jpg\" class=\"mprm-image\" alt=\"\" srcset=\"https:\/\/www.hoki-sushi-herblay.com\/wp-content\/uploads\/2023\/12\/E17_tempura-calamar.jpg 400w, https:\/\/www.hoki-sushi-herblay.com\/wp-content\/uploads\/2023\/12\/E17_tempura-calamar-300x225.jpg 300w\" sizes=\"(max-width: 400px) 100vw, 400px\" \/>\n\t<div class=\"mprm-content-container mprm-title\">\n\t\t\t\t\t<b>E17 - Tempura calamars (6 pi\u00e8ces)<\/b>\n\t\t\t<\/div>\n\n\t\t<div class=\"mprm-content-container\">\r\n\t\t\t<div class=\"mprm-price-container\">\r\n\t\t\t\t<span class=\"mprm-price\">&euro;6.80<\/span>\r\n\t\t\t<\/div>\r\n\t\t<\/div>\r\n\t\t<\/div>\n\t\t\t<div class=\"mprm-remove-hentry mprm-columns mprm-three post-2066 mp_menu_item type-mp_menu_item status-publish has-post-thumbnail mp_menu_category-entrees mprm-theme-mode mp-menu-item\">\n\t\t<img loading=\"lazy\" decoding=\"async\" width=\"400\" height=\"300\" src=\"https:\/\/www.hoki-sushi-herblay.com\/wp-content\/uploads\/2023\/12\/E18_raviolis-frits-400x300.jpg\" class=\"mprm-image\" alt=\"\" srcset=\"https:\/\/www.hoki-sushi-herblay.com\/wp-content\/uploads\/2023\/12\/E18_raviolis-frits.jpg 400w, https:\/\/www.hoki-sushi-herblay.com\/wp-content\/uploads\/2023\/12\/E18_raviolis-frits-300x225.jpg 300w\" sizes=\"(max-width: 400px) 100vw, 400px\" \/>\n\t<div class=\"mprm-content-container mprm-title\">\n\t\t\t\t\t<b>E18 - Raviolis frits (4 pi\u00e8ces)<\/b>\n\t\t\t<\/div>\n\n\t\t<div class=\"mprm-content-container\">\r\n\t\t\t<div class=\"mprm-price-container\">\r\n\t\t\t\t<span class=\"mprm-price\">&euro;8.00<\/span>\r\n\t\t\t<\/div>\r\n\t\t<\/div>\r\n\t\t<\/div>\n\t\t\t<div class=\"mprm-remove-hentry mprm-columns mprm-three post-2067 mp_menu_item type-mp_menu_item status-publish has-post-thumbnail mp_menu_category-entrees mprm-theme-mode mp-menu-item\">\n\t\t<img loading=\"lazy\" decoding=\"async\" width=\"400\" height=\"300\" src=\"https:\/\/www.hoki-sushi-herblay.com\/wp-content\/uploads\/2023\/12\/E19-_samoussa-boeuf-400x300.jpg\" class=\"mprm-image\" alt=\"\" srcset=\"https:\/\/www.hoki-sushi-herblay.com\/wp-content\/uploads\/2023\/12\/E19-_samoussa-boeuf.jpg 400w, https:\/\/www.hoki-sushi-herblay.com\/wp-content\/uploads\/2023\/12\/E19-_samoussa-boeuf-300x225.jpg 300w\" sizes=\"(max-width: 400px) 100vw, 400px\" \/>\n\t<div class=\"mprm-content-container mprm-title\">\n\t\t\t\t\t<b>E19 - Samoussa au boeuf (4 pi\u00e8ces)<\/b>\n\t\t\t<\/div>\n\n\t\t<div class=\"mprm-content-container\">\r\n\t\t\t<div class=\"mprm-price-container\">\r\n\t\t\t\t<span class=\"mprm-price\">&euro;8.00<\/span>\r\n\t\t\t<\/div>\r\n\t\t<\/div>\r\n\t\t<\/div>\n\t\t\t<div class=\"mprm-remove-hentry mprm-columns mprm-three post-2068 mp_menu_item type-mp_menu_item status-publish has-post-thumbnail mp_menu_category-entrees mprm-theme-mode mp-menu-item\">\n\t\t<img loading=\"lazy\" decoding=\"async\" width=\"400\" height=\"300\" src=\"https:\/\/www.hoki-sushi-herblay.com\/wp-content\/uploads\/2023\/12\/E20_tofu-frit-400x300.jpg\" class=\"mprm-image\" alt=\"\" srcset=\"https:\/\/www.hoki-sushi-herblay.com\/wp-content\/uploads\/2023\/12\/E20_tofu-frit.jpg 400w, https:\/\/www.hoki-sushi-herblay.com\/wp-content\/uploads\/2023\/12\/E20_tofu-frit-300x225.jpg 300w\" sizes=\"(max-width: 400px) 100vw, 400px\" \/>\n\t<div class=\"mprm-content-container mprm-title\">\n\t\t\t\t\t<b>E20 - Tofu frits (4 pi\u00e8ces)<\/b>\n\t\t\t<\/div>\n\n\t\t<div class=\"mprm-content-container\">\r\n\t\t\t<div class=\"mprm-price-container\">\r\n\t\t\t\t<span class=\"mprm-price\">&euro;6.00<\/span>\r\n\t\t\t<\/div>\r\n\t\t<\/div>\r\n\t\t<\/div>\n\t\t\t\t<\/div>\n\t\t<\/div>\n","protected":false},"excerpt":{"rendered":"<p>retour vers les plats \u00e0 la carte &nbsp; Salades, entr\u00e9es froides\u00a0et chaudes &nbsp;<\/p>\n","protected":false},"author":1,"featured_media":0,"parent":10,"menu_order":0,"comment_status":"closed","ping_status":"closed","template":"","meta":{"footnotes":""},"_links":{"self":[{"href":"https:\/\/www.hoki-sushi-herblay.com\/index.php\/wp-json\/wp\/v2\/pages\/1117"}],"collection":[{"href":"https:\/\/www.hoki-sushi-herblay.com\/index.php\/wp-json\/wp\/v2\/pages"}],"about":[{"href":"https:\/\/www.hoki-sushi-herblay.com\/index.php\/wp-json\/wp\/v2\/types\/page"}],"author":[{"embeddable":true,"href":"https:\/\/www.hoki-sushi-herblay.com\/index.php\/wp-json\/wp\/v2\/users\/1"}],"replies":[{"embeddable":true,"href":"https:\/\/www.hoki-sushi-herblay.com\/index.php\/wp-json\/wp\/v2\/comments?post=1117"}],"version-history":[{"count":7,"href":"https:\/\/www.hoki-sushi-herblay.com\/index.php\/wp-json\/wp\/v2\/pages\/1117\/revisions"}],"predecessor-version":[{"id":2064,"href":"https:\/\/www.hoki-sushi-herblay.com\/index.php\/wp-json\/wp\/v2\/pages\/1117\/revisions\/2064"}],"up":[{"embeddable":true,"href":"https:\/\/www.hoki-sushi-herblay.com\/index.php\/wp-json\/wp\/v2\/pages\/10"}],"wp:attachment":[{"href":"https:\/\/www.hoki-sushi-herblay.com\/index.php\/wp-json\/wp\/v2\/media?parent=1117"}],"curies":[{"name":"wp","href":"https:\/\/api.w.org\/{rel}","templated":true}]}}