{"id":1113,"date":"2017-07-24T02:40:14","date_gmt":"2017-07-24T00:40:14","guid":{"rendered":"http:\/\/www.hoki-sushi-herblay.com\/?page_id=1113"},"modified":"2022-01-07T21:07:32","modified_gmt":"2022-01-07T20:07:32","slug":"california-maki","status":"publish","type":"page","link":"https:\/\/www.hoki-sushi-herblay.com\/index.php\/carte\/california-maki\/","title":{"rendered":"CALIFORNIA MAKI"},"content":{"rendered":"<h6><i class=\"wp-svg-home home\"><\/i> <a href=\"http:\/\/www.hoki-sushi-herblay.com\/index.php\/carte\/\">retour vers les plats \u00e0 la carte<\/a><\/h6>\n<p>&nbsp;<\/p>\n<p>Servis par 6 pi\u00e8ces sauf les California futomaki (CM11 &#8211; 4 pi\u00e8ces)<\/p>\n<p>&nbsp;<\/p>\n<div class=\"mprm-container mprm-shortcode-items mprm-view-grid\">\n\t\t\t\t<div class=\"mprm-row\">\n\t\t\t\t<div class=\"mprm-remove-hentry mprm-columns mprm-three post-313 mp_menu_item type-mp_menu_item status-publish has-post-thumbnail mp_menu_category-california mprm-theme-mode mp-menu-item\">\n\t\t<img loading=\"lazy\" decoding=\"async\" width=\"400\" height=\"300\" src=\"https:\/\/www.hoki-sushi-herblay.com\/wp-content\/uploads\/2017\/07\/CM0_california-avocat-radis-400x300.jpg\" class=\"mprm-image\" alt=\"\" \/>\n\t<div class=\"mprm-content-container mprm-title\">\n\t\t\t\t\t<b>CM0 - Califormia avocat radis<\/b>\n\t\t\t<\/div>\n\n\t\t<div class=\"mprm-content-container\">\r\n\t\t\t<div class=\"mprm-price-container\">\r\n\t\t\t\t<span class=\"mprm-price\">&euro;5.50<\/span>\r\n\t\t\t<\/div>\r\n\t\t<\/div>\r\n\t\t<\/div>\n\t\t\t<div class=\"mprm-remove-hentry mprm-columns mprm-three post-279 mp_menu_item type-mp_menu_item status-publish has-post-thumbnail mp_menu_category-california mprm-theme-mode mp-menu-item\">\n\t\t<img loading=\"lazy\" decoding=\"async\" width=\"400\" height=\"300\" src=\"https:\/\/www.hoki-sushi-herblay.com\/wp-content\/uploads\/2017\/07\/CM1_california-saumon-avocat-saumon-400x300.jpg\" class=\"mprm-image\" alt=\"\" \/>\n\t<div class=\"mprm-content-container mprm-title\">\n\t\t\t\t\t<b>CM1 - California saumon avocat saumon<\/b>\n\t\t\t<\/div>\n\n\t\t<div class=\"mprm-content-container\">\r\n\t\t\t<div class=\"mprm-price-container\">\r\n\t\t\t\t<span class=\"mprm-price\">&euro;7.50<\/span>\r\n\t\t\t<\/div>\r\n\t\t<\/div>\r\n\t\t<\/div>\n\t\t\t<div class=\"mprm-remove-hentry mprm-columns mprm-three post-300 mp_menu_item type-mp_menu_item status-publish has-post-thumbnail mp_menu_category-california mprm-theme-mode mp-menu-item\">\n\t\t<img loading=\"lazy\" decoding=\"async\" width=\"400\" height=\"300\" src=\"https:\/\/www.hoki-sushi-herblay.com\/wp-content\/uploads\/2017\/07\/CM2_california-avocat-surimi-400x300.jpg\" class=\"mprm-image\" alt=\"\" \/>\n\t<div class=\"mprm-content-container mprm-title\">\n\t\t\t\t\t<b>CM2 - California avocat surimi<\/b>\n\t\t\t<\/div>\n\n\t\t<div class=\"mprm-content-container\">\r\n\t\t\t<div class=\"mprm-price-container\">\r\n\t\t\t\t<span class=\"mprm-price\">&euro;6.20<\/span>\r\n\t\t\t<\/div>\r\n\t\t<\/div>\r\n\t\t<\/div>\n\t\t\t<div class=\"mprm-remove-hentry mprm-columns mprm-three post-301 mp_menu_item type-mp_menu_item status-publish has-post-thumbnail mp_menu_category-california mprm-theme-mode mp-menu-item\">\n\t\t<img loading=\"lazy\" decoding=\"async\" width=\"400\" height=\"300\" src=\"https:\/\/www.hoki-sushi-herblay.com\/wp-content\/uploads\/2017\/07\/CM3_california-avocat-saumon-400x300.jpg\" class=\"mprm-image\" alt=\"\" \/>\n\t<div class=\"mprm-content-container mprm-title\">\n\t\t\t\t\t<b>CM3 -California avocat saumon<\/b>\n\t\t\t<\/div>\n\n\t\t<div class=\"mprm-content-container\">\r\n\t\t\t<div class=\"mprm-price-container\">\r\n\t\t\t\t<span class=\"mprm-price\">&euro;6.80<\/span>\r\n\t\t\t<\/div>\r\n\t\t<\/div>\r\n\t\t<\/div>\n\t\t\t\t<\/div>\n\t\t\t\t\t<div class=\"mprm-row\">\n\t\t\t\t<div class=\"mprm-remove-hentry mprm-columns mprm-three post-302 mp_menu_item type-mp_menu_item status-publish has-post-thumbnail mp_menu_category-california mprm-theme-mode mp-menu-item\">\n\t\t<img loading=\"lazy\" decoding=\"async\" width=\"400\" height=\"300\" src=\"https:\/\/www.hoki-sushi-herblay.com\/wp-content\/uploads\/2017\/07\/CM4_california-tempura-crevette-avocat-400x300.jpg\" class=\"mprm-image\" alt=\"\" \/>\n\t<div class=\"mprm-content-container mprm-title\">\n\t\t\t\t\t<b>CM4 - California tempura crevette avocat<\/b>\n\t\t\t<\/div>\n\n\t\t<div class=\"mprm-content-container\">\r\n\t\t\t<div class=\"mprm-price-container\">\r\n\t\t\t\t<span class=\"mprm-price\">&euro;7.50<\/span>\r\n\t\t\t<\/div>\r\n\t\t<\/div>\r\n\t\t<\/div>\n\t\t\t<div class=\"mprm-remove-hentry mprm-columns mprm-three post-304 mp_menu_item type-mp_menu_item status-publish has-post-thumbnail mp_menu_category-california mprm-theme-mode mp-menu-item\">\n\t\t<img loading=\"lazy\" decoding=\"async\" width=\"400\" height=\"300\" src=\"https:\/\/www.hoki-sushi-herblay.com\/wp-content\/uploads\/2017\/07\/CM5_california-avocat-crevette-400x300.jpg\" class=\"mprm-image\" alt=\"\" \/>\n\t<div class=\"mprm-content-container mprm-title\">\n\t\t\t\t\t<b>CM5 - California avocat crevette<\/b>\n\t\t\t<\/div>\n\n\t\t<div class=\"mprm-content-container\">\r\n\t\t\t<div class=\"mprm-price-container\">\r\n\t\t\t\t<span class=\"mprm-price\">&euro;6.80<\/span>\r\n\t\t\t<\/div>\r\n\t\t<\/div>\r\n\t\t<\/div>\n\t\t\t<div class=\"mprm-remove-hentry mprm-columns mprm-three post-305 mp_menu_item type-mp_menu_item status-publish has-post-thumbnail mp_menu_category-california mprm-theme-mode mp-menu-item\">\n\t\t<img loading=\"lazy\" decoding=\"async\" width=\"400\" height=\"300\" src=\"https:\/\/www.hoki-sushi-herblay.com\/wp-content\/uploads\/2017\/07\/CM6_california-avocat-tartare-thon-cuit-400x300.jpg\" class=\"mprm-image\" alt=\"\" \/>\n\t<div class=\"mprm-content-container mprm-title\">\n\t\t\t\t\t<b>CM6 - California avocat tartare thon cuit<\/b>\n\t\t\t<\/div>\n\n\t\t<div class=\"mprm-content-container\">\r\n\t\t\t<div class=\"mprm-price-container\">\r\n\t\t\t\t<span class=\"mprm-price\">&euro;6.80<\/span>\r\n\t\t\t<\/div>\r\n\t\t<\/div>\r\n\t\t<\/div>\n\t\t\t<div class=\"mprm-remove-hentry mprm-columns mprm-three post-306 mp_menu_item type-mp_menu_item status-publish has-post-thumbnail mp_menu_category-california mprm-theme-mode mp-menu-item\">\n\t\t<img loading=\"lazy\" decoding=\"async\" width=\"400\" height=\"300\" src=\"https:\/\/www.hoki-sushi-herblay.com\/wp-content\/uploads\/2017\/07\/CM7_california-avocat-thon-400x300.jpg\" class=\"mprm-image\" alt=\"\" \/>\n\t<div class=\"mprm-content-container mprm-title\">\n\t\t\t\t\t<b>CM7 - California avocat thon<\/b>\n\t\t\t<\/div>\n\n\t\t<div class=\"mprm-content-container\">\r\n\t\t\t<div class=\"mprm-price-container\">\r\n\t\t\t\t<span class=\"mprm-price\">&euro;7.20<\/span>\r\n\t\t\t<\/div>\r\n\t\t<\/div>\r\n\t\t<\/div>\n\t\t\t\t<\/div>\n\t\t\t\t\t<div class=\"mprm-row\">\n\t\t\t\t<div class=\"mprm-remove-hentry mprm-columns mprm-three post-308 mp_menu_item type-mp_menu_item status-publish has-post-thumbnail mp_menu_category-california mprm-theme-mode mp-menu-item\">\n\t\t<img loading=\"lazy\" decoding=\"async\" width=\"400\" height=\"300\" src=\"https:\/\/www.hoki-sushi-herblay.com\/wp-content\/uploads\/2017\/07\/CM9_california-spicy-avocat-saumon-400x300.jpg\" class=\"mprm-image\" alt=\"\" \/>\n\t<div class=\"mprm-content-container mprm-title\">\n\t\t\t\t\t<b>CM9 - California avocat saumon spicy<\/b>\n\t\t\t<\/div>\n\n\t\t<div class=\"mprm-content-container\">\r\n\t\t\t<div class=\"mprm-price-container\">\r\n\t\t\t\t<span class=\"mprm-price\">&euro;7.20<\/span>\r\n\t\t\t<\/div>\r\n\t\t<\/div>\r\n\t\t<\/div>\n\t\t\t<div class=\"mprm-remove-hentry mprm-columns mprm-three post-310 mp_menu_item type-mp_menu_item status-publish has-post-thumbnail mp_menu_category-california mprm-theme-mode mp-menu-item\">\n\t\t<img loading=\"lazy\" decoding=\"async\" width=\"400\" height=\"300\" src=\"https:\/\/www.hoki-sushi-herblay.com\/wp-content\/uploads\/2017\/07\/CM11_california-futomaki-400x300.jpg\" class=\"mprm-image\" alt=\"\" \/>\n\t<div class=\"mprm-content-container mprm-title\">\n\t\t\t\t\t<b>CM11 - California Futomaki (4 pi\u00e8ces)<\/b>\n\t\t\t<\/div>\n\n\t\t<div class=\"mprm-content-container\">\r\n\t\t\t<div class=\"mprm-price-container\">\r\n\t\t\t\t<span class=\"mprm-price\">&euro;9.00<\/span>\r\n\t\t\t<\/div>\r\n\t\t<\/div>\r\n\t\t<\/div>\n\t\t\t<div class=\"mprm-remove-hentry mprm-columns mprm-three post-312 mp_menu_item type-mp_menu_item status-publish has-post-thumbnail mp_menu_category-california mprm-theme-mode mp-menu-item\">\n\t\t<img loading=\"lazy\" decoding=\"async\" width=\"400\" height=\"300\" src=\"https:\/\/www.hoki-sushi-herblay.com\/wp-content\/uploads\/2017\/07\/CM12_california-concombre-400x300.jpg\" class=\"mprm-image\" alt=\"\" \/>\n\t<div class=\"mprm-content-container mprm-title\">\n\t\t\t\t\t<b>CM12 - California concombre<\/b>\n\t\t\t<\/div>\n\n\t\t<div class=\"mprm-content-container\">\r\n\t\t\t<div class=\"mprm-price-container\">\r\n\t\t\t\t<span class=\"mprm-price\">&euro;5.80<\/span>\r\n\t\t\t<\/div>\r\n\t\t<\/div>\r\n\t\t<\/div>\n\t\t\t<div class=\"mprm-remove-hentry mprm-columns mprm-three post-314 mp_menu_item type-mp_menu_item status-publish has-post-thumbnail mp_menu_category-california mprm-theme-mode mp-menu-item\">\n\t\t<img loading=\"lazy\" decoding=\"async\" width=\"400\" height=\"300\" src=\"https:\/\/www.hoki-sushi-herblay.com\/wp-content\/uploads\/2017\/07\/CM13_california-avocat-foie-gras-400x300.jpg\" class=\"mprm-image\" alt=\"\" \/>\n\t<div class=\"mprm-content-container mprm-title\">\n\t\t\t\t\t<b>CM13 - California avocat foie gras<\/b>\n\t\t\t<\/div>\n\n\t\t<div class=\"mprm-content-container\">\r\n\t\t\t<div class=\"mprm-price-container\">\r\n\t\t\t\t<span class=\"mprm-price\">&euro;7.80<\/span>\r\n\t\t\t<\/div>\r\n\t\t<\/div>\r\n\t\t<\/div>\n\t\t\t\t<\/div>\n\t\t\t\t\t<div class=\"mprm-row\">\n\t\t\t\t<div class=\"mprm-remove-hentry mprm-columns mprm-three post-319 mp_menu_item type-mp_menu_item status-publish has-post-thumbnail mp_menu_category-california mprm-theme-mode mp-menu-item\">\n\t\t<img loading=\"lazy\" decoding=\"async\" width=\"400\" height=\"300\" src=\"https:\/\/www.hoki-sushi-herblay.com\/wp-content\/uploads\/2017\/07\/CM14_california-tempura-poulet-avocat-400x300.jpg\" class=\"mprm-image\" alt=\"\" \/>\n\t<div class=\"mprm-content-container mprm-title\">\n\t\t\t\t\t<b>CM14 - California tempura poulet<\/b>\n\t\t\t<\/div>\n\n\t\t<div class=\"mprm-content-container\">\r\n\t\t\t<div class=\"mprm-price-container\">\r\n\t\t\t\t<span class=\"mprm-price\">&euro;6.80<\/span>\r\n\t\t\t<\/div>\r\n\t\t<\/div>\r\n\t\t<\/div>\n\t\t\t<div class=\"mprm-remove-hentry mprm-columns mprm-three post-316 mp_menu_item type-mp_menu_item status-publish has-post-thumbnail mp_menu_category-california mprm-theme-mode mp-menu-item\">\n\t\t<img loading=\"lazy\" decoding=\"async\" width=\"400\" height=\"300\" src=\"https:\/\/www.hoki-sushi-herblay.com\/wp-content\/uploads\/2017\/07\/CM15_california-spicy-saumon-400x300.jpg\" class=\"mprm-image\" alt=\"\" \/>\n\t<div class=\"mprm-content-container mprm-title\">\n\t\t\t\t\t<b>CM15 - California spicy saumon<\/b>\n\t\t\t<\/div>\n\n\t\t<div class=\"mprm-content-container\">\r\n\t\t\t<div class=\"mprm-price-container\">\r\n\t\t\t\t<span class=\"mprm-price\">&euro;7.50<\/span>\r\n\t\t\t<\/div>\r\n\t\t<\/div>\r\n\t\t<\/div>\n\t\t\t<div class=\"mprm-remove-hentry mprm-columns mprm-three post-320 mp_menu_item type-mp_menu_item status-publish has-post-thumbnail mp_menu_category-california mprm-theme-mode mp-menu-item\">\n\t\t<img loading=\"lazy\" decoding=\"async\" width=\"400\" height=\"300\" src=\"https:\/\/www.hoki-sushi-herblay.com\/wp-content\/uploads\/2017\/07\/CM17_california-spicy-thon-tobiko-400x300.jpg\" class=\"mprm-image\" alt=\"\" \/>\n\t<div class=\"mprm-content-container mprm-title\">\n\t\t\t\t\t<b>CM17 - California spicy thon tobiko<\/b>\n\t\t\t<\/div>\n\n\t\t<div class=\"mprm-content-container\">\r\n\t\t\t<div class=\"mprm-price-container\">\r\n\t\t\t\t<span class=\"mprm-price\">&euro;8.80<\/span>\r\n\t\t\t<\/div>\r\n\t\t<\/div>\r\n\t\t<\/div>\n\t\t\t<div class=\"mprm-remove-hentry mprm-columns mprm-three post-321 mp_menu_item type-mp_menu_item status-publish has-post-thumbnail mp_menu_category-california mprm-theme-mode mp-menu-item\">\n\t\t<img loading=\"lazy\" decoding=\"async\" width=\"400\" height=\"300\" src=\"https:\/\/www.hoki-sushi-herblay.com\/wp-content\/uploads\/2017\/07\/CM18_california-spicy-saumon-tobiko-400x300.jpg\" class=\"mprm-image\" alt=\"\" \/>\n\t<div class=\"mprm-content-container mprm-title\">\n\t\t\t\t\t<b>CM18 - California spicy saumon tobiko<\/b>\n\t\t\t<\/div>\n\n\t\t<div class=\"mprm-content-container\">\r\n\t\t\t<div class=\"mprm-price-container\">\r\n\t\t\t\t<span class=\"mprm-price\">&euro;8.80<\/span>\r\n\t\t\t<\/div>\r\n\t\t<\/div>\r\n\t\t<\/div>\n\t\t\t\t<\/div>\n\t\t<\/div>\n","protected":false},"excerpt":{"rendered":"<p>retour vers les plats \u00e0 la carte &nbsp; Servis par 6 pi\u00e8ces sauf les California futomaki (CM11 &#8211; 4 pi\u00e8ces) &nbsp;<\/p>\n","protected":false},"author":1,"featured_media":0,"parent":10,"menu_order":0,"comment_status":"closed","ping_status":"closed","template":"","meta":{"footnotes":""},"_links":{"self":[{"href":"https:\/\/www.hoki-sushi-herblay.com\/index.php\/wp-json\/wp\/v2\/pages\/1113"}],"collection":[{"href":"https:\/\/www.hoki-sushi-herblay.com\/index.php\/wp-json\/wp\/v2\/pages"}],"about":[{"href":"https:\/\/www.hoki-sushi-herblay.com\/index.php\/wp-json\/wp\/v2\/types\/page"}],"author":[{"embeddable":true,"href":"https:\/\/www.hoki-sushi-herblay.com\/index.php\/wp-json\/wp\/v2\/users\/1"}],"replies":[{"embeddable":true,"href":"https:\/\/www.hoki-sushi-herblay.com\/index.php\/wp-json\/wp\/v2\/comments?post=1113"}],"version-history":[{"count":7,"href":"https:\/\/www.hoki-sushi-herblay.com\/index.php\/wp-json\/wp\/v2\/pages\/1113\/revisions"}],"predecessor-version":[{"id":1893,"href":"https:\/\/www.hoki-sushi-herblay.com\/index.php\/wp-json\/wp\/v2\/pages\/1113\/revisions\/1893"}],"up":[{"embeddable":true,"href":"https:\/\/www.hoki-sushi-herblay.com\/index.php\/wp-json\/wp\/v2\/pages\/10"}],"wp:attachment":[{"href":"https:\/\/www.hoki-sushi-herblay.com\/index.php\/wp-json\/wp\/v2\/media?parent=1113"}],"curies":[{"name":"wp","href":"https:\/\/api.w.org\/{rel}","templated":true}]}}